{"id":319,"date":"2024-07-20T10:36:39","date_gmt":"2024-07-20T07:36:39","guid":{"rendered":"http:\/\/lls-center.test\/?page_id=319"},"modified":"2024-07-22T17:59:50","modified_gmt":"2024-07-22T14:59:50","slug":"blog","status":"publish","type":"page","link":"https:\/\/llscenter.com\/ro\/blog\/","title":{"rendered":"Blog"},"content":{"rendered":"<div data-elementor-type=\"wp-page\" data-elementor-id=\"319\" class=\"elementor elementor-319\" data-elementor-post-type=\"page\">\n\t\t\t\t<div class=\"elementor-element elementor-element-f480c8e e-flex e-con-boxed e-con e-parent\" data-id=\"f480c8e\" data-element_type=\"container\" data-settings=\"{&quot;background_background&quot;:&quot;classic&quot;}\">\n\t\t\t\t\t<div class=\"e-con-inner\">\n\t\t<div class=\"elementor-element elementor-element-a66c642 e-con-full e-flex e-con e-child\" data-id=\"a66c642\" data-element_type=\"container\">\n\t\t\t\t<div class=\"elementor-element elementor-element-6bb83a0 elementor-widget elementor-widget-heading\" data-id=\"6bb83a0\" data-element_type=\"widget\" data-widget_type=\"heading.default\">\n\t\t\t\t<div class=\"elementor-widget-container\">\n\t\t\t<h2 class=\"elementor-heading-title elementor-size-default\">Blog<\/h2>\t\t<\/div>\n\t\t\t\t<\/div>\n\t\t\t\t<div class=\"elementor-element elementor-element-ebe00b5 elementor-align-center elementor-widget elementor-widget-breadcrumbs\" data-id=\"ebe00b5\" data-element_type=\"widget\" data-widget_type=\"breadcrumbs.default\">\n\t\t\t\t<div class=\"elementor-widget-container\">\n\t\t\t<p id=\"breadcrumbs\"><span><span><a href=\"https:\/\/llscenter.com\/ro\/\">Anasayfa<\/a><\/span><\/span><\/p>\t\t<\/div>\n\t\t\t\t<\/div>\n\t\t\t\t<\/div>\n\t\t\t\t\t<\/div>\n\t\t\t\t<\/div>\n\t\t<div class=\"elementor-element elementor-element-9fbe151 e-flex e-con-boxed e-con e-parent\" data-id=\"9fbe151\" data-element_type=\"container\">\n\t\t\t\t\t<div class=\"e-con-inner\">\n\t\t<div class=\"elementor-element elementor-element-bd00bbb e-con-full e-flex e-con e-child\" data-id=\"bd00bbb\" data-element_type=\"container\">\n\t\t\t\t<div class=\"elementor-element elementor-element-79cb0f7 elementor-posts--align-left elementor-grid-3 elementor-grid-tablet-2 elementor-grid-mobile-1 elementor-posts--thumbnail-top elementor-card-shadow-yes elementor-posts__hover-gradient elementor-widget elementor-widget-posts\" data-id=\"79cb0f7\" data-element_type=\"widget\" data-settings=\"{&quot;cards_masonry&quot;:&quot;yes&quot;,&quot;cards_columns&quot;:&quot;3&quot;,&quot;cards_columns_tablet&quot;:&quot;2&quot;,&quot;cards_columns_mobile&quot;:&quot;1&quot;,&quot;cards_row_gap&quot;:{&quot;unit&quot;:&quot;px&quot;,&quot;size&quot;:35,&quot;sizes&quot;:[]},&quot;cards_row_gap_tablet&quot;:{&quot;unit&quot;:&quot;px&quot;,&quot;size&quot;:&quot;&quot;,&quot;sizes&quot;:[]},&quot;cards_row_gap_mobile&quot;:{&quot;unit&quot;:&quot;px&quot;,&quot;size&quot;:&quot;&quot;,&quot;sizes&quot;:[]}}\" data-widget_type=\"posts.cards\">\n\t\t\t\t<div class=\"elementor-widget-container\">\n\t\t\t\t\t<div class=\"elementor-posts-container elementor-posts elementor-posts--skin-cards elementor-grid\">\n\t\t\t\t<article class=\"elementor-post elementor-grid-item post-858 post type-post status-publish format-standard has-post-thumbnail hentry category-genel\">\n\t\t\t<div class=\"elementor-post__card\">\n\t\t\t\t<a class=\"elementor-post__thumbnail__link\" href=\"https:\/\/llscenter.com\/ro\/creste-inaltimea-dupa-varsta-18-pana-la-ce-varsta-creste-inaltimea\/\" tabindex=\"-1\" ><div class=\"elementor-post__thumbnail\"><img fetchpriority=\"high\" decoding=\"async\" width=\"1000\" height=\"500\" src=\"https:\/\/llscenter.com\/wp-content\/uploads\/2024\/10\/does-height-increase-after-age-18until-what-age-does-height-grow-00.jpg\" class=\"attachment-full size-full wp-image-860\" alt=\"\" srcset=\"https:\/\/llscenter.com\/wp-content\/uploads\/2024\/10\/does-height-increase-after-age-18until-what-age-does-height-grow-00.jpg 1000w, https:\/\/llscenter.com\/wp-content\/uploads\/2024\/10\/does-height-increase-after-age-18until-what-age-does-height-grow-00-300x150.jpg 300w, https:\/\/llscenter.com\/wp-content\/uploads\/2024\/10\/does-height-increase-after-age-18until-what-age-does-height-grow-00-768x384.jpg 768w, https:\/\/llscenter.com\/wp-content\/uploads\/2024\/10\/does-height-increase-after-age-18until-what-age-does-height-grow-00-18x9.jpg 18w\" sizes=\"(max-width: 1000px) 100vw, 1000px\" \/><\/div><\/a>\n\t\t\t\t<div class=\"elementor-post__text\">\n\t\t\t\t<h3 class=\"elementor-post__title\">\n\t\t\t<a href=\"https:\/\/llscenter.com\/ro\/creste-inaltimea-dupa-varsta-18-pana-la-ce-varsta-creste-inaltimea\/\" >\n\t\t\t\tCre\u0219te \u00een\u0103l\u021bimea dup\u0103 v\u00e2rsta de 18 ani? \u2013 P\u00e2n\u0103 la ce v\u00e2rst\u0103 cre\u0219te \u00een\u0103l\u021bimea?\t\t\t<\/a>\n\t\t<\/h3>\n\t\t\t\t<div class=\"elementor-post__excerpt\">\n\t\t\t<p>Descoperi\u021bi opera\u021bia de prelungire a membrelor, inclusiv tehnici, procesul de recuperare \u0219i costuri. Afla\u021bi cum aceast\u0103 interven\u021bie chirurgical\u0103 poate \u00eembun\u0103t\u0103\u021bi calitatea vie\u021bii.<\/p>\n\t\t<\/div>\n\t\t\n\t\t<a class=\"elementor-post__read-more\" href=\"https:\/\/llscenter.com\/ro\/creste-inaltimea-dupa-varsta-18-pana-la-ce-varsta-creste-inaltimea\/\" aria-label=\"Read more about Does Height Increase After Age 18? &#8211; Until What Age Does Height Grow?\" tabindex=\"-1\" >\n\t\t\tCite\u0219te mai mult &gt;\t\t<\/a>\n\n\t\t\t\t<\/div>\n\t\t\t\t\t<\/div>\n\t\t<\/article>\n\t\t\t\t<article class=\"elementor-post elementor-grid-item post-849 post type-post status-publish format-standard has-post-thumbnail hentry category-genel\">\n\t\t\t<div class=\"elementor-post__card\">\n\t\t\t\t<a class=\"elementor-post__thumbnail__link\" href=\"https:\/\/llscenter.com\/ro\/este-inaltime-extensie-operatie-riscoasa-sau-sigura\/\" tabindex=\"-1\" ><div class=\"elementor-post__thumbnail\"><img decoding=\"async\" width=\"1000\" height=\"500\" src=\"https:\/\/llscenter.com\/wp-content\/uploads\/2024\/10\/is-height-extension-surgery-risky-or-safe-00.jpg\" class=\"attachment-full size-full wp-image-851\" alt=\"\" srcset=\"https:\/\/llscenter.com\/wp-content\/uploads\/2024\/10\/is-height-extension-surgery-risky-or-safe-00.jpg 1000w, https:\/\/llscenter.com\/wp-content\/uploads\/2024\/10\/is-height-extension-surgery-risky-or-safe-00-300x150.jpg 300w, https:\/\/llscenter.com\/wp-content\/uploads\/2024\/10\/is-height-extension-surgery-risky-or-safe-00-768x384.jpg 768w, https:\/\/llscenter.com\/wp-content\/uploads\/2024\/10\/is-height-extension-surgery-risky-or-safe-00-18x9.jpg 18w\" sizes=\"(max-width: 1000px) 100vw, 1000px\" \/><\/div><\/a>\n\t\t\t\t<div class=\"elementor-post__text\">\n\t\t\t\t<h3 class=\"elementor-post__title\">\n\t\t\t<a href=\"https:\/\/llscenter.com\/ro\/este-inaltime-extensie-operatie-riscoasa-sau-sigura\/\" >\n\t\t\t\tEste opera\u021bia de extindere a \u00een\u0103l\u021bimii: riscant\u0103 sau sigur\u0103?\t\t\t<\/a>\n\t\t<\/h3>\n\t\t\t\t<div class=\"elementor-post__excerpt\">\n\t\t\t<p>Descoperi\u021bi opera\u021bia de prelungire a membrelor, inclusiv tehnici, procesul de recuperare \u0219i costuri. Afla\u021bi cum aceast\u0103 interven\u021bie chirurgical\u0103 poate \u00eembun\u0103t\u0103\u021bi calitatea vie\u021bii.<\/p>\n\t\t<\/div>\n\t\t\n\t\t<a class=\"elementor-post__read-more\" href=\"https:\/\/llscenter.com\/ro\/este-inaltime-extensie-operatie-riscoasa-sau-sigura\/\" aria-label=\"Read more about Is Height Extension Surgery: Risky or Safe?\" tabindex=\"-1\" >\n\t\t\tCite\u0219te mai mult &gt;\t\t<\/a>\n\n\t\t\t\t<\/div>\n\t\t\t\t\t<\/div>\n\t\t<\/article>\n\t\t\t\t<article class=\"elementor-post elementor-grid-item post-843 post type-post status-publish format-standard has-post-thumbnail hentry category-genel\">\n\t\t\t<div class=\"elementor-post__card\">\n\t\t\t\t<a class=\"elementor-post__thumbnail__link\" href=\"https:\/\/llscenter.com\/ro\/operatia-de-extensie-inaltime-cum-iti-poate-creste-inaltimea-permanent\/\" tabindex=\"-1\" ><div class=\"elementor-post__thumbnail\"><img decoding=\"async\" width=\"1000\" height=\"500\" src=\"https:\/\/llscenter.com\/wp-content\/uploads\/2024\/10\/height-extension-surgery-how-it-can-increase-your-height-permanently-00.jpg\" class=\"attachment-full size-full wp-image-845\" alt=\"\" srcset=\"https:\/\/llscenter.com\/wp-content\/uploads\/2024\/10\/height-extension-surgery-how-it-can-increase-your-height-permanently-00.jpg 1000w, https:\/\/llscenter.com\/wp-content\/uploads\/2024\/10\/height-extension-surgery-how-it-can-increase-your-height-permanently-00-300x150.jpg 300w, https:\/\/llscenter.com\/wp-content\/uploads\/2024\/10\/height-extension-surgery-how-it-can-increase-your-height-permanently-00-768x384.jpg 768w, https:\/\/llscenter.com\/wp-content\/uploads\/2024\/10\/height-extension-surgery-how-it-can-increase-your-height-permanently-00-18x9.jpg 18w\" sizes=\"(max-width: 1000px) 100vw, 1000px\" \/><\/div><\/a>\n\t\t\t\t<div class=\"elementor-post__text\">\n\t\t\t\t<h3 class=\"elementor-post__title\">\n\t\t\t<a href=\"https:\/\/llscenter.com\/ro\/operatia-de-extensie-inaltime-cum-iti-poate-creste-inaltimea-permanent\/\" >\n\t\t\t\tChirurgie de extindere a \u00een\u0103l\u021bimii: cum v\u0103 poate cre\u0219te permanent \u00een\u0103l\u021bimea\t\t\t<\/a>\n\t\t<\/h3>\n\t\t\t\t<div class=\"elementor-post__excerpt\">\n\t\t\t<p>Descoperi\u021bi opera\u021bia de prelungire a membrelor, inclusiv tehnici, procesul de recuperare \u0219i costuri. Afla\u021bi cum aceast\u0103 interven\u021bie chirurgical\u0103 poate \u00eembun\u0103t\u0103\u021bi calitatea vie\u021bii.<\/p>\n\t\t<\/div>\n\t\t\n\t\t<a class=\"elementor-post__read-more\" href=\"https:\/\/llscenter.com\/ro\/operatia-de-extensie-inaltime-cum-iti-poate-creste-inaltimea-permanent\/\" aria-label=\"Read more about Height Extension Surgery: How It Can Increase Your Height Permanently\" tabindex=\"-1\" >\n\t\t\tCite\u0219te mai mult &gt;\t\t<\/a>\n\n\t\t\t\t<\/div>\n\t\t\t\t\t<\/div>\n\t\t<\/article>\n\t\t\t\t<article class=\"elementor-post elementor-grid-item post-837 post type-post status-publish format-standard has-post-thumbnail hentry category-genel\">\n\t\t\t<div class=\"elementor-post__card\">\n\t\t\t\t<a class=\"elementor-post__thumbnail__link\" href=\"https:\/\/llscenter.com\/ro\/recuperare-dupa-operatia-de-alungire-membre-cat-va-dura-pentru-se-imbunatati\/\" tabindex=\"-1\" ><div class=\"elementor-post__thumbnail\"><img loading=\"lazy\" decoding=\"async\" width=\"1000\" height=\"500\" src=\"https:\/\/llscenter.com\/wp-content\/uploads\/2024\/10\/recovery-after-limb-lengthening-surgery-how-long-will-it-take-to-get-better-00.jpg\" class=\"attachment-full size-full wp-image-839\" alt=\"\" srcset=\"https:\/\/llscenter.com\/wp-content\/uploads\/2024\/10\/recovery-after-limb-lengthening-surgery-how-long-will-it-take-to-get-better-00.jpg 1000w, https:\/\/llscenter.com\/wp-content\/uploads\/2024\/10\/recovery-after-limb-lengthening-surgery-how-long-will-it-take-to-get-better-00-300x150.jpg 300w, https:\/\/llscenter.com\/wp-content\/uploads\/2024\/10\/recovery-after-limb-lengthening-surgery-how-long-will-it-take-to-get-better-00-768x384.jpg 768w, https:\/\/llscenter.com\/wp-content\/uploads\/2024\/10\/recovery-after-limb-lengthening-surgery-how-long-will-it-take-to-get-better-00-18x9.jpg 18w\" sizes=\"(max-width: 1000px) 100vw, 1000px\" \/><\/div><\/a>\n\t\t\t\t<div class=\"elementor-post__text\">\n\t\t\t\t<h3 class=\"elementor-post__title\">\n\t\t\t<a href=\"https:\/\/llscenter.com\/ro\/recuperare-dupa-operatia-de-alungire-membre-cat-va-dura-pentru-se-imbunatati\/\" >\n\t\t\t\tRecuperarea dup\u0103 opera\u021bia de alungire a membrelor C\u00e2t timp va dura pentru a se \u00eembun\u0103t\u0103\u021bi?\t\t\t<\/a>\n\t\t<\/h3>\n\t\t\t\t<div class=\"elementor-post__excerpt\">\n\t\t\t<p>Descoperi\u021bi opera\u021bia de prelungire a membrelor, inclusiv tehnici, procesul de recuperare \u0219i costuri. Afla\u021bi cum aceast\u0103 interven\u021bie chirurgical\u0103 poate \u00eembun\u0103t\u0103\u021bi calitatea vie\u021bii.<\/p>\n\t\t<\/div>\n\t\t\n\t\t<a class=\"elementor-post__read-more\" href=\"https:\/\/llscenter.com\/ro\/recuperare-dupa-operatia-de-alungire-membre-cat-va-dura-pentru-se-imbunatati\/\" aria-label=\"Read more about Recovery After Limb Lengthening Surgery How Long Will It Take to Get Better?\" tabindex=\"-1\" >\n\t\t\tCite\u0219te mai mult &gt;\t\t<\/a>\n\n\t\t\t\t<\/div>\n\t\t\t\t\t<\/div>\n\t\t<\/article>\n\t\t\t\t<article class=\"elementor-post elementor-grid-item post-828 post type-post status-publish format-standard has-post-thumbnail hentry category-genel\">\n\t\t\t<div class=\"elementor-post__card\">\n\t\t\t\t<a class=\"elementor-post__thumbnail__link\" href=\"https:\/\/llscenter.com\/ro\/avantajele-de-a-ti-o-operare-la-centrul-lls-procesul-post-operator\/\" tabindex=\"-1\" ><div class=\"elementor-post__thumbnail\"><img loading=\"lazy\" decoding=\"async\" width=\"1000\" height=\"500\" src=\"https:\/\/llscenter.com\/wp-content\/uploads\/2024\/10\/advantages-of-having-surgery-at-lls-center-post-operative-process-00.jpg\" class=\"attachment-full size-full wp-image-830\" alt=\"\" srcset=\"https:\/\/llscenter.com\/wp-content\/uploads\/2024\/10\/advantages-of-having-surgery-at-lls-center-post-operative-process-00.jpg 1000w, https:\/\/llscenter.com\/wp-content\/uploads\/2024\/10\/advantages-of-having-surgery-at-lls-center-post-operative-process-00-300x150.jpg 300w, https:\/\/llscenter.com\/wp-content\/uploads\/2024\/10\/advantages-of-having-surgery-at-lls-center-post-operative-process-00-768x384.jpg 768w, https:\/\/llscenter.com\/wp-content\/uploads\/2024\/10\/advantages-of-having-surgery-at-lls-center-post-operative-process-00-18x9.jpg 18w\" sizes=\"(max-width: 1000px) 100vw, 1000px\" \/><\/div><\/a>\n\t\t\t\t<div class=\"elementor-post__text\">\n\t\t\t\t<h3 class=\"elementor-post__title\">\n\t\t\t<a href=\"https:\/\/llscenter.com\/ro\/avantajele-de-a-ti-o-operare-la-centrul-lls-procesul-post-operator\/\" >\n\t\t\t\tAvantajele opera\u021biei la Centrul LLS Proces postoperator\t\t\t<\/a>\n\t\t<\/h3>\n\t\t\t\t<div class=\"elementor-post__excerpt\">\n\t\t\t<p>Descoperi\u021bi opera\u021bia de prelungire a membrelor, inclusiv tehnici, procesul de recuperare \u0219i costuri. Afla\u021bi cum aceast\u0103 interven\u021bie chirurgical\u0103 poate \u00eembun\u0103t\u0103\u021bi calitatea vie\u021bii.<\/p>\n\t\t<\/div>\n\t\t\n\t\t<a class=\"elementor-post__read-more\" href=\"https:\/\/llscenter.com\/ro\/avantajele-de-a-ti-o-operare-la-centrul-lls-procesul-post-operator\/\" aria-label=\"Read more about Advantages of Having Surgery at LLS Center Post-Operative Process\" tabindex=\"-1\" >\n\t\t\tCite\u0219te mai mult &gt;\t\t<\/a>\n\n\t\t\t\t<\/div>\n\t\t\t\t\t<\/div>\n\t\t<\/article>\n\t\t\t\t<article class=\"elementor-post elementor-grid-item post-819 post type-post status-publish format-standard has-post-thumbnail hentry category-genel\">\n\t\t\t<div class=\"elementor-post__card\">\n\t\t\t\t<a class=\"elementor-post__thumbnail__link\" href=\"https:\/\/llscenter.com\/ro\/tehnici-chirurgicale-de-lungirea-membrelor-care-este-cel-mai-bun-pentru-dvs\/\" tabindex=\"-1\" ><div class=\"elementor-post__thumbnail\"><img loading=\"lazy\" decoding=\"async\" width=\"1000\" height=\"500\" src=\"https:\/\/llscenter.com\/wp-content\/uploads\/2024\/10\/limb-lengthening-surgery-techniques-which-one-is-best-for-you-00.jpg\" class=\"attachment-full size-full wp-image-821\" alt=\"\" srcset=\"https:\/\/llscenter.com\/wp-content\/uploads\/2024\/10\/limb-lengthening-surgery-techniques-which-one-is-best-for-you-00.jpg 1000w, https:\/\/llscenter.com\/wp-content\/uploads\/2024\/10\/limb-lengthening-surgery-techniques-which-one-is-best-for-you-00-300x150.jpg 300w, https:\/\/llscenter.com\/wp-content\/uploads\/2024\/10\/limb-lengthening-surgery-techniques-which-one-is-best-for-you-00-768x384.jpg 768w, https:\/\/llscenter.com\/wp-content\/uploads\/2024\/10\/limb-lengthening-surgery-techniques-which-one-is-best-for-you-00-18x9.jpg 18w\" sizes=\"(max-width: 1000px) 100vw, 1000px\" \/><\/div><\/a>\n\t\t\t\t<div class=\"elementor-post__text\">\n\t\t\t\t<h3 class=\"elementor-post__title\">\n\t\t\t<a href=\"https:\/\/llscenter.com\/ro\/tehnici-chirurgicale-de-lungirea-membrelor-care-este-cel-mai-bun-pentru-dvs\/\" >\n\t\t\t\tTehnici de chirurgie de lungire a membrelor: care este cel mai bun pentru tine?\t\t\t<\/a>\n\t\t<\/h3>\n\t\t\t\t<div class=\"elementor-post__excerpt\">\n\t\t\t<p>Descoperi\u021bi opera\u021bia de prelungire a membrelor, inclusiv tehnici, procesul de recuperare \u0219i costuri. Afla\u021bi cum aceast\u0103 interven\u021bie chirurgical\u0103 poate \u00eembun\u0103t\u0103\u021bi calitatea vie\u021bii.<\/p>\n\t\t<\/div>\n\t\t\n\t\t<a class=\"elementor-post__read-more\" href=\"https:\/\/llscenter.com\/ro\/tehnici-chirurgicale-de-lungirea-membrelor-care-este-cel-mai-bun-pentru-dvs\/\" aria-label=\"Read more about Limb Lengthening Surgery Techniques: Which One is Best for You?\" tabindex=\"-1\" >\n\t\t\tCite\u0219te mai mult &gt;\t\t<\/a>\n\n\t\t\t\t<\/div>\n\t\t\t\t\t<\/div>\n\t\t<\/article>\n\t\t\t\t<\/div>\n\t\t\n\t\t\t\t<\/div>\n\t\t\t\t<\/div>\n\t\t\t\t<\/div>\n\t\t\t\t\t<\/div>\n\t\t\t\t<\/div>\n\t\t\t\t<\/div>","protected":false},"excerpt":{"rendered":"<p>Oferim servicii perfecte in domeniul prelungirii membrelor si cizmelor cu echipa noastra de profesionisti si medici specialisti.<\/p>","protected":false},"author":1,"featured_media":0,"parent":0,"menu_order":0,"comment_status":"closed","ping_status":"closed","template":"elementor_header_footer","meta":{"footnotes":""},"class_list":["post-319","page","type-page","status-publish","hentry"],"yoast_head":"<!-- This site is optimized with the Yoast SEO plugin v26.2 - https:\/\/yoast.com\/wordpress\/plugins\/seo\/ -->\n<title>Blog - LLS Center<\/title>\n<meta name=\"description\" content=\"LLS Center - Blog\" \/>\n<meta name=\"robots\" content=\"index, follow, max-snippet:-1, max-image-preview:large, max-video-preview:-1\" \/>\n<link rel=\"canonical\" href=\"https:\/\/llscenter.com\/ro\/blog\/\" \/>\n<meta property=\"og:locale\" content=\"ro_RO\" \/>\n<meta property=\"og:type\" content=\"article\" \/>\n<meta property=\"og:title\" content=\"Blog - LLS Center\" \/>\n<meta property=\"og:description\" content=\"LLS Center - Blog\" \/>\n<meta property=\"og:url\" content=\"https:\/\/llscenter.com\/ro\/blog\/\" \/>\n<meta property=\"og:site_name\" content=\"LLS Center\" \/>\n<meta property=\"article:modified_time\" content=\"2024-07-22T14:59:50+00:00\" \/>\n<meta name=\"twitter:card\" content=\"summary_large_image\" \/>\n<meta name=\"twitter:label1\" content=\"Timp estimat pentru citire\" \/>\n\t<meta name=\"twitter:data1\" content=\"1 minut\" \/>\n<script type=\"application\/ld+json\" class=\"yoast-schema-graph\">{\"@context\":\"https:\/\/schema.org\",\"@graph\":[{\"@type\":\"WebPage\",\"@id\":\"https:\/\/llscenter.com\/blog\/\",\"url\":\"https:\/\/llscenter.com\/blog\/\",\"name\":\"Blog - LLS Center\",\"isPartOf\":{\"@id\":\"https:\/\/llscenter.com\/#website\"},\"datePublished\":\"2024-07-20T07:36:39+00:00\",\"dateModified\":\"2024-07-22T14:59:50+00:00\",\"description\":\"LLS Center - Blog\",\"breadcrumb\":{\"@id\":\"https:\/\/llscenter.com\/blog\/#breadcrumb\"},\"inLanguage\":\"ro-RO\",\"potentialAction\":[{\"@type\":\"ReadAction\",\"target\":[\"https:\/\/llscenter.com\/blog\/\"]}]},{\"@type\":\"BreadcrumbList\",\"@id\":\"https:\/\/llscenter.com\/blog\/#breadcrumb\",\"itemListElement\":[{\"@type\":\"ListItem\",\"position\":1,\"name\":\"Anasayfa\",\"item\":\"https:\/\/llscenter.com\/\"},{\"@type\":\"ListItem\",\"position\":2,\"name\":\"Blog\"}]},{\"@type\":\"WebSite\",\"@id\":\"https:\/\/llscenter.com\/#website\",\"url\":\"https:\/\/llscenter.com\/\",\"name\":\"LLS Center\",\"description\":\"\",\"potentialAction\":[{\"@type\":\"SearchAction\",\"target\":{\"@type\":\"EntryPoint\",\"urlTemplate\":\"https:\/\/llscenter.com\/?s={search_term_string}\"},\"query-input\":{\"@type\":\"PropertyValueSpecification\",\"valueRequired\":true,\"valueName\":\"search_term_string\"}}],\"inLanguage\":\"ro-RO\"}]}<\/script>\n<!-- \/ Yoast SEO plugin. -->","yoast_head_json":{"title":"Blog - LLS Center","description":"LLS Center - Blog","robots":{"index":"index","follow":"follow","max-snippet":"max-snippet:-1","max-image-preview":"max-image-preview:large","max-video-preview":"max-video-preview:-1"},"canonical":"https:\/\/llscenter.com\/ro\/blog\/","og_locale":"ro_RO","og_type":"article","og_title":"Blog - LLS Center","og_description":"LLS Center - Blog","og_url":"https:\/\/llscenter.com\/ro\/blog\/","og_site_name":"LLS Center","article_modified_time":"2024-07-22T14:59:50+00:00","twitter_card":"summary_large_image","twitter_misc":{"Timp estimat pentru citire":"1 minut"},"schema":{"@context":"https:\/\/schema.org","@graph":[{"@type":"WebPage","@id":"https:\/\/llscenter.com\/blog\/","url":"https:\/\/llscenter.com\/blog\/","name":"Blog - LLS Center","isPartOf":{"@id":"https:\/\/llscenter.com\/#website"},"datePublished":"2024-07-20T07:36:39+00:00","dateModified":"2024-07-22T14:59:50+00:00","description":"LLS Center - Blog","breadcrumb":{"@id":"https:\/\/llscenter.com\/blog\/#breadcrumb"},"inLanguage":"ro-RO","potentialAction":[{"@type":"ReadAction","target":["https:\/\/llscenter.com\/blog\/"]}]},{"@type":"BreadcrumbList","@id":"https:\/\/llscenter.com\/blog\/#breadcrumb","itemListElement":[{"@type":"ListItem","position":1,"name":"Anasayfa","item":"https:\/\/llscenter.com\/"},{"@type":"ListItem","position":2,"name":"Blog"}]},{"@type":"WebSite","@id":"https:\/\/llscenter.com\/#website","url":"https:\/\/llscenter.com\/","name":"LLS Center","description":"","potentialAction":[{"@type":"SearchAction","target":{"@type":"EntryPoint","urlTemplate":"https:\/\/llscenter.com\/?s={search_term_string}"},"query-input":{"@type":"PropertyValueSpecification","valueRequired":true,"valueName":"search_term_string"}}],"inLanguage":"ro-RO"}]}},"_links":{"self":[{"href":"https:\/\/llscenter.com\/ro\/wp-json\/wp\/v2\/pages\/319","targetHints":{"allow":["GET"]}}],"collection":[{"href":"https:\/\/llscenter.com\/ro\/wp-json\/wp\/v2\/pages"}],"about":[{"href":"https:\/\/llscenter.com\/ro\/wp-json\/wp\/v2\/types\/page"}],"author":[{"embeddable":true,"href":"https:\/\/llscenter.com\/ro\/wp-json\/wp\/v2\/users\/1"}],"replies":[{"embeddable":true,"href":"https:\/\/llscenter.com\/ro\/wp-json\/wp\/v2\/comments?post=319"}],"version-history":[{"count":4,"href":"https:\/\/llscenter.com\/ro\/wp-json\/wp\/v2\/pages\/319\/revisions"}],"predecessor-version":[{"id":473,"href":"https:\/\/llscenter.com\/ro\/wp-json\/wp\/v2\/pages\/319\/revisions\/473"}],"wp:attachment":[{"href":"https:\/\/llscenter.com\/ro\/wp-json\/wp\/v2\/media?parent=319"}],"curies":[{"name":"wp","href":"https:\/\/api.w.org\/{rel}","templated":true}]}}