{"id":241,"date":"2024-07-19T16:12:27","date_gmt":"2024-07-19T13:12:27","guid":{"rendered":"http:\/\/lls-center.test\/?page_id=241"},"modified":"2024-07-19T16:26:14","modified_gmt":"2024-07-19T13:26:14","slug":"privacy-policy","status":"publish","type":"page","link":"https:\/\/llscenter.com\/it\/politica-sulla-riservatezza\/","title":{"rendered":"politica sulla riservatezza"},"content":{"rendered":"<div data-elementor-type=\"wp-page\" data-elementor-id=\"241\" class=\"elementor elementor-241\" data-elementor-post-type=\"page\">\n\t\t\t\t<div class=\"elementor-element elementor-element-f480c8e e-flex e-con-boxed e-con e-parent\" data-id=\"f480c8e\" data-element_type=\"container\" data-settings=\"{&quot;background_background&quot;:&quot;classic&quot;}\">\n\t\t\t\t\t<div class=\"e-con-inner\">\n\t\t<div class=\"elementor-element elementor-element-a66c642 e-con-full e-flex e-con e-child\" data-id=\"a66c642\" data-element_type=\"container\">\n\t\t\t\t<div class=\"elementor-element elementor-element-6bb83a0 elementor-widget elementor-widget-heading\" data-id=\"6bb83a0\" data-element_type=\"widget\" data-widget_type=\"heading.default\">\n\t\t\t\t<div class=\"elementor-widget-container\">\n\t\t\t<h2 class=\"elementor-heading-title elementor-size-default\">politica sulla riservatezza<\/h2>\t\t<\/div>\n\t\t\t\t<\/div>\n\t\t\t\t<div class=\"elementor-element elementor-element-ebe00b5 elementor-align-center elementor-widget elementor-widget-breadcrumbs\" data-id=\"ebe00b5\" data-element_type=\"widget\" data-widget_type=\"breadcrumbs.default\">\n\t\t\t\t<div class=\"elementor-widget-container\">\n\t\t\t<p id=\"breadcrumbs\"><span><span><a href=\"https:\/\/llscenter.com\/it\/\">Anasayfa<\/a><\/span><\/span><\/p>\t\t<\/div>\n\t\t\t\t<\/div>\n\t\t\t\t<\/div>\n\t\t\t\t\t<\/div>\n\t\t\t\t<\/div>\n\t\t<div class=\"elementor-element elementor-element-9fbe151 e-flex e-con-boxed e-con e-parent\" data-id=\"9fbe151\" data-element_type=\"container\">\n\t\t\t\t\t<div class=\"e-con-inner\">\n\t\t<div class=\"elementor-element elementor-element-bd00bbb e-con-full e-flex e-con e-child\" data-id=\"bd00bbb\" data-element_type=\"container\">\n\t\t<div class=\"elementor-element elementor-element-311bd49 e-con-full e-flex e-con e-child\" data-id=\"311bd49\" data-element_type=\"container\">\n\t\t\t\t<div class=\"elementor-element elementor-element-eb834fa elementor-widget elementor-widget-heading\" data-id=\"eb834fa\" data-element_type=\"widget\" data-widget_type=\"heading.default\">\n\t\t\t\t<div class=\"elementor-widget-container\">\n\t\t\t<h2 class=\"elementor-heading-title elementor-size-default\">Termini di servizio, condizioni di cancellazione\/rimborso<\/h2>\t\t<\/div>\n\t\t\t\t<\/div>\n\t\t\t\t<div class=\"elementor-element elementor-element-83024b5 elementor-widget elementor-widget-heading\" data-id=\"83024b5\" data-element_type=\"widget\" data-widget_type=\"heading.default\">\n\t\t\t\t<div class=\"elementor-widget-container\">\n\t\t\t<h3 class=\"elementor-heading-title elementor-size-default\">Accordo<\/h3>\t\t<\/div>\n\t\t\t\t<\/div>\n\t\t\t\t<div class=\"elementor-element elementor-element-63cf220 elementor-widget elementor-widget-text-editor\" data-id=\"63cf220\" data-element_type=\"widget\" data-widget_type=\"text-editor.default\">\n\t\t\t\t<div class=\"elementor-widget-container\">\n\t\t\t\t\t\t\t<p>Si prega di leggere attentamente i seguenti Termini di Utilizzo (&quot;Termini&quot;) prima di utilizzare il sito web di LLS Center (&quot;Sito Web&quot;). Se non si accettano i presenti termini, non sar\u00e0 possibile utilizzare il sito web di LLS Center e i servizi forniti da LLS Center.<\/p>\t\t\t\t\t\t<\/div>\n\t\t\t\t<\/div>\n\t\t\t\t<div class=\"elementor-element elementor-element-ab8594a elementor-widget elementor-widget-heading\" data-id=\"ab8594a\" data-element_type=\"widget\" data-widget_type=\"heading.default\">\n\t\t\t\t<div class=\"elementor-widget-container\">\n\t\t\t<h4 class=\"elementor-heading-title elementor-size-default\">Accordo vincolante<\/h4>\t\t<\/div>\n\t\t\t\t<\/div>\n\t\t\t\t<div class=\"elementor-element elementor-element-0ed9d9d elementor-widget elementor-widget-text-editor\" data-id=\"0ed9d9d\" data-element_type=\"widget\" data-widget_type=\"text-editor.default\">\n\t\t\t\t<div class=\"elementor-widget-container\">\n\t\t\t\t\t\t\t<p>Il presente contratto \u00e8 stipulato tra l&#039;utente (&quot;Utente&quot;) e LLS Center, societ\u00e0 turca con sede in Atak\u00f6y 7-8-9-10 Mh. \u00c7oban\u00e7e\u015fme E-5 Yanyol No:16\/1\/A Selenium Retro-9 A Blok K:18 D:130 34158 \u2013 Istanbul. I servizi offerti sul Sito Web sono forniti da LLS Center. Qualsiasi persona fisica o giuridica che acceda al Sito Web, sia tramite un abbonamento a pagamento (&quot;abbonamento premium&quot;) che tramite un accesso gratuito (&quot;abbonamento standard&quot;), si considera accettata la presente Informativa. LLS Center, in qualit\u00e0 di proprietario del Sito Web, si riserva il diritto di modificare qualsiasi informazione, modulo, contenuto, Sito Web e Informativa senza preavviso agli utenti. Tali modifiche saranno efficaci dalla data di pubblicazione sul Sito Web. Qualsiasi persona fisica o giuridica che utilizzi i servizi del Sito Web o che acceda al Sito Web si considera accettata in anticipo da tali modifiche. Le presenti Informativa sono state pubblicate e sono entrate in vigore il 20\/05\/2024 sul sito web di LLS Center. Le presenti Condizioni d&#039;uso costituiscono parte integrante di qualsiasi accordo stipulato o da stipulare con gli utenti e i partner commerciali di LLS Center.<\/p>\t\t\t\t\t\t<\/div>\n\t\t\t\t<\/div>\n\t\t\t\t<div class=\"elementor-element elementor-element-ea0ed09 elementor-widget elementor-widget-heading\" data-id=\"ea0ed09\" data-element_type=\"widget\" data-widget_type=\"heading.default\">\n\t\t\t\t<div class=\"elementor-widget-container\">\n\t\t\t<h3 class=\"elementor-heading-title elementor-size-default\">Definizioni<\/h3>\t\t<\/div>\n\t\t\t\t<\/div>\n\t\t\t\t<div class=\"elementor-element elementor-element-64060e8 elementor-widget elementor-widget-text-editor\" data-id=\"64060e8\" data-element_type=\"widget\" data-widget_type=\"text-editor.default\">\n\t\t\t\t<div class=\"elementor-widget-container\">\n\t\t\t\t\t\t\t<p><b>Applicazione<\/b><\/p><p>L&#039;applicazione mobile fornisce vari servizi e contenuti nell&#039;ambito definito dal Centro LLS, accessibili online.<\/p><p><span style=\"text-align: var(--text-align); font-size: 1rem;\"><b>Informazioni riservate<\/b><\/span><\/p><p><span style=\"text-align: var(--text-align); font-size: 1rem;\">Qualsiasi informazione, scritta, verbale o espressa elettronicamente, o altrimenti divulgata, che pu\u00f2 essere tangibile o intangibile.<\/span><\/p><p><span style=\"text-align: var(--text-align); font-size: 1rem;\"><b>Partecipante<\/b><\/span><\/p><p><span style=\"text-align: var(--text-align); font-size: 1rem;\">Qualsiasi individuo che partecipa e risponde ai sondaggi condotti dal Centro LLS.<\/span><\/p><p><span style=\"text-align: var(--text-align); font-size: 1rem;\"><b>Utente<\/b><\/span><\/p><p><span style=\"text-align: var(--text-align); font-size: 1rem;\">Qualsiasi persona fisica, giuridica, associazione, ente pubblico o organizzazione che pu\u00f2 accedere ai servizi e alle offerte forniti dal Centro LLS.<\/span><\/p><p><span style=\"text-align: var(--text-align); font-size: 1rem;\"><b>Collegamento<\/b><\/span><\/p><p><span style=\"text-align: var(--text-align); font-size: 1rem;\">Una connessione che consente l&#039;accesso a un altro sito web, file o contenuti dall&#039;Applicazione o dal Sito web, oppure l&#039;accesso all&#039;Applicazione o al Sito web, file e contenuti da un altro sito web.<\/span><\/p><p><strong><span style=\"text-align: var(--text-align); font-size: 1rem;\">Contenuto<\/span><\/strong><\/p><p><span style=\"text-align: var(--text-align); font-size: 1rem;\">Qualsiasi informazione, sondaggio, file, immagine, foto, suono, prezzo, tutte le immagini visive, letterarie e uditive pubblicate o accessibili tramite l&#039;applicazione o il sito web del Centro LLS.<\/span><\/p><p><strong><span style=\"text-align: var(--text-align); font-size: 1rem;\">Sito web<\/span><\/strong><\/p><p><span style=\"text-align: var(--text-align); font-size: 1rem;\">La piattaforma online accessibile dall&#039;indirizzo https:\/\/zarenclinic.com\/ dove vengono forniti vari servizi e contenuti nell&#039;ambito stabilito dal Centro LLS.<\/span><\/p>\t\t\t\t\t\t<\/div>\n\t\t\t\t<\/div>\n\t\t\t\t<div class=\"elementor-element elementor-element-bc5fd8a elementor-widget elementor-widget-heading\" data-id=\"bc5fd8a\" data-element_type=\"widget\" data-widget_type=\"heading.default\">\n\t\t\t\t<div class=\"elementor-widget-container\">\n\t\t\t<h3 class=\"elementor-heading-title elementor-size-default\">Disposizioni generali<\/h3>\t\t<\/div>\n\t\t\t\t<\/div>\n\t\t\t\t<div class=\"elementor-element elementor-element-560eeeb elementor-widget elementor-widget-text-editor\" data-id=\"560eeeb\" data-element_type=\"widget\" data-widget_type=\"text-editor.default\">\n\t\t\t\t<div class=\"elementor-widget-container\">\n\t\t\t\t\t\t\t<ul><li>LLS Center ha la piena libert\u00e0 di determinare quali servizi e contenuti accessibili sul Sito Web siano soggetti a pagamento.<\/li><li>Coloro che fruiscono dei servizi forniti da LLS Center e coloro che utilizzano il sito possono effettuare transazioni sul Sito Web solo per scopi leciti e personali.<\/li><li>La responsabilit\u00e0 legale e penale per tutte le azioni e transazioni eseguite dagli utenti sul Sito Web \u00e8 interamente a loro carico; LLS Center non \u00e8 responsabile delle azioni degli utenti.<\/li><li>Ogni utente accetta di non intraprendere alcuna azione o transazione che possa violare i diritti di LLS Center o di terze parti; di non divulgare informazioni scritte, visive e uditive; e riconosce che LLS Center \u00e8 il proprietario esclusivo di qualsiasi informazione divulgata al momento della divulgazione, incluso il suo utilizzo, elaborazione, archiviazione, divulgazione e divulgazione a terze parti.<\/li><li>Gli utenti accettano e si impegnano a non riprodurre, copiare, distribuire o elaborare immagini, testi, immagini visive e sonore, videoclip, file, database, cataloghi ed elenchi presenti sul Sito Web, n\u00e9 a entrare in concorrenza diretta o indiretta con LLS Center attraverso tali azioni o altri mezzi. Gli utenti si impegnano a proteggere e conservare tutte le informazioni ottenute o apprese in virt\u00f9 dei presenti Termini.<\/li><li>Gli utenti non utilizzeranno alcuna informazione riservata, scritta, verbale o elettronica, ottenuta durante l&#039;esecuzione dei presenti Termini per scopi diversi dall&#039;adempimento dei presenti Termini e non la divulgheranno a terzi o organizzazioni. Qualora informazioni riservate vengano divulgate a terzi per negligenza dell&#039;utente, la parte divulgante sar\u00e0 responsabile per qualsiasi danno o perdita, diretto o indiretto, subito. Gli obblighi degli utenti in materia di protezione delle informazioni riservate continueranno per 5 anni dalla scadenza dei presenti Termini.<\/li><li>LLS Center non \u00e8 responsabile dei servizi e dei contenuti forniti da terze parti, anche se accessibili dal Sito Web. L&#039;accuratezza e la legalit\u00e0 delle informazioni, dei contenuti, delle immagini visive e uditive pubblicati da terze parti sono interamente responsabilit\u00e0 di tali terze parti.<\/li><li>LLS Center non garantisce n\u00e9 assicura la sicurezza, l&#039;accuratezza o la legalit\u00e0 dei servizi e dei contenuti forniti da terze parti.<\/li><li>LLS Center non \u00e8 responsabile della verifica dell&#039;accuratezza delle informazioni e dei contenuti forniti dagli utenti o caricati, modificati e forniti dagli stessi tramite il Sito Web. Gli utenti accettano e si impegnano a garantire che le informazioni e i contenuti forniti tramite il Sito Web siano accurati e leciti.<\/li><li>Gli utenti si impegnano a non intraprendere attivit\u00e0 che costituiscano concorrenza sleale ai sensi del Codice commerciale turco o che violino la reputazione personale e commerciale di LLS Center o di terze parti.<\/li><li>LLS Center pu\u00f2 fornire link ad altri siti web, file o contenuti controllati da terze parti. Questi link sono forniti esclusivamente per comodit\u00e0 di consultazione e non implicano alcuna approvazione dei siti web, dei loro gestori o dei loro contenuti. LLS Center non \u00e8 responsabile dei siti web, dei file o dei contenuti a cui si accede tramite questi link, n\u00e9 dei servizi o prodotti forniti tramite questi siti web.<\/li><li>LLS Center pu\u00f2 utilizzare le informazioni fornite dagli utenti in conformit\u00e0 con l&#039;Informativa sulla privacy e altri accordi stipulati con gli utenti e terze parti. Tali informazioni possono essere elaborate, classificate e archiviate in un database. LLS Center pu\u00f2 inoltre utilizzare informazioni relative all&#039;identit\u00e0 dell&#039;utente o del visitatore, all&#039;indirizzo, all&#039;e-mail, al telefono, all&#039;indirizzo IP, all&#039;attivit\u00e0 sul sito web, al tipo di browser, alla data e all&#039;ora per valutazioni statistiche e servizi personalizzati in conformit\u00e0 con gli accordi stipulati con gli utenti e terze parti.<\/li><li>Termini e condizioni specifici e\/o integrativi potrebbero applicarsi a determinati prodotti, contenuti, programmi o altre attivit\u00e0, inclusi punti, omaggi, articoli promozionali, buoni sconto e qualsiasi altro premio o servizio ottenuto dai partecipanti tramite sondaggi. Tali termini e condizioni saranno specificati e i partecipanti saranno tenuti a rispettarli.<\/li><li>Se i partecipanti scelgono di donare l&#039;importo del premio guadagnato, l&#039;importo assegnato verr\u00e0 donato dal Centro LLS per conto dei partecipanti all&#039;organizzazione specificata.<\/li><li>L&#039;importo del premio guadagnato non pu\u00f2 essere suddiviso in pi\u00f9 coupon n\u00e9 utilizzato in modi diversi.<\/li><\/ul>\t\t\t\t\t\t<\/div>\n\t\t\t\t<\/div>\n\t\t\t\t<div class=\"elementor-element elementor-element-eb9e8e8 elementor-widget elementor-widget-heading\" data-id=\"eb9e8e8\" data-element_type=\"widget\" data-widget_type=\"heading.default\">\n\t\t\t\t<div class=\"elementor-widget-container\">\n\t\t\t<h3 class=\"elementor-heading-title elementor-size-default\">Diritti di propriet\u00e0 intellettuale<\/h3>\t\t<\/div>\n\t\t\t\t<\/div>\n\t\t\t\t<div class=\"elementor-element elementor-element-a31ccf3 elementor-widget elementor-widget-text-editor\" data-id=\"a31ccf3\" data-element_type=\"widget\" data-widget_type=\"text-editor.default\">\n\t\t\t\t<div class=\"elementor-widget-container\">\n\t\t\t\t\t\t\t<ul><li>Tutti gli elementi del Sito Web (inclusi, a titolo esemplificativo ma non esaustivo, design, testo, immagini, codice HTML e altri codici) sono di propriet\u00e0 di LLS Center o utilizzati su licenza di terzi.<\/li><li>Gli utenti non hanno il diritto di rivendere, elaborare, condividere, distribuire, visualizzare o riprodurre i servizi, le informazioni o le opere di LLS Center protette dal diritto d&#039;autore di LLS Center. Salvo quanto espressamente consentito da LLS Center, gli utenti non possono riprodurre, elaborare, distribuire o creare opere derivate dalle opere protette da diritto d&#039;autore di LLS Center.<\/li><li>Salvo espressa autorizzazione di LLS Center, tutti i diritti sui servizi, sulle informazioni, sulle opere protette da copyright, sui marchi, sull&#039;immagine aziendale o su altri beni e informazioni di LLS Center forniti tramite il Sito Web sono riservati a LLS Center.<\/li><\/ul>\t\t\t\t\t\t<\/div>\n\t\t\t\t<\/div>\n\t\t\t\t<div class=\"elementor-element elementor-element-6eb5d73 elementor-widget elementor-widget-heading\" data-id=\"6eb5d73\" data-element_type=\"widget\" data-widget_type=\"heading.default\">\n\t\t\t\t<div class=\"elementor-widget-container\">\n\t\t\t<h3 class=\"elementor-heading-title elementor-size-default\">Modifiche ai Termini di Utilizzo<\/h3>\t\t<\/div>\n\t\t\t\t<\/div>\n\t\t\t\t<div class=\"elementor-element elementor-element-54a0eb5 elementor-widget elementor-widget-text-editor\" data-id=\"54a0eb5\" data-element_type=\"widget\" data-widget_type=\"text-editor.default\">\n\t\t\t\t<div class=\"elementor-widget-container\">\n\t\t\t\t\t\t\t<ul><li>LLS Center pu\u00f2 modificare le presenti Condizioni d&#039;Uso in qualsiasi momento, annunciandole sull&#039;Applicazione e sul Sito Web. Le disposizioni modificate delle presenti Condizioni d&#039;Uso saranno efficaci dalla data della loro pubblicazione. Gli utenti sono tenuti a conformarsi tempestivamente a qualsiasi modifica o correzione richiesta da LLS Center. In caso di inadempimento, eventuali danni, responsabilit\u00e0 e sanzioni derivanti saranno interamente a carico degli utenti.<\/li><\/ul>\t\t\t\t\t\t<\/div>\n\t\t\t\t<\/div>\n\t\t\t\t<div class=\"elementor-element elementor-element-3db00bb elementor-widget elementor-widget-heading\" data-id=\"3db00bb\" data-element_type=\"widget\" data-widget_type=\"heading.default\">\n\t\t\t\t<div class=\"elementor-widget-container\">\n\t\t\t<h3 class=\"elementor-heading-title elementor-size-default\">Forza maggiore<\/h3>\t\t<\/div>\n\t\t\t\t<\/div>\n\t\t\t\t<div class=\"elementor-element elementor-element-1d1bdb1 elementor-widget elementor-widget-text-editor\" data-id=\"1d1bdb1\" data-element_type=\"widget\" data-widget_type=\"text-editor.default\">\n\t\t\t\t<div class=\"elementor-widget-container\">\n\t\t\t\t\t\t\t<ul><li>Gli eventi di forza maggiore includono, a titolo esemplificativo ma non esaustivo, disastri naturali, rivolte, guerre, scioperi, problemi di comunicazione, guasti alle infrastrutture e a Internet, interruzioni di corrente, condizioni meteorologiche avverse, epidemie o pandemie che sono al di fuori del ragionevole controllo della parte interessata e non possono essere prevenuti nonostante la dovuta diligenza da parte di LLS Center.<\/li><li>In caso di forza maggiore, LLS Center non \u00e8 responsabile per il ritardo o l&#039;inadempimento di alcuno degli obblighi previsti dalle presenti Condizioni d&#039;Uso o dall&#039;Informativa sulla Privacy. Tali situazioni non saranno considerate come ritardo, inadempimento o inadempimento e LLS Center non sar\u00e0 tenuta ad alcun risarcimento.<\/li><\/ul>\t\t\t\t\t\t<\/div>\n\t\t\t\t<\/div>\n\t\t\t\t<div class=\"elementor-element elementor-element-802e955 elementor-widget elementor-widget-heading\" data-id=\"802e955\" data-element_type=\"widget\" data-widget_type=\"heading.default\">\n\t\t\t\t<div class=\"elementor-widget-container\">\n\t\t\t<h3 class=\"elementor-heading-title elementor-size-default\">Legge applicabile e giurisdizione<\/h3>\t\t<\/div>\n\t\t\t\t<\/div>\n\t\t\t\t<div class=\"elementor-element elementor-element-420736c elementor-widget elementor-widget-text-editor\" data-id=\"420736c\" data-element_type=\"widget\" data-widget_type=\"text-editor.default\">\n\t\t\t\t<div class=\"elementor-widget-container\">\n\t\t\t\t\t\t\t<ul><li>Nell&#039;attuazione e nell&#039;interpretazione delle presenti Condizioni e nella gestione dei rapporti giuridici derivanti dalle stesse, si applicher\u00e0 la legge turca e avranno giurisdizione i tribunali e gli uffici esecutivi di Istanbul.<\/li><\/ul>\t\t\t\t\t\t<\/div>\n\t\t\t\t<\/div>\n\t\t\t\t<div class=\"elementor-element elementor-element-f80e46c elementor-widget elementor-widget-heading\" data-id=\"f80e46c\" data-element_type=\"widget\" data-widget_type=\"heading.default\">\n\t\t\t\t<div class=\"elementor-widget-container\">\n\t\t\t<h3 class=\"elementor-heading-title elementor-size-default\">Validit\u00e0 e accettazione<\/h3>\t\t<\/div>\n\t\t\t\t<\/div>\n\t\t\t\t<div class=\"elementor-element elementor-element-a19d9e9 elementor-widget elementor-widget-text-editor\" data-id=\"a19d9e9\" data-element_type=\"widget\" data-widget_type=\"text-editor.default\">\n\t\t\t\t<div class=\"elementor-widget-container\">\n\t\t\t\t\t\t\t<p>Le presenti Condizioni d&#039;Uso sono valide a partire dalla data di pubblicazione sul Sito Web da parte di LLS Center. L&#039;utilizzo dei servizi e delle offerte di LLS Center presuppone l&#039;accettazione delle presenti Condizioni da parte degli utenti.<\/p>\t\t\t\t\t\t<\/div>\n\t\t\t\t<\/div>\n\t\t\t\t<div class=\"elementor-element elementor-element-71423c2 elementor-widget elementor-widget-heading\" data-id=\"71423c2\" data-element_type=\"widget\" data-widget_type=\"heading.default\">\n\t\t\t\t<div class=\"elementor-widget-container\">\n\t\t\t<h3 class=\"elementor-heading-title elementor-size-default\">Privacy e sicurezza<\/h3>\t\t<\/div>\n\t\t\t\t<\/div>\n\t\t\t\t<div class=\"elementor-element elementor-element-42fb4e2 elementor-widget elementor-widget-text-editor\" data-id=\"42fb4e2\" data-element_type=\"widget\" data-widget_type=\"text-editor.default\">\n\t\t\t\t<div class=\"elementor-widget-container\">\n\t\t\t\t\t\t\t<p>Questo sito web \u00e8 propriet\u00e0 intellettuale di LLS Center. Le informazioni contenute in questo sito web non possono essere utilizzate, riprodotte, trasmesse, distribuite, adattate, tradotte o archiviate, in tutto o in parte, senza l&#039;autorizzazione di LLS Center.<\/p>\t\t\t\t\t\t<\/div>\n\t\t\t\t<\/div>\n\t\t\t\t<\/div>\n\t\t\t\t<\/div>\n\t\t\t\t\t<\/div>\n\t\t\t\t<\/div>\n\t\t\t\t<\/div>","protected":false},"excerpt":{"rendered":"<p>Privacy Policy Terms of Service, Cancellation\/Refund Conditions Agreement Please carefully read the following Terms of Use (\u201cTerms\u201d) before using the LLS Center website (\u201cWebsite\u201d). If you do not agree with these terms, you will not be able to use the LLS Center website and the services provided by LLS Center. Binding Agreement This is a [&hellip;]<\/p>","protected":false},"author":1,"featured_media":0,"parent":0,"menu_order":0,"comment_status":"closed","ping_status":"closed","template":"elementor_header_footer","meta":{"footnotes":""},"class_list":["post-241","page","type-page","status-publish","hentry"],"yoast_head":"<!-- This site is optimized with the Yoast SEO plugin v26.2 - https:\/\/yoast.com\/wordpress\/plugins\/seo\/ -->\n<title>Privacy Policy - LLS Center<\/title>\n<meta name=\"description\" content=\"Terms of Service, Cancellation\/Refund Conditions\" \/>\n<meta name=\"robots\" content=\"index, follow, max-snippet:-1, max-image-preview:large, max-video-preview:-1\" \/>\n<link rel=\"canonical\" href=\"https:\/\/llscenter.com\/it\/politica-sulla-riservatezza\/\" \/>\n<meta property=\"og:locale\" content=\"it_IT\" \/>\n<meta property=\"og:type\" content=\"article\" \/>\n<meta property=\"og:title\" content=\"Privacy Policy - LLS Center\" \/>\n<meta property=\"og:description\" content=\"Terms of Service, Cancellation\/Refund Conditions\" \/>\n<meta property=\"og:url\" content=\"https:\/\/llscenter.com\/it\/politica-sulla-riservatezza\/\" \/>\n<meta property=\"og:site_name\" content=\"LLS Center\" \/>\n<meta property=\"article:modified_time\" content=\"2024-07-19T13:26:14+00:00\" \/>\n<meta name=\"twitter:card\" content=\"summary_large_image\" \/>\n<meta name=\"twitter:label1\" content=\"Tempo di lettura stimato\" \/>\n\t<meta name=\"twitter:data1\" content=\"7 minuti\" \/>\n<script type=\"application\/ld+json\" class=\"yoast-schema-graph\">{\"@context\":\"https:\/\/schema.org\",\"@graph\":[{\"@type\":\"WebPage\",\"@id\":\"https:\/\/llscenter.com\/privacy-policy\/\",\"url\":\"https:\/\/llscenter.com\/privacy-policy\/\",\"name\":\"Privacy Policy - LLS Center\",\"isPartOf\":{\"@id\":\"https:\/\/llscenter.com\/#website\"},\"datePublished\":\"2024-07-19T13:12:27+00:00\",\"dateModified\":\"2024-07-19T13:26:14+00:00\",\"description\":\"Terms of Service, Cancellation\/Refund Conditions\",\"breadcrumb\":{\"@id\":\"https:\/\/llscenter.com\/privacy-policy\/#breadcrumb\"},\"inLanguage\":\"it-IT\",\"potentialAction\":[{\"@type\":\"ReadAction\",\"target\":[\"https:\/\/llscenter.com\/privacy-policy\/\"]}]},{\"@type\":\"BreadcrumbList\",\"@id\":\"https:\/\/llscenter.com\/privacy-policy\/#breadcrumb\",\"itemListElement\":[{\"@type\":\"ListItem\",\"position\":1,\"name\":\"Anasayfa\",\"item\":\"https:\/\/llscenter.com\/\"},{\"@type\":\"ListItem\",\"position\":2,\"name\":\"Privacy Policy\"}]},{\"@type\":\"WebSite\",\"@id\":\"https:\/\/llscenter.com\/#website\",\"url\":\"https:\/\/llscenter.com\/\",\"name\":\"LLS Center\",\"description\":\"\",\"potentialAction\":[{\"@type\":\"SearchAction\",\"target\":{\"@type\":\"EntryPoint\",\"urlTemplate\":\"https:\/\/llscenter.com\/?s={search_term_string}\"},\"query-input\":{\"@type\":\"PropertyValueSpecification\",\"valueRequired\":true,\"valueName\":\"search_term_string\"}}],\"inLanguage\":\"it-IT\"}]}<\/script>\n<!-- \/ Yoast SEO plugin. -->","yoast_head_json":{"title":"Privacy Policy - LLS Center","description":"Terms of Service, Cancellation\/Refund Conditions","robots":{"index":"index","follow":"follow","max-snippet":"max-snippet:-1","max-image-preview":"max-image-preview:large","max-video-preview":"max-video-preview:-1"},"canonical":"https:\/\/llscenter.com\/it\/politica-sulla-riservatezza\/","og_locale":"it_IT","og_type":"article","og_title":"Privacy Policy - LLS Center","og_description":"Terms of Service, Cancellation\/Refund Conditions","og_url":"https:\/\/llscenter.com\/it\/politica-sulla-riservatezza\/","og_site_name":"LLS Center","article_modified_time":"2024-07-19T13:26:14+00:00","twitter_card":"summary_large_image","twitter_misc":{"Tempo di lettura stimato":"7 minuti"},"schema":{"@context":"https:\/\/schema.org","@graph":[{"@type":"WebPage","@id":"https:\/\/llscenter.com\/privacy-policy\/","url":"https:\/\/llscenter.com\/privacy-policy\/","name":"Privacy Policy - LLS Center","isPartOf":{"@id":"https:\/\/llscenter.com\/#website"},"datePublished":"2024-07-19T13:12:27+00:00","dateModified":"2024-07-19T13:26:14+00:00","description":"Terms of Service, Cancellation\/Refund Conditions","breadcrumb":{"@id":"https:\/\/llscenter.com\/privacy-policy\/#breadcrumb"},"inLanguage":"it-IT","potentialAction":[{"@type":"ReadAction","target":["https:\/\/llscenter.com\/privacy-policy\/"]}]},{"@type":"BreadcrumbList","@id":"https:\/\/llscenter.com\/privacy-policy\/#breadcrumb","itemListElement":[{"@type":"ListItem","position":1,"name":"Anasayfa","item":"https:\/\/llscenter.com\/"},{"@type":"ListItem","position":2,"name":"Privacy Policy"}]},{"@type":"WebSite","@id":"https:\/\/llscenter.com\/#website","url":"https:\/\/llscenter.com\/","name":"LLS Center","description":"","potentialAction":[{"@type":"SearchAction","target":{"@type":"EntryPoint","urlTemplate":"https:\/\/llscenter.com\/?s={search_term_string}"},"query-input":{"@type":"PropertyValueSpecification","valueRequired":true,"valueName":"search_term_string"}}],"inLanguage":"it-IT"}]}},"_links":{"self":[{"href":"https:\/\/llscenter.com\/it\/wp-json\/wp\/v2\/pages\/241","targetHints":{"allow":["GET"]}}],"collection":[{"href":"https:\/\/llscenter.com\/it\/wp-json\/wp\/v2\/pages"}],"about":[{"href":"https:\/\/llscenter.com\/it\/wp-json\/wp\/v2\/types\/page"}],"author":[{"embeddable":true,"href":"https:\/\/llscenter.com\/it\/wp-json\/wp\/v2\/users\/1"}],"replies":[{"embeddable":true,"href":"https:\/\/llscenter.com\/it\/wp-json\/wp\/v2\/comments?post=241"}],"version-history":[{"count":5,"href":"https:\/\/llscenter.com\/it\/wp-json\/wp\/v2\/pages\/241\/revisions"}],"predecessor-version":[{"id":247,"href":"https:\/\/llscenter.com\/it\/wp-json\/wp\/v2\/pages\/241\/revisions\/247"}],"wp:attachment":[{"href":"https:\/\/llscenter.com\/it\/wp-json\/wp\/v2\/media?parent=241"}],"curies":[{"name":"wp","href":"https:\/\/api.w.org\/{rel}","templated":true}]}}