{"id":194,"date":"2024-07-19T10:28:43","date_gmt":"2024-07-19T07:28:43","guid":{"rendered":"http:\/\/lls-center.test\/?page_id=194"},"modified":"2024-07-23T10:57:37","modified_gmt":"2024-07-23T07:57:37","slug":"about-us","status":"publish","type":"page","link":"https:\/\/llscenter.com\/it\/chi-siamo\/","title":{"rendered":"Chi siamo"},"content":{"rendered":"<div data-elementor-type=\"wp-page\" data-elementor-id=\"194\" class=\"elementor elementor-194\" data-elementor-post-type=\"page\">\n\t\t\t\t<div class=\"elementor-element elementor-element-f480c8e e-flex e-con-boxed e-con e-parent\" data-id=\"f480c8e\" data-element_type=\"container\" data-settings=\"{&quot;background_background&quot;:&quot;classic&quot;}\">\n\t\t\t\t\t<div class=\"e-con-inner\">\n\t\t<div class=\"elementor-element elementor-element-a66c642 e-con-full e-flex e-con e-child\" data-id=\"a66c642\" data-element_type=\"container\">\n\t\t\t\t<div class=\"elementor-element elementor-element-6bb83a0 elementor-widget elementor-widget-heading\" data-id=\"6bb83a0\" data-element_type=\"widget\" data-widget_type=\"heading.default\">\n\t\t\t\t<div class=\"elementor-widget-container\">\n\t\t\t<h2 class=\"elementor-heading-title elementor-size-default\">Chi siamo<\/h2>\t\t<\/div>\n\t\t\t\t<\/div>\n\t\t\t\t<div class=\"elementor-element elementor-element-ebe00b5 elementor-align-center elementor-widget elementor-widget-breadcrumbs\" data-id=\"ebe00b5\" data-element_type=\"widget\" data-widget_type=\"breadcrumbs.default\">\n\t\t\t\t<div class=\"elementor-widget-container\">\n\t\t\t<p id=\"breadcrumbs\"><span><span><a href=\"https:\/\/llscenter.com\/it\/\">Anasayfa<\/a><\/span><\/span><\/p>\t\t<\/div>\n\t\t\t\t<\/div>\n\t\t\t\t<\/div>\n\t\t\t\t\t<\/div>\n\t\t\t\t<\/div>\n\t\t<div class=\"elementor-element elementor-element-9fbe151 e-flex e-con-boxed e-con e-parent\" data-id=\"9fbe151\" data-element_type=\"container\">\n\t\t\t\t\t<div class=\"e-con-inner\">\n\t\t<div class=\"elementor-element elementor-element-bd00bbb e-con-full e-flex e-con e-child\" data-id=\"bd00bbb\" data-element_type=\"container\">\n\t\t<div class=\"elementor-element elementor-element-311bd49 e-con-full e-flex e-con e-child\" data-id=\"311bd49\" data-element_type=\"container\">\n\t\t\t\t<div class=\"elementor-element elementor-element-eb834fa elementor-widget elementor-widget-heading\" data-id=\"eb834fa\" data-element_type=\"widget\" data-widget_type=\"heading.default\">\n\t\t\t\t<div class=\"elementor-widget-container\">\n\t\t\t<h2 class=\"elementor-heading-title elementor-size-default\">CENTRO LLS<\/h2>\t\t<\/div>\n\t\t\t\t<\/div>\n\t\t\t\t<div class=\"elementor-element elementor-element-83024b5 elementor-widget elementor-widget-heading\" data-id=\"83024b5\" data-element_type=\"widget\" data-widget_type=\"heading.default\">\n\t\t\t\t<div class=\"elementor-widget-container\">\n\t\t\t<h3 class=\"elementor-heading-title elementor-size-default\">Servizio affidabile con molti anni di esperienza\n<\/h3>\t\t<\/div>\n\t\t\t\t<\/div>\n\t\t\t\t<div class=\"elementor-element elementor-element-63cf220 elementor-widget elementor-widget-text-editor\" data-id=\"63cf220\" data-element_type=\"widget\" data-widget_type=\"text-editor.default\">\n\t\t\t\t<div class=\"elementor-widget-container\">\n\t\t\t\t\t\t\t<p>Siamo leader nel settore grazie alla nostra pluriennale esperienza e competenza.\u00a0<\/p><p>Grazie al nostro team di professionisti e ai nostri medici specializzati, offriamo un servizio impeccabile nel campo dell&#039;allungamento degli arti e degli stivali.\u00a0<\/p><p>Abbiamo costantemente aumentato il nostro tasso di soddisfazione applicando trattamenti di successo a migliaia di pazienti fino ad oggi.<\/p>\t\t\t\t\t\t<\/div>\n\t\t\t\t<\/div>\n\t\t\t\t<div class=\"elementor-element elementor-element-ab8594a elementor-widget elementor-widget-heading\" data-id=\"ab8594a\" data-element_type=\"widget\" data-widget_type=\"heading.default\">\n\t\t\t\t<div class=\"elementor-widget-container\">\n\t\t\t<h3 class=\"elementor-heading-title elementor-size-default\">Il nostro approccio lavorativo orientato alla soddisfazione del cliente<\/h3>\t\t<\/div>\n\t\t\t\t<\/div>\n\t\t\t\t<div class=\"elementor-element elementor-element-0ed9d9d elementor-widget elementor-widget-text-editor\" data-id=\"0ed9d9d\" data-element_type=\"widget\" data-widget_type=\"text-editor.default\">\n\t\t\t\t<div class=\"elementor-widget-container\">\n\t\t\t\t\t\t\t<p>La soddisfazione del cliente \u00e8 sempre la nostra massima priorit\u00e0. Con il nostro approccio orientato alle persone, ci impegniamo a comprendere le esigenze dei nostri pazienti e a offrire loro le soluzioni pi\u00f9 appropriate.<\/p><p>Siamo orgogliosi di ricevere punteggi elevati nei sondaggi sulla soddisfazione e di avere un impatto positivo sulla vita dei nostri pazienti.<\/p>\t\t\t\t\t\t<\/div>\n\t\t\t\t<\/div>\n\t\t<div class=\"elementor-element elementor-element-b0ec1ac e-con-full e-flex e-con e-child\" data-id=\"b0ec1ac\" data-element_type=\"container\">\n\t\t<div class=\"elementor-element elementor-element-d43d348 e-con-full e-flex e-con e-child\" data-id=\"d43d348\" data-element_type=\"container\">\n\t\t\t\t<div class=\"elementor-element elementor-element-4da3a23 elementor-widget elementor-widget-counter\" data-id=\"4da3a23\" data-element_type=\"widget\" data-widget_type=\"counter.default\">\n\t\t\t\t<div class=\"elementor-widget-container\">\n\t\t\t\t\t<div class=\"elementor-counter\">\n\t\t\t<div class=\"elementor-counter-title\">Anni<\/div>\t\t\t<div class=\"elementor-counter-number-wrapper\">\n\t\t\t\t<span class=\"elementor-counter-number-prefix\"><\/span>\n\t\t\t\t<span class=\"elementor-counter-number\" data-duration=\"2000\" data-to-value=\"7\" data-from-value=\"0\">0<\/span>\n\t\t\t\t<span class=\"elementor-counter-number-suffix\"><\/span>\n\t\t\t<\/div>\n\t\t<\/div>\n\t\t\t\t<\/div>\n\t\t\t\t<\/div>\n\t\t\t\t<\/div>\n\t\t<div class=\"elementor-element elementor-element-13c9a5c e-con-full e-flex e-con e-child\" data-id=\"13c9a5c\" data-element_type=\"container\">\n\t\t\t\t<div class=\"elementor-element elementor-element-706cc1b elementor-widget elementor-widget-counter\" data-id=\"706cc1b\" data-element_type=\"widget\" data-widget_type=\"counter.default\">\n\t\t\t\t<div class=\"elementor-widget-container\">\n\t\t\t\t\t<div class=\"elementor-counter\">\n\t\t\t<div class=\"elementor-counter-title\">Membro del team<\/div>\t\t\t<div class=\"elementor-counter-number-wrapper\">\n\t\t\t\t<span class=\"elementor-counter-number-prefix\"><\/span>\n\t\t\t\t<span class=\"elementor-counter-number\" data-duration=\"2000\" data-to-value=\"50\" data-from-value=\"0\">0<\/span>\n\t\t\t\t<span class=\"elementor-counter-number-suffix\"><\/span>\n\t\t\t<\/div>\n\t\t<\/div>\n\t\t\t\t<\/div>\n\t\t\t\t<\/div>\n\t\t\t\t<\/div>\n\t\t<div class=\"elementor-element elementor-element-4781637 e-con-full e-flex e-con e-child\" data-id=\"4781637\" data-element_type=\"container\">\n\t\t\t\t<div class=\"elementor-element elementor-element-d3018fa elementor-widget elementor-widget-counter\" data-id=\"d3018fa\" data-element_type=\"widget\" data-widget_type=\"counter.default\">\n\t\t\t\t<div class=\"elementor-widget-container\">\n\t\t\t\t\t<div class=\"elementor-counter\">\n\t\t\t<div class=\"elementor-counter-title\">Paziente<\/div>\t\t\t<div class=\"elementor-counter-number-wrapper\">\n\t\t\t\t<span class=\"elementor-counter-number-prefix\"><\/span>\n\t\t\t\t<span class=\"elementor-counter-number\" data-duration=\"2000\" data-to-value=\"752\" data-from-value=\"0\">0<\/span>\n\t\t\t\t<span class=\"elementor-counter-number-suffix\"><\/span>\n\t\t\t<\/div>\n\t\t<\/div>\n\t\t\t\t<\/div>\n\t\t\t\t<\/div>\n\t\t\t\t<\/div>\n\t\t\t\t<\/div>\n\t\t<div class=\"elementor-element elementor-element-005e4a9 e-con-full e-flex e-con e-child\" data-id=\"005e4a9\" data-element_type=\"container\">\n\t\t<div class=\"elementor-element elementor-element-a426303 e-flex e-con-boxed e-con e-child\" data-id=\"a426303\" data-element_type=\"container\">\n\t\t\t\t\t<div class=\"e-con-inner\">\n\t\t\t\t<div class=\"elementor-element elementor-element-c527d62 elementor-position-top elementor-widget elementor-widget-image-box\" data-id=\"c527d62\" data-element_type=\"widget\" data-widget_type=\"image-box.default\">\n\t\t\t\t<div class=\"elementor-widget-container\">\n\t\t\t<div class=\"elementor-image-box-wrapper\"><figure class=\"elementor-image-box-img\"><img decoding=\"async\" width=\"200\" height=\"200\" src=\"https:\/\/llscenter.com\/wp-content\/uploads\/2024\/07\/height.png\" class=\"attachment-full size-full wp-image-223\" alt=\"\" srcset=\"https:\/\/llscenter.com\/wp-content\/uploads\/2024\/07\/height.png 200w, https:\/\/llscenter.com\/wp-content\/uploads\/2024\/07\/height-150x150.png 150w, https:\/\/llscenter.com\/wp-content\/uploads\/2024\/07\/height-12x12.png 12w\" sizes=\"(max-width: 200px) 100vw, 200px\" \/><\/figure><div class=\"elementor-image-box-content\"><h3 class=\"elementor-image-box-title\">Estensione degli arti<\/h3><p class=\"elementor-image-box-description\">Colma la differenza di altezza e vivi una vita pi\u00f9 confortevole con metodi di allungamento degli arti rapidi, indolori e non chirurgici.<\/p><\/div><\/div>\t\t<\/div>\n\t\t\t\t<\/div>\n\t\t\t\t\t<\/div>\n\t\t\t\t<\/div>\n\t\t<div class=\"elementor-element elementor-element-d3ea8e6 e-flex e-con-boxed e-con e-child\" data-id=\"d3ea8e6\" data-element_type=\"container\">\n\t\t\t\t\t<div class=\"e-con-inner\">\n\t\t\t\t<div class=\"elementor-element elementor-element-2d8e260 elementor-position-top elementor-widget elementor-widget-image-box\" data-id=\"2d8e260\" data-element_type=\"widget\" data-widget_type=\"image-box.default\">\n\t\t\t\t<div class=\"elementor-widget-container\">\n\t\t\t<div class=\"elementor-image-box-wrapper\"><figure class=\"elementor-image-box-img\"><img decoding=\"async\" width=\"200\" height=\"200\" src=\"https:\/\/llscenter.com\/wp-content\/uploads\/2024\/07\/height-1.png\" class=\"attachment-full size-full wp-image-227\" alt=\"\" srcset=\"https:\/\/llscenter.com\/wp-content\/uploads\/2024\/07\/height-1.png 200w, https:\/\/llscenter.com\/wp-content\/uploads\/2024\/07\/height-1-150x150.png 150w, https:\/\/llscenter.com\/wp-content\/uploads\/2024\/07\/height-1-12x12.png 12w\" sizes=\"(max-width: 200px) 100vw, 200px\" \/><\/figure><div class=\"elementor-image-box-content\"><h3 class=\"elementor-image-box-title\">Estensione dell&#039;altezza<\/h3><p class=\"elementor-image-box-description\">Interventi di allungamento in tutta sicurezza con dispositivi all&#039;avanguardia per regolare i rapporti di altezza e raggiungere l&#039;altezza desiderata.<\/p><\/div><\/div>\t\t<\/div>\n\t\t\t\t<\/div>\n\t\t\t\t\t<\/div>\n\t\t\t\t<\/div>\n\t\t<div class=\"elementor-element elementor-element-f0a1296 e-flex e-con-boxed e-con e-child\" data-id=\"f0a1296\" data-element_type=\"container\">\n\t\t\t\t\t<div class=\"e-con-inner\">\n\t\t\t\t<div class=\"elementor-element elementor-element-517ae0c elementor-position-top elementor-widget elementor-widget-image-box\" data-id=\"517ae0c\" data-element_type=\"widget\" data-widget_type=\"image-box.default\">\n\t\t\t\t<div class=\"elementor-widget-container\">\n\t\t\t<div class=\"elementor-image-box-wrapper\"><figure class=\"elementor-image-box-img\"><img decoding=\"async\" width=\"200\" height=\"200\" src=\"https:\/\/llscenter.com\/wp-content\/uploads\/2024\/07\/solutions.png\" class=\"attachment-full size-full wp-image-229\" alt=\"\" srcset=\"https:\/\/llscenter.com\/wp-content\/uploads\/2024\/07\/solutions.png 200w, https:\/\/llscenter.com\/wp-content\/uploads\/2024\/07\/solutions-150x150.png 150w, https:\/\/llscenter.com\/wp-content\/uploads\/2024\/07\/solutions-12x12.png 12w\" sizes=\"(max-width: 200px) 100vw, 200px\" \/><\/figure><div class=\"elementor-image-box-content\"><h3 class=\"elementor-image-box-title\">Soluzioni personalizzate<\/h3><p class=\"elementor-image-box-description\">Ottieni i migliori risultati con piani di trattamento personalizzati per ogni paziente e con i nostri consulenti esperti.<\/p><\/div><\/div>\t\t<\/div>\n\t\t\t\t<\/div>\n\t\t\t\t\t<\/div>\n\t\t\t\t<\/div>\n\t\t\t\t<\/div>\n\t\t<div class=\"elementor-element elementor-element-ed4954e e-con-full e-flex e-con e-child\" data-id=\"ed4954e\" data-element_type=\"container\">\n\t\t\t\t<div class=\"elementor-element elementor-element-e41d6f4 elementor-widget elementor-widget-text-editor\" data-id=\"e41d6f4\" data-element_type=\"widget\" data-widget_type=\"text-editor.default\">\n\t\t\t\t<div class=\"elementor-widget-container\">\n\t\t\t\t\t\t\t<p>LLS Center \u00e8 tra i centri sanitari leader nel campo dell&#039;allungamento di arti e glutei. La nostra missione \u00e8 aiutare i nostri pazienti ad aumentare la propria altezza con i metodi pi\u00f9 avanzati e affidabili, consentendo loro di condurre una vita pi\u00f9 attiva e felice.<\/p><p>Insieme al nostro personale esperto e ai nostri chirurghi esperti, mettiamo a frutto le conoscenze e l&#039;esperienza maturate in questo campo in molti anni, offrendo ai nostri pazienti un servizio di altissima qualit\u00e0.<\/p><p>L&#039;allungamento degli arti offre una soluzione per le persone che presentano differenze di altezza dovute a fattori genetici, perdita accidentale di arti o altre cause. Come Centro LLS, utilizziamo tecniche di allungamento degli arti non chirurgiche per migliorare la qualit\u00e0 della vita dei nostri pazienti e facilitare le loro attivit\u00e0 quotidiane. In questo modo, i nostri pazienti possono sperimentare un processo di allungamento degli arti indolore e rapido.<\/p><p>L&#039;allungamento staturale \u00e8 un metodo applicato per correggere gli squilibri nei rapporti staturali e raggiungere l&#039;altezza desiderata. Come Centro LLS, utilizziamo impianti e dispositivi all&#039;avanguardia per eseguire interventi di allungamento degli stivaletti dei nostri pazienti in modo sicuro ed efficace. Monitoriamo regolarmente lo stato di salute dei nostri pazienti dopo l&#039;intervento e ci assicuriamo che ottengano i migliori risultati.<\/p>\t\t\t\t\t\t<\/div>\n\t\t\t\t<\/div>\n\t\t<div class=\"elementor-element elementor-element-d2a7448 e-con-full e-flex e-con e-child\" data-id=\"d2a7448\" data-element_type=\"container\">\n\t\t<div class=\"elementor-element elementor-element-e46f589 e-flex e-con-boxed e-con e-child\" data-id=\"e46f589\" data-element_type=\"container\">\n\t\t\t\t\t<div class=\"e-con-inner\">\n\t\t\t\t<div class=\"elementor-element elementor-element-dbeb867 elementor-position-left elementor-vertical-align-middle elementor-widget elementor-widget-image-box\" data-id=\"dbeb867\" data-element_type=\"widget\" data-widget_type=\"image-box.default\">\n\t\t\t\t<div class=\"elementor-widget-container\">\n\t\t\t<div class=\"elementor-image-box-wrapper\"><figure class=\"elementor-image-box-img\"><img loading=\"lazy\" decoding=\"async\" width=\"200\" height=\"200\" src=\"https:\/\/llscenter.com\/wp-content\/uploads\/2024\/07\/talk.png\" class=\"attachment-full size-full wp-image-69\" alt=\"\" srcset=\"https:\/\/llscenter.com\/wp-content\/uploads\/2024\/07\/talk.png 200w, https:\/\/llscenter.com\/wp-content\/uploads\/2024\/07\/talk-150x150.png 150w, https:\/\/llscenter.com\/wp-content\/uploads\/2024\/07\/talk-12x12.png 12w\" sizes=\"(max-width: 200px) 100vw, 200px\" \/><\/figure><div class=\"elementor-image-box-content\"><h3 class=\"elementor-image-box-title\">Consulenza gratuita<\/h3><p class=\"elementor-image-box-description\">Approfitta del nostro servizio di consulenza gratuito per rispondere alle tue domande, offrirti soluzioni personalizzate e semplificarti la vita con la giusta guida.<\/p><\/div><\/div>\t\t<\/div>\n\t\t\t\t<\/div>\n\t\t\t\t<div class=\"elementor-element elementor-element-3465627 elementor-position-left elementor-vertical-align-middle elementor-widget elementor-widget-image-box\" data-id=\"3465627\" data-element_type=\"widget\" data-widget_type=\"image-box.default\">\n\t\t\t\t<div class=\"elementor-widget-container\">\n\t\t\t<div class=\"elementor-image-box-wrapper\"><figure class=\"elementor-image-box-img\"><img loading=\"lazy\" decoding=\"async\" width=\"200\" height=\"200\" src=\"https:\/\/llscenter.com\/wp-content\/uploads\/2024\/07\/accommodation.png\" class=\"attachment-full size-full wp-image-86\" alt=\"\" srcset=\"https:\/\/llscenter.com\/wp-content\/uploads\/2024\/07\/accommodation.png 200w, https:\/\/llscenter.com\/wp-content\/uploads\/2024\/07\/accommodation-150x150.png 150w, https:\/\/llscenter.com\/wp-content\/uploads\/2024\/07\/accommodation-12x12.png 12w\" sizes=\"(max-width: 200px) 100vw, 200px\" \/><\/figure><div class=\"elementor-image-box-content\"><h3 class=\"elementor-image-box-title\">Alloggio<\/h3><p class=\"elementor-image-box-description\">Vi diamo il benvenuto con le nostre esclusive soluzioni di hotel e alloggi per esperienze indimenticabili e un soggiorno confortevole. Sceglieteci per un soggiorno all&#039;insegna della tranquillit\u00e0 e del lusso.<\/p><\/div><\/div>\t\t<\/div>\n\t\t\t\t<\/div>\n\t\t\t\t\t<\/div>\n\t\t\t\t<\/div>\n\t\t<div class=\"elementor-element elementor-element-b850ce6 e-flex e-con-boxed e-con e-child\" data-id=\"b850ce6\" data-element_type=\"container\">\n\t\t\t\t\t<div class=\"e-con-inner\">\n\t\t\t\t<div class=\"elementor-element elementor-element-7ab5593 elementor-position-left elementor-vertical-align-middle elementor-widget elementor-widget-image-box\" data-id=\"7ab5593\" data-element_type=\"widget\" data-widget_type=\"image-box.default\">\n\t\t\t\t<div class=\"elementor-widget-container\">\n\t\t\t<div class=\"elementor-image-box-wrapper\"><figure class=\"elementor-image-box-img\"><img loading=\"lazy\" decoding=\"async\" width=\"200\" height=\"200\" src=\"https:\/\/llscenter.com\/wp-content\/uploads\/2024\/07\/vip.png\" class=\"attachment-full size-full wp-image-213\" alt=\"\" srcset=\"https:\/\/llscenter.com\/wp-content\/uploads\/2024\/07\/vip.png 200w, https:\/\/llscenter.com\/wp-content\/uploads\/2024\/07\/vip-150x150.png 150w, https:\/\/llscenter.com\/wp-content\/uploads\/2024\/07\/vip-12x12.png 12w\" sizes=\"(max-width: 200px) 100vw, 200px\" \/><\/figure><div class=\"elementor-image-box-content\"><h3 class=\"elementor-image-box-title\">Trasporto VIP<\/h3><p class=\"elementor-image-box-description\">Goditi il comfort dei tuoi viaggi con il nostro esclusivo servizio di trasporto VIP e raggiungi la tua destinazione con i nostri veicoli di lusso, attentamente progettati per il tuo comfort.<\/p><\/div><\/div>\t\t<\/div>\n\t\t\t\t<\/div>\n\t\t\t\t<div class=\"elementor-element elementor-element-53b2ea4 elementor-position-left elementor-vertical-align-middle elementor-widget elementor-widget-image-box\" data-id=\"53b2ea4\" data-element_type=\"widget\" data-widget_type=\"image-box.default\">\n\t\t\t\t<div class=\"elementor-widget-container\">\n\t\t\t<div class=\"elementor-image-box-wrapper\"><figure class=\"elementor-image-box-img\"><img loading=\"lazy\" decoding=\"async\" width=\"200\" height=\"200\" src=\"https:\/\/llscenter.com\/wp-content\/uploads\/2024\/07\/management-service.png\" class=\"attachment-full size-full wp-image-214\" alt=\"\" srcset=\"https:\/\/llscenter.com\/wp-content\/uploads\/2024\/07\/management-service.png 200w, https:\/\/llscenter.com\/wp-content\/uploads\/2024\/07\/management-service-150x150.png 150w, https:\/\/llscenter.com\/wp-content\/uploads\/2024\/07\/management-service-12x12.png 12w\" sizes=\"(max-width: 200px) 100vw, 200px\" \/><\/figure><div class=\"elementor-image-box-content\"><h3 class=\"elementor-image-box-title\">Altri servizi<\/h3><p class=\"elementor-image-box-description\">Ti semplifichiamo la vita con i nostri altri servizi speciali. Rendi la tua vita pi\u00f9 piacevole con le diverse opzioni di servizio che puoi richiedere.<\/p><\/div><\/div>\t\t<\/div>\n\t\t\t\t<\/div>\n\t\t\t\t\t<\/div>\n\t\t\t\t<\/div>\n\t\t\t\t<\/div>\n\t\t\t\t<\/div>\n\t\t\t\t<\/div>\n\t\t\t\t<\/div>\n\t\t\t\t\t<\/div>\n\t\t\t\t<\/div>\n\t\t\t\t<\/div>","protected":false},"excerpt":{"rendered":"<p>Grazie al nostro team di professionisti e ai nostri medici specializzati, offriamo un servizio impeccabile nel campo dell&#039;allungamento degli arti e degli stivali.<\/p>","protected":false},"author":1,"featured_media":0,"parent":0,"menu_order":0,"comment_status":"closed","ping_status":"closed","template":"elementor_header_footer","meta":{"footnotes":""},"class_list":["post-194","page","type-page","status-publish","hentry"],"yoast_head":"<!-- This site is optimized with the Yoast SEO plugin v26.2 - https:\/\/yoast.com\/wordpress\/plugins\/seo\/ -->\n<title>About Us - LLS Center<\/title>\n<meta name=\"description\" content=\"We offer perfect service in the field of limb and boot lengthening with our professional team and specialist doctors.\" \/>\n<meta name=\"robots\" content=\"index, follow, max-snippet:-1, max-image-preview:large, max-video-preview:-1\" \/>\n<link rel=\"canonical\" href=\"https:\/\/llscenter.com\/it\/chi-siamo\/\" \/>\n<meta property=\"og:locale\" content=\"it_IT\" \/>\n<meta property=\"og:type\" content=\"article\" \/>\n<meta property=\"og:title\" content=\"About Us - LLS Center\" \/>\n<meta property=\"og:description\" content=\"We offer perfect service in the field of limb and boot lengthening with our professional team and specialist doctors.\" \/>\n<meta property=\"og:url\" content=\"https:\/\/llscenter.com\/it\/chi-siamo\/\" \/>\n<meta property=\"og:site_name\" content=\"LLS Center\" \/>\n<meta property=\"article:modified_time\" content=\"2024-07-23T07:57:37+00:00\" \/>\n<meta property=\"og:image\" content=\"https:\/\/llscenter.com\/wp-content\/uploads\/2024\/07\/height.png\" \/>\n<meta name=\"twitter:card\" content=\"summary_large_image\" \/>\n<meta name=\"twitter:label1\" content=\"Tempo di lettura stimato\" \/>\n\t<meta name=\"twitter:data1\" content=\"4 minuti\" \/>\n<script type=\"application\/ld+json\" class=\"yoast-schema-graph\">{\"@context\":\"https:\/\/schema.org\",\"@graph\":[{\"@type\":\"WebPage\",\"@id\":\"https:\/\/llscenter.com\/about-us\/\",\"url\":\"https:\/\/llscenter.com\/about-us\/\",\"name\":\"About Us - LLS Center\",\"isPartOf\":{\"@id\":\"https:\/\/llscenter.com\/#website\"},\"primaryImageOfPage\":{\"@id\":\"https:\/\/llscenter.com\/about-us\/#primaryimage\"},\"image\":{\"@id\":\"https:\/\/llscenter.com\/about-us\/#primaryimage\"},\"thumbnailUrl\":\"https:\/\/llscenter.com\/wp-content\/uploads\/2024\/07\/height.png\",\"datePublished\":\"2024-07-19T07:28:43+00:00\",\"dateModified\":\"2024-07-23T07:57:37+00:00\",\"description\":\"We offer perfect service in the field of limb and boot lengthening with our professional team and specialist doctors.\",\"breadcrumb\":{\"@id\":\"https:\/\/llscenter.com\/about-us\/#breadcrumb\"},\"inLanguage\":\"it-IT\",\"potentialAction\":[{\"@type\":\"ReadAction\",\"target\":[\"https:\/\/llscenter.com\/about-us\/\"]}]},{\"@type\":\"ImageObject\",\"inLanguage\":\"it-IT\",\"@id\":\"https:\/\/llscenter.com\/about-us\/#primaryimage\",\"url\":\"https:\/\/llscenter.com\/wp-content\/uploads\/2024\/07\/height.png\",\"contentUrl\":\"https:\/\/llscenter.com\/wp-content\/uploads\/2024\/07\/height.png\"},{\"@type\":\"BreadcrumbList\",\"@id\":\"https:\/\/llscenter.com\/about-us\/#breadcrumb\",\"itemListElement\":[{\"@type\":\"ListItem\",\"position\":1,\"name\":\"Anasayfa\",\"item\":\"https:\/\/llscenter.com\/\"},{\"@type\":\"ListItem\",\"position\":2,\"name\":\"About Us\"}]},{\"@type\":\"WebSite\",\"@id\":\"https:\/\/llscenter.com\/#website\",\"url\":\"https:\/\/llscenter.com\/\",\"name\":\"LLS Center\",\"description\":\"\",\"potentialAction\":[{\"@type\":\"SearchAction\",\"target\":{\"@type\":\"EntryPoint\",\"urlTemplate\":\"https:\/\/llscenter.com\/?s={search_term_string}\"},\"query-input\":{\"@type\":\"PropertyValueSpecification\",\"valueRequired\":true,\"valueName\":\"search_term_string\"}}],\"inLanguage\":\"it-IT\"}]}<\/script>\n<!-- \/ Yoast SEO plugin. -->","yoast_head_json":{"title":"About Us - LLS Center","description":"We offer perfect service in the field of limb and boot lengthening with our professional team and specialist doctors.","robots":{"index":"index","follow":"follow","max-snippet":"max-snippet:-1","max-image-preview":"max-image-preview:large","max-video-preview":"max-video-preview:-1"},"canonical":"https:\/\/llscenter.com\/it\/chi-siamo\/","og_locale":"it_IT","og_type":"article","og_title":"About Us - LLS Center","og_description":"We offer perfect service in the field of limb and boot lengthening with our professional team and specialist doctors.","og_url":"https:\/\/llscenter.com\/it\/chi-siamo\/","og_site_name":"LLS Center","article_modified_time":"2024-07-23T07:57:37+00:00","og_image":[{"url":"https:\/\/llscenter.com\/wp-content\/uploads\/2024\/07\/height.png","type":"","width":"","height":""}],"twitter_card":"summary_large_image","twitter_misc":{"Tempo di lettura stimato":"4 minuti"},"schema":{"@context":"https:\/\/schema.org","@graph":[{"@type":"WebPage","@id":"https:\/\/llscenter.com\/about-us\/","url":"https:\/\/llscenter.com\/about-us\/","name":"About Us - LLS Center","isPartOf":{"@id":"https:\/\/llscenter.com\/#website"},"primaryImageOfPage":{"@id":"https:\/\/llscenter.com\/about-us\/#primaryimage"},"image":{"@id":"https:\/\/llscenter.com\/about-us\/#primaryimage"},"thumbnailUrl":"https:\/\/llscenter.com\/wp-content\/uploads\/2024\/07\/height.png","datePublished":"2024-07-19T07:28:43+00:00","dateModified":"2024-07-23T07:57:37+00:00","description":"We offer perfect service in the field of limb and boot lengthening with our professional team and specialist doctors.","breadcrumb":{"@id":"https:\/\/llscenter.com\/about-us\/#breadcrumb"},"inLanguage":"it-IT","potentialAction":[{"@type":"ReadAction","target":["https:\/\/llscenter.com\/about-us\/"]}]},{"@type":"ImageObject","inLanguage":"it-IT","@id":"https:\/\/llscenter.com\/about-us\/#primaryimage","url":"https:\/\/llscenter.com\/wp-content\/uploads\/2024\/07\/height.png","contentUrl":"https:\/\/llscenter.com\/wp-content\/uploads\/2024\/07\/height.png"},{"@type":"BreadcrumbList","@id":"https:\/\/llscenter.com\/about-us\/#breadcrumb","itemListElement":[{"@type":"ListItem","position":1,"name":"Anasayfa","item":"https:\/\/llscenter.com\/"},{"@type":"ListItem","position":2,"name":"About Us"}]},{"@type":"WebSite","@id":"https:\/\/llscenter.com\/#website","url":"https:\/\/llscenter.com\/","name":"LLS Center","description":"","potentialAction":[{"@type":"SearchAction","target":{"@type":"EntryPoint","urlTemplate":"https:\/\/llscenter.com\/?s={search_term_string}"},"query-input":{"@type":"PropertyValueSpecification","valueRequired":true,"valueName":"search_term_string"}}],"inLanguage":"it-IT"}]}},"_links":{"self":[{"href":"https:\/\/llscenter.com\/it\/wp-json\/wp\/v2\/pages\/194","targetHints":{"allow":["GET"]}}],"collection":[{"href":"https:\/\/llscenter.com\/it\/wp-json\/wp\/v2\/pages"}],"about":[{"href":"https:\/\/llscenter.com\/it\/wp-json\/wp\/v2\/types\/page"}],"author":[{"embeddable":true,"href":"https:\/\/llscenter.com\/it\/wp-json\/wp\/v2\/users\/1"}],"replies":[{"embeddable":true,"href":"https:\/\/llscenter.com\/it\/wp-json\/wp\/v2\/comments?post=194"}],"version-history":[{"count":22,"href":"https:\/\/llscenter.com\/it\/wp-json\/wp\/v2\/pages\/194\/revisions"}],"predecessor-version":[{"id":512,"href":"https:\/\/llscenter.com\/it\/wp-json\/wp\/v2\/pages\/194\/revisions\/512"}],"wp:attachment":[{"href":"https:\/\/llscenter.com\/it\/wp-json\/wp\/v2\/media?parent=194"}],"curies":[{"name":"wp","href":"https:\/\/api.w.org\/{rel}","templated":true}]}}