{"id":241,"date":"2024-07-19T16:12:27","date_gmt":"2024-07-19T13:12:27","guid":{"rendered":"http:\/\/lls-center.test\/?page_id=241"},"modified":"2024-07-19T16:26:14","modified_gmt":"2024-07-19T13:26:14","slug":"privacy-policy","status":"publish","type":"page","link":"https:\/\/llscenter.com\/es\/politica-de-privacidad\/","title":{"rendered":"pol\u00edtica de privacidad"},"content":{"rendered":"<div data-elementor-type=\"wp-page\" data-elementor-id=\"241\" class=\"elementor elementor-241\" data-elementor-post-type=\"page\">\n\t\t\t\t<div class=\"elementor-element elementor-element-f480c8e e-flex e-con-boxed e-con e-parent\" data-id=\"f480c8e\" data-element_type=\"container\" data-settings=\"{&quot;background_background&quot;:&quot;classic&quot;}\">\n\t\t\t\t\t<div class=\"e-con-inner\">\n\t\t<div class=\"elementor-element elementor-element-a66c642 e-con-full e-flex e-con e-child\" data-id=\"a66c642\" data-element_type=\"container\">\n\t\t\t\t<div class=\"elementor-element elementor-element-6bb83a0 elementor-widget elementor-widget-heading\" data-id=\"6bb83a0\" data-element_type=\"widget\" data-widget_type=\"heading.default\">\n\t\t\t\t<div class=\"elementor-widget-container\">\n\t\t\t<h2 class=\"elementor-heading-title elementor-size-default\">pol\u00edtica de privacidad<\/h2>\t\t<\/div>\n\t\t\t\t<\/div>\n\t\t\t\t<div class=\"elementor-element elementor-element-ebe00b5 elementor-align-center elementor-widget elementor-widget-breadcrumbs\" data-id=\"ebe00b5\" data-element_type=\"widget\" data-widget_type=\"breadcrumbs.default\">\n\t\t\t\t<div class=\"elementor-widget-container\">\n\t\t\t<p id=\"breadcrumbs\"><span><span><a href=\"https:\/\/llscenter.com\/es\/\">Anasayfa<\/a><\/span><\/span><\/p>\t\t<\/div>\n\t\t\t\t<\/div>\n\t\t\t\t<\/div>\n\t\t\t\t\t<\/div>\n\t\t\t\t<\/div>\n\t\t<div class=\"elementor-element elementor-element-9fbe151 e-flex e-con-boxed e-con e-parent\" data-id=\"9fbe151\" data-element_type=\"container\">\n\t\t\t\t\t<div class=\"e-con-inner\">\n\t\t<div class=\"elementor-element elementor-element-bd00bbb e-con-full e-flex e-con e-child\" data-id=\"bd00bbb\" data-element_type=\"container\">\n\t\t<div class=\"elementor-element elementor-element-311bd49 e-con-full e-flex e-con e-child\" data-id=\"311bd49\" data-element_type=\"container\">\n\t\t\t\t<div class=\"elementor-element elementor-element-eb834fa elementor-widget elementor-widget-heading\" data-id=\"eb834fa\" data-element_type=\"widget\" data-widget_type=\"heading.default\">\n\t\t\t\t<div class=\"elementor-widget-container\">\n\t\t\t<h2 class=\"elementor-heading-title elementor-size-default\">Condiciones de servicio, condiciones de cancelaci\u00f3n y reembolso<\/h2>\t\t<\/div>\n\t\t\t\t<\/div>\n\t\t\t\t<div class=\"elementor-element elementor-element-83024b5 elementor-widget elementor-widget-heading\" data-id=\"83024b5\" data-element_type=\"widget\" data-widget_type=\"heading.default\">\n\t\t\t\t<div class=\"elementor-widget-container\">\n\t\t\t<h3 class=\"elementor-heading-title elementor-size-default\">Acuerdo<\/h3>\t\t<\/div>\n\t\t\t\t<\/div>\n\t\t\t\t<div class=\"elementor-element elementor-element-63cf220 elementor-widget elementor-widget-text-editor\" data-id=\"63cf220\" data-element_type=\"widget\" data-widget_type=\"text-editor.default\">\n\t\t\t\t<div class=\"elementor-widget-container\">\n\t\t\t\t\t\t\t<p>Lea atentamente las siguientes Condiciones de Uso (en adelante, las \u00abCondiciones\u00bb) antes de utilizar el sitio web de LLS Center (en adelante, el \u00abSitio web\u00bb). Si no las acepta, no podr\u00e1 utilizar el sitio web de LLS Center ni los servicios que ofrece.<\/p>\t\t\t\t\t\t<\/div>\n\t\t\t\t<\/div>\n\t\t\t\t<div class=\"elementor-element elementor-element-ab8594a elementor-widget elementor-widget-heading\" data-id=\"ab8594a\" data-element_type=\"widget\" data-widget_type=\"heading.default\">\n\t\t\t\t<div class=\"elementor-widget-container\">\n\t\t\t<h4 class=\"elementor-heading-title elementor-size-default\">Acuerdo vinculante<\/h4>\t\t<\/div>\n\t\t\t\t<\/div>\n\t\t\t\t<div class=\"elementor-element elementor-element-0ed9d9d elementor-widget elementor-widget-text-editor\" data-id=\"0ed9d9d\" data-element_type=\"widget\" data-widget_type=\"text-editor.default\">\n\t\t\t\t<div class=\"elementor-widget-container\">\n\t\t\t\t\t\t\t<p>Este es un contrato entre usted (el &quot;Usuario&quot;) y LLS Center, una empresa turca ubicada en Atak\u00f6y 7-8-9-10 Mh. \u00c7oban\u00e7e\u015fme E-5 Yanyol No:16\/1\/A Selenium Retro-9 A Blok K:18 D:130 34158, Estambul. Los servicios ofrecidos en el sitio web son proporcionados por LLS Center. Cualquier persona f\u00edsica o jur\u00eddica que acceda al sitio web, ya sea a trav\u00e9s de una suscripci\u00f3n de pago (suscripci\u00f3n premium) o de acceso gratuito (suscripci\u00f3n est\u00e1ndar), se considera que ha aceptado estos T\u00e9rminos. LLS Center, como propietario del sitio web, se reserva el derecho a modificar cualquier informaci\u00f3n, formularios, contenido, el sitio web y los T\u00e9rminos sin previo aviso a los usuarios. Dichos cambios entrar\u00e1n en vigor a partir de la fecha de su publicaci\u00f3n en el sitio web. Cualquier persona f\u00edsica o jur\u00eddica que utilice los servicios del sitio web o acceda a \u00e9l se considerar\u00e1 que ha aceptado estos cambios por adelantado. Estos T\u00e9rminos de uso se publicaron y entraron en vigor el 20\/05\/2024 en el sitio web de LLS Center. Estos T\u00e9rminos de Uso son parte integral de cualquier acuerdo realizado o por realizar con los usuarios y socios comerciales de LLS Center.<\/p>\t\t\t\t\t\t<\/div>\n\t\t\t\t<\/div>\n\t\t\t\t<div class=\"elementor-element elementor-element-ea0ed09 elementor-widget elementor-widget-heading\" data-id=\"ea0ed09\" data-element_type=\"widget\" data-widget_type=\"heading.default\">\n\t\t\t\t<div class=\"elementor-widget-container\">\n\t\t\t<h3 class=\"elementor-heading-title elementor-size-default\">Definiciones<\/h3>\t\t<\/div>\n\t\t\t\t<\/div>\n\t\t\t\t<div class=\"elementor-element elementor-element-64060e8 elementor-widget elementor-widget-text-editor\" data-id=\"64060e8\" data-element_type=\"widget\" data-widget_type=\"text-editor.default\">\n\t\t\t\t<div class=\"elementor-widget-container\">\n\t\t\t\t\t\t\t<p><b>Solicitud<\/b><\/p><p>La aplicaci\u00f3n m\u00f3vil que ofrece diversos servicios y contenidos dentro del marco establecido por LLS Center, accesibles en l\u00ednea.<\/p><p><span style=\"text-align: var(--text-align); font-size: 1rem;\"><b>Informaci\u00f3n confidencial<\/b><\/span><\/p><p><span style=\"text-align: var(--text-align); font-size: 1rem;\">Cualquier informaci\u00f3n, ya sea escrita, verbal o expresada electr\u00f3nicamente, o divulgada de otro modo, que puede ser tangible o intangible.<\/span><\/p><p><span style=\"text-align: var(--text-align); font-size: 1rem;\"><b>Part\u00edcipe<\/b><\/span><\/p><p><span style=\"text-align: var(--text-align); font-size: 1rem;\">Cualquier persona que participe y responda a las encuestas realizadas por LLS Center.<\/span><\/p><p><span style=\"text-align: var(--text-align); font-size: 1rem;\"><b>Usuario<\/b><\/span><\/p><p><span style=\"text-align: var(--text-align); font-size: 1rem;\">Cualquier persona f\u00edsica, jur\u00eddica, asociaci\u00f3n, instituci\u00f3n p\u00fablica u organizaci\u00f3n que pueda acceder a los servicios y ofertas proporcionados por LLS Center.<\/span><\/p><p><span style=\"text-align: var(--text-align); font-size: 1rem;\"><b>Enlace<\/b><\/span><\/p><p><span style=\"text-align: var(--text-align); font-size: 1rem;\">Una conexi\u00f3n que permite el acceso a otro sitio web, archivos o contenido desde la Aplicaci\u00f3n o el Sitio web, o el acceso a la Aplicaci\u00f3n o el Sitio web, archivos y contenido desde otro sitio web.<\/span><\/p><p><strong><span style=\"text-align: var(--text-align); font-size: 1rem;\">Contenido<\/span><\/strong><\/p><p><span style=\"text-align: var(--text-align); font-size: 1rem;\">Cualquier informaci\u00f3n, encuesta, archivo, imagen, foto, sonido, precio, todas las im\u00e1genes visuales, literarias y auditivas publicadas o accesibles desde la Aplicaci\u00f3n o el Sitio Web del Centro LLS.<\/span><\/p><p><strong><span style=\"text-align: var(--text-align); font-size: 1rem;\">Sitio web<\/span><\/strong><\/p><p><span style=\"text-align: var(--text-align); font-size: 1rem;\">Plataforma online accesible desde la direcci\u00f3n https:\/\/zarenclinic.com\/ donde se prestan diversos servicios y contenidos en el marco establecido por LLS Center.<\/span><\/p>\t\t\t\t\t\t<\/div>\n\t\t\t\t<\/div>\n\t\t\t\t<div class=\"elementor-element elementor-element-bc5fd8a elementor-widget elementor-widget-heading\" data-id=\"bc5fd8a\" data-element_type=\"widget\" data-widget_type=\"heading.default\">\n\t\t\t\t<div class=\"elementor-widget-container\">\n\t\t\t<h3 class=\"elementor-heading-title elementor-size-default\">Disposiciones generales<\/h3>\t\t<\/div>\n\t\t\t\t<\/div>\n\t\t\t\t<div class=\"elementor-element elementor-element-560eeeb elementor-widget elementor-widget-text-editor\" data-id=\"560eeeb\" data-element_type=\"widget\" data-widget_type=\"text-editor.default\">\n\t\t\t\t<div class=\"elementor-widget-container\">\n\t\t\t\t\t\t\t<ul><li>El Centro LLS tiene total libertad para determinar qu\u00e9 servicios y contenidos accesibles en el Sitio Web est\u00e1n sujetos al pago de una tarifa.<\/li><li>Quienes se benefician de los servicios prestados por LLS Center y quienes utilizan el sitio s\u00f3lo pueden realizar transacciones en el Sitio Web para fines l\u00edcitos y personales.<\/li><li>Las responsabilidades legales y penales por todas las acciones y transacciones realizadas por los usuarios en el Sitio Web son exclusivamente suyas; LLS Center no es responsable de las acciones de los usuarios.<\/li><li>Cada usuario acepta no participar en ninguna acci\u00f3n o transacci\u00f3n que infrinja los derechos de LLS Center o de terceros; no divulgar informaci\u00f3n escrita, visual y auditiva; y reconoce que LLS Center es el propietario exclusivo de cualquier informaci\u00f3n divulgada en el momento de la divulgaci\u00f3n, incluido su uso, procesamiento, almacenamiento, divulgaci\u00f3n y divulgaci\u00f3n a terceros.<\/li><li>Los usuarios se comprometen a no reproducir, copiar, distribuir ni procesar im\u00e1genes, textos, im\u00e1genes visuales y auditivas, videoclips, archivos, bases de datos, cat\u00e1logos ni listas del Sitio Web, ni a competir directa o indirectamente con LLS Center mediante estas acciones u otros medios. Los usuarios se comprometen a proteger y preservar toda la informaci\u00f3n obtenida o conocida en virtud de estos T\u00e9rminos.<\/li><li>Los usuarios no utilizar\u00e1n ninguna informaci\u00f3n confidencial, ya sea escrita, verbal o electr\u00f3nica, obtenida durante la ejecuci\u00f3n de estos T\u00e9rminos para ning\u00fan otro fin que no sea el cumplimiento de estos T\u00e9rminos, ni la divulgar\u00e1n a terceros ni a ninguna organizaci\u00f3n. Si se divulga informaci\u00f3n confidencial a un tercero debido a la negligencia del usuario, la parte divulgadora ser\u00e1 responsable de cualquier da\u00f1o o p\u00e9rdida, directa o indirecta, que se produzca. Las obligaciones de los usuarios con respecto a la protecci\u00f3n de la informaci\u00f3n confidencial continuar\u00e1n vigentes durante 5 a\u00f1os tras la finalizaci\u00f3n de estos T\u00e9rminos.<\/li><li>El Centro LLS no se responsabiliza de los servicios ni del contenido proporcionados por terceros, incluso si son accesibles desde el Sitio Web. La exactitud y legalidad de la informaci\u00f3n, el contenido y las im\u00e1genes visuales y auditivas publicadas por terceros son responsabilidad exclusiva de estos.<\/li><li>LLS Center no garantiza ni asegura la seguridad, precisi\u00f3n o legalidad de los servicios y contenidos proporcionados por terceros.<\/li><li>El Centro LLS no se responsabiliza de verificar la exactitud de la informaci\u00f3n y el contenido proporcionados por los usuarios, ni de la carga, modificaci\u00f3n y publicaci\u00f3n que estos realicen a trav\u00e9s del Sitio Web. Los usuarios se comprometen a que la informaci\u00f3n y el contenido que proporcionan a trav\u00e9s del Sitio Web sean exactos y l\u00edcitos.<\/li><li>Los usuarios aceptan no participar en actividades que constituyan competencia desleal seg\u00fan el C\u00f3digo Comercial Turco o que infrinjan la reputaci\u00f3n personal y comercial de LLS Center o de terceros.<\/li><li>El Centro LLS puede proporcionar enlaces a otros sitios web, archivos o contenido controlados por terceros. Estos enlaces se proporcionan \u00fanicamente como referencia y no implican la aprobaci\u00f3n de los sitios web, sus operadores ni su contenido. El Centro LLS no se responsabiliza de los sitios web, archivos o contenido a los que se acceda a trav\u00e9s de estos enlaces, ni de los servicios o productos que se ofrecen a trav\u00e9s de ellos.<\/li><li>LLS Center podr\u00e1 utilizar la informaci\u00f3n proporcionada por los usuarios de conformidad con la Pol\u00edtica de Privacidad y otros acuerdos celebrados con usuarios y terceros. Esta informaci\u00f3n podr\u00e1 ser procesada, clasificada y almacenada en una base de datos. LLS Center tambi\u00e9n podr\u00e1 utilizar informaci\u00f3n sobre la identidad, direcci\u00f3n, correo electr\u00f3nico, tel\u00e9fono, direcci\u00f3n IP, actividad del sitio web, tipo de navegador, fecha y hora del usuario o visitante para realizar evaluaciones estad\u00edsticas y ofrecer servicios personalizados, de conformidad con los acuerdos celebrados con usuarios y terceros.<\/li><li>Pueden aplicarse t\u00e9rminos y condiciones espec\u00edficos o complementarios a ciertos productos, contenidos, programas u otras actividades, incluyendo puntos, regalos, art\u00edculos promocionales, cupones de descuento y cualquier otro premio o servicio obtenido por los participantes a trav\u00e9s de encuestas. Estos t\u00e9rminos y condiciones se especificar\u00e1n y los participantes estar\u00e1n sujetos a ellos.<\/li><li>Si los participantes eligen donar el monto del premio ganado, el Centro LLS donar\u00e1 el monto otorgado en nombre de los participantes a la organizaci\u00f3n especificada.<\/li><li>El monto del premio obtenido no se puede dividir en varios cupones ni utilizar de diferentes maneras.<\/li><\/ul>\t\t\t\t\t\t<\/div>\n\t\t\t\t<\/div>\n\t\t\t\t<div class=\"elementor-element elementor-element-eb9e8e8 elementor-widget elementor-widget-heading\" data-id=\"eb9e8e8\" data-element_type=\"widget\" data-widget_type=\"heading.default\">\n\t\t\t\t<div class=\"elementor-widget-container\">\n\t\t\t<h3 class=\"elementor-heading-title elementor-size-default\">Derechos de propiedad intelectual<\/h3>\t\t<\/div>\n\t\t\t\t<\/div>\n\t\t\t\t<div class=\"elementor-element elementor-element-a31ccf3 elementor-widget elementor-widget-text-editor\" data-id=\"a31ccf3\" data-element_type=\"widget\" data-widget_type=\"text-editor.default\">\n\t\t\t\t<div class=\"elementor-widget-container\">\n\t\t\t\t\t\t\t<ul><li>Todos los elementos del sitio web (incluidos, entre otros, el dise\u00f1o, el texto, las im\u00e1genes, el c\u00f3digo HTML y otros c\u00f3digos) son propiedad de LLS Center o se utilizan bajo una licencia de un tercero.<\/li><li>Los usuarios no tienen derecho a revender, procesar, compartir, distribuir, exhibir ni reproducir los servicios, la informaci\u00f3n ni las obras de LLS Center protegidas por sus derechos de autor. Salvo autorizaci\u00f3n expresa de LLS Center, los usuarios no podr\u00e1n reproducir, procesar, distribuir ni crear obras derivadas de las obras protegidas por sus derechos de autor.<\/li><li>A menos que LLS Center lo autorice expresamente, LLS Center se reserva todos los derechos sobre los servicios, la informaci\u00f3n, las obras protegidas por derechos de autor, las marcas comerciales, la imagen comercial u otros activos e informaci\u00f3n de LLS Center proporcionados a trav\u00e9s del sitio web.<\/li><\/ul>\t\t\t\t\t\t<\/div>\n\t\t\t\t<\/div>\n\t\t\t\t<div class=\"elementor-element elementor-element-6eb5d73 elementor-widget elementor-widget-heading\" data-id=\"6eb5d73\" data-element_type=\"widget\" data-widget_type=\"heading.default\">\n\t\t\t\t<div class=\"elementor-widget-container\">\n\t\t\t<h3 class=\"elementor-heading-title elementor-size-default\">Cambios en los T\u00e9rminos de Uso<\/h3>\t\t<\/div>\n\t\t\t\t<\/div>\n\t\t\t\t<div class=\"elementor-element elementor-element-54a0eb5 elementor-widget elementor-widget-text-editor\" data-id=\"54a0eb5\" data-element_type=\"widget\" data-widget_type=\"text-editor.default\">\n\t\t\t\t<div class=\"elementor-widget-container\">\n\t\t\t\t\t\t\t<ul><li>LLS Center podr\u00e1 modificar estas Condiciones de Uso en cualquier momento mediante su publicaci\u00f3n en la Aplicaci\u00f3n y el Sitio Web. Las disposiciones modificadas de estas Condiciones de Uso entrar\u00e1n en vigor a partir de la fecha de su publicaci\u00f3n. Los usuarios deber\u00e1n cumplir con cualquier cambio o correcci\u00f3n solicitada por LLS Center de inmediato. En caso de incumplimiento, los da\u00f1os, responsabilidades y sanciones resultantes ser\u00e1n de su entera responsabilidad.<\/li><\/ul>\t\t\t\t\t\t<\/div>\n\t\t\t\t<\/div>\n\t\t\t\t<div class=\"elementor-element elementor-element-3db00bb elementor-widget elementor-widget-heading\" data-id=\"3db00bb\" data-element_type=\"widget\" data-widget_type=\"heading.default\">\n\t\t\t\t<div class=\"elementor-widget-container\">\n\t\t\t<h3 class=\"elementor-heading-title elementor-size-default\">Fuerza mayor<\/h3>\t\t<\/div>\n\t\t\t\t<\/div>\n\t\t\t\t<div class=\"elementor-element elementor-element-1d1bdb1 elementor-widget elementor-widget-text-editor\" data-id=\"1d1bdb1\" data-element_type=\"widget\" data-widget_type=\"text-editor.default\">\n\t\t\t\t<div class=\"elementor-widget-container\">\n\t\t\t\t\t\t\t<ul><li>Los eventos de fuerza mayor incluyen, pero no se limitan a, desastres naturales, disturbios, guerras, huelgas, problemas de comunicaci\u00f3n, fallas de infraestructura e Internet, cortes de energ\u00eda, condiciones clim\u00e1ticas severas, epidemias o pandemias que est\u00e1n m\u00e1s all\u00e1 del control razonable de la parte afectada y no se pueden prevenir a pesar de la debida diligencia de LLS Center.<\/li><li>En caso de fuerza mayor, LLS Center no se responsabiliza del cumplimiento tard\u00edo ni del incumplimiento de ninguna de las obligaciones establecidas en estos T\u00e9rminos de Uso o la Pol\u00edtica de Privacidad. Dichas situaciones no se considerar\u00e1n demora, incumplimiento ni mora, y LLS Center no ser\u00e1 responsable de ninguna compensaci\u00f3n.<\/li><\/ul>\t\t\t\t\t\t<\/div>\n\t\t\t\t<\/div>\n\t\t\t\t<div class=\"elementor-element elementor-element-802e955 elementor-widget elementor-widget-heading\" data-id=\"802e955\" data-element_type=\"widget\" data-widget_type=\"heading.default\">\n\t\t\t\t<div class=\"elementor-widget-container\">\n\t\t\t<h3 class=\"elementor-heading-title elementor-size-default\">Ley aplicable y jurisdicci\u00f3n<\/h3>\t\t<\/div>\n\t\t\t\t<\/div>\n\t\t\t\t<div class=\"elementor-element elementor-element-420736c elementor-widget elementor-widget-text-editor\" data-id=\"420736c\" data-element_type=\"widget\" data-widget_type=\"text-editor.default\">\n\t\t\t\t<div class=\"elementor-widget-container\">\n\t\t\t\t\t\t\t<ul><li>En la implementaci\u00f3n e interpretaci\u00f3n de estos T\u00e9rminos y la gesti\u00f3n de las relaciones legales que surgen de estos T\u00e9rminos, se aplicar\u00e1 la ley turca y ser\u00e1n competentes los tribunales y las oficinas de ejecuci\u00f3n de Estambul.<\/li><\/ul>\t\t\t\t\t\t<\/div>\n\t\t\t\t<\/div>\n\t\t\t\t<div class=\"elementor-element elementor-element-f80e46c elementor-widget elementor-widget-heading\" data-id=\"f80e46c\" data-element_type=\"widget\" data-widget_type=\"heading.default\">\n\t\t\t\t<div class=\"elementor-widget-container\">\n\t\t\t<h3 class=\"elementor-heading-title elementor-size-default\">Validez y Aceptaci\u00f3n<\/h3>\t\t<\/div>\n\t\t\t\t<\/div>\n\t\t\t\t<div class=\"elementor-element elementor-element-a19d9e9 elementor-widget elementor-widget-text-editor\" data-id=\"a19d9e9\" data-element_type=\"widget\" data-widget_type=\"text-editor.default\">\n\t\t\t\t<div class=\"elementor-widget-container\">\n\t\t\t\t\t\t\t<p>Estos T\u00e9rminos de Uso entran en vigor a partir de su publicaci\u00f3n en el sitio web de LLS Center. Se considera que los usuarios los aceptan al utilizar los servicios y ofertas de LLS Center.<\/p>\t\t\t\t\t\t<\/div>\n\t\t\t\t<\/div>\n\t\t\t\t<div class=\"elementor-element elementor-element-71423c2 elementor-widget elementor-widget-heading\" data-id=\"71423c2\" data-element_type=\"widget\" data-widget_type=\"heading.default\">\n\t\t\t\t<div class=\"elementor-widget-container\">\n\t\t\t<h3 class=\"elementor-heading-title elementor-size-default\">Privacidad y seguridad<\/h3>\t\t<\/div>\n\t\t\t\t<\/div>\n\t\t\t\t<div class=\"elementor-element elementor-element-42fb4e2 elementor-widget elementor-widget-text-editor\" data-id=\"42fb4e2\" data-element_type=\"widget\" data-widget_type=\"text-editor.default\">\n\t\t\t\t<div class=\"elementor-widget-container\">\n\t\t\t\t\t\t\t<p>Este sitio web es propiedad intelectual del Centro LLS. La informaci\u00f3n de este sitio web no podr\u00e1 utilizarse, reproducirse, transmitirse, distribuirse, adaptarse, traducirse ni almacenarse, ni total ni parcialmente, sin la autorizaci\u00f3n del Centro LLS.<\/p>\t\t\t\t\t\t<\/div>\n\t\t\t\t<\/div>\n\t\t\t\t<\/div>\n\t\t\t\t<\/div>\n\t\t\t\t\t<\/div>\n\t\t\t\t<\/div>\n\t\t\t\t<\/div>","protected":false},"excerpt":{"rendered":"<p>Privacy Policy Terms of Service, Cancellation\/Refund Conditions Agreement Please carefully read the following Terms of Use (\u201cTerms\u201d) before using the LLS Center website (\u201cWebsite\u201d). If you do not agree with these terms, you will not be able to use the LLS Center website and the services provided by LLS Center. Binding Agreement This is a [&hellip;]<\/p>","protected":false},"author":1,"featured_media":0,"parent":0,"menu_order":0,"comment_status":"closed","ping_status":"closed","template":"elementor_header_footer","meta":{"footnotes":""},"class_list":["post-241","page","type-page","status-publish","hentry"],"yoast_head":"<!-- This site is optimized with the Yoast SEO plugin v26.2 - https:\/\/yoast.com\/wordpress\/plugins\/seo\/ -->\n<title>Privacy Policy - LLS Center<\/title>\n<meta name=\"description\" content=\"Terms of Service, Cancellation\/Refund Conditions\" \/>\n<meta name=\"robots\" content=\"index, follow, max-snippet:-1, max-image-preview:large, max-video-preview:-1\" \/>\n<link rel=\"canonical\" href=\"https:\/\/llscenter.com\/es\/politica-de-privacidad\/\" \/>\n<meta property=\"og:locale\" content=\"es_ES\" \/>\n<meta property=\"og:type\" content=\"article\" \/>\n<meta property=\"og:title\" content=\"Privacy Policy - LLS Center\" \/>\n<meta property=\"og:description\" content=\"Terms of Service, Cancellation\/Refund Conditions\" \/>\n<meta property=\"og:url\" content=\"https:\/\/llscenter.com\/es\/politica-de-privacidad\/\" \/>\n<meta property=\"og:site_name\" content=\"LLS Center\" \/>\n<meta property=\"article:modified_time\" content=\"2024-07-19T13:26:14+00:00\" \/>\n<meta name=\"twitter:card\" content=\"summary_large_image\" \/>\n<meta name=\"twitter:label1\" content=\"Tiempo de lectura\" \/>\n\t<meta name=\"twitter:data1\" content=\"7 minutos\" \/>\n<script type=\"application\/ld+json\" class=\"yoast-schema-graph\">{\"@context\":\"https:\/\/schema.org\",\"@graph\":[{\"@type\":\"WebPage\",\"@id\":\"https:\/\/llscenter.com\/privacy-policy\/\",\"url\":\"https:\/\/llscenter.com\/privacy-policy\/\",\"name\":\"Privacy Policy - LLS Center\",\"isPartOf\":{\"@id\":\"https:\/\/llscenter.com\/#website\"},\"datePublished\":\"2024-07-19T13:12:27+00:00\",\"dateModified\":\"2024-07-19T13:26:14+00:00\",\"description\":\"Terms of Service, Cancellation\/Refund Conditions\",\"breadcrumb\":{\"@id\":\"https:\/\/llscenter.com\/privacy-policy\/#breadcrumb\"},\"inLanguage\":\"es\",\"potentialAction\":[{\"@type\":\"ReadAction\",\"target\":[\"https:\/\/llscenter.com\/privacy-policy\/\"]}]},{\"@type\":\"BreadcrumbList\",\"@id\":\"https:\/\/llscenter.com\/privacy-policy\/#breadcrumb\",\"itemListElement\":[{\"@type\":\"ListItem\",\"position\":1,\"name\":\"Anasayfa\",\"item\":\"https:\/\/llscenter.com\/\"},{\"@type\":\"ListItem\",\"position\":2,\"name\":\"Privacy Policy\"}]},{\"@type\":\"WebSite\",\"@id\":\"https:\/\/llscenter.com\/#website\",\"url\":\"https:\/\/llscenter.com\/\",\"name\":\"LLS Center\",\"description\":\"\",\"potentialAction\":[{\"@type\":\"SearchAction\",\"target\":{\"@type\":\"EntryPoint\",\"urlTemplate\":\"https:\/\/llscenter.com\/?s={search_term_string}\"},\"query-input\":{\"@type\":\"PropertyValueSpecification\",\"valueRequired\":true,\"valueName\":\"search_term_string\"}}],\"inLanguage\":\"es\"}]}<\/script>\n<!-- \/ Yoast SEO plugin. -->","yoast_head_json":{"title":"Privacy Policy - LLS Center","description":"Terms of Service, Cancellation\/Refund Conditions","robots":{"index":"index","follow":"follow","max-snippet":"max-snippet:-1","max-image-preview":"max-image-preview:large","max-video-preview":"max-video-preview:-1"},"canonical":"https:\/\/llscenter.com\/es\/politica-de-privacidad\/","og_locale":"es_ES","og_type":"article","og_title":"Privacy Policy - LLS Center","og_description":"Terms of Service, Cancellation\/Refund Conditions","og_url":"https:\/\/llscenter.com\/es\/politica-de-privacidad\/","og_site_name":"LLS Center","article_modified_time":"2024-07-19T13:26:14+00:00","twitter_card":"summary_large_image","twitter_misc":{"Tiempo de lectura":"7 minutos"},"schema":{"@context":"https:\/\/schema.org","@graph":[{"@type":"WebPage","@id":"https:\/\/llscenter.com\/privacy-policy\/","url":"https:\/\/llscenter.com\/privacy-policy\/","name":"Privacy Policy - LLS Center","isPartOf":{"@id":"https:\/\/llscenter.com\/#website"},"datePublished":"2024-07-19T13:12:27+00:00","dateModified":"2024-07-19T13:26:14+00:00","description":"Terms of Service, Cancellation\/Refund Conditions","breadcrumb":{"@id":"https:\/\/llscenter.com\/privacy-policy\/#breadcrumb"},"inLanguage":"es","potentialAction":[{"@type":"ReadAction","target":["https:\/\/llscenter.com\/privacy-policy\/"]}]},{"@type":"BreadcrumbList","@id":"https:\/\/llscenter.com\/privacy-policy\/#breadcrumb","itemListElement":[{"@type":"ListItem","position":1,"name":"Anasayfa","item":"https:\/\/llscenter.com\/"},{"@type":"ListItem","position":2,"name":"Privacy Policy"}]},{"@type":"WebSite","@id":"https:\/\/llscenter.com\/#website","url":"https:\/\/llscenter.com\/","name":"LLS Center","description":"","potentialAction":[{"@type":"SearchAction","target":{"@type":"EntryPoint","urlTemplate":"https:\/\/llscenter.com\/?s={search_term_string}"},"query-input":{"@type":"PropertyValueSpecification","valueRequired":true,"valueName":"search_term_string"}}],"inLanguage":"es"}]}},"_links":{"self":[{"href":"https:\/\/llscenter.com\/es\/wp-json\/wp\/v2\/pages\/241","targetHints":{"allow":["GET"]}}],"collection":[{"href":"https:\/\/llscenter.com\/es\/wp-json\/wp\/v2\/pages"}],"about":[{"href":"https:\/\/llscenter.com\/es\/wp-json\/wp\/v2\/types\/page"}],"author":[{"embeddable":true,"href":"https:\/\/llscenter.com\/es\/wp-json\/wp\/v2\/users\/1"}],"replies":[{"embeddable":true,"href":"https:\/\/llscenter.com\/es\/wp-json\/wp\/v2\/comments?post=241"}],"version-history":[{"count":5,"href":"https:\/\/llscenter.com\/es\/wp-json\/wp\/v2\/pages\/241\/revisions"}],"predecessor-version":[{"id":247,"href":"https:\/\/llscenter.com\/es\/wp-json\/wp\/v2\/pages\/241\/revisions\/247"}],"wp:attachment":[{"href":"https:\/\/llscenter.com\/es\/wp-json\/wp\/v2\/media?parent=241"}],"curies":[{"name":"wp","href":"https:\/\/api.w.org\/{rel}","templated":true}]}}