{"id":194,"date":"2024-07-19T10:28:43","date_gmt":"2024-07-19T07:28:43","guid":{"rendered":"http:\/\/lls-center.test\/?page_id=194"},"modified":"2024-07-23T10:57:37","modified_gmt":"2024-07-23T07:57:37","slug":"about-us","status":"publish","type":"page","link":"https:\/\/llscenter.com\/es\/sobre-nosotros\/","title":{"rendered":"Acerca de"},"content":{"rendered":"<div data-elementor-type=\"wp-page\" data-elementor-id=\"194\" class=\"elementor elementor-194\" data-elementor-post-type=\"page\">\n\t\t\t\t<div class=\"elementor-element elementor-element-f480c8e e-flex e-con-boxed e-con e-parent\" data-id=\"f480c8e\" data-element_type=\"container\" data-settings=\"{&quot;background_background&quot;:&quot;classic&quot;}\">\n\t\t\t\t\t<div class=\"e-con-inner\">\n\t\t<div class=\"elementor-element elementor-element-a66c642 e-con-full e-flex e-con e-child\" data-id=\"a66c642\" data-element_type=\"container\">\n\t\t\t\t<div class=\"elementor-element elementor-element-6bb83a0 elementor-widget elementor-widget-heading\" data-id=\"6bb83a0\" data-element_type=\"widget\" data-widget_type=\"heading.default\">\n\t\t\t\t<div class=\"elementor-widget-container\">\n\t\t\t<h2 class=\"elementor-heading-title elementor-size-default\">Acerca de<\/h2>\t\t<\/div>\n\t\t\t\t<\/div>\n\t\t\t\t<div class=\"elementor-element elementor-element-ebe00b5 elementor-align-center elementor-widget elementor-widget-breadcrumbs\" data-id=\"ebe00b5\" data-element_type=\"widget\" data-widget_type=\"breadcrumbs.default\">\n\t\t\t\t<div class=\"elementor-widget-container\">\n\t\t\t<p id=\"breadcrumbs\"><span><span><a href=\"https:\/\/llscenter.com\/es\/\">Anasayfa<\/a><\/span><\/span><\/p>\t\t<\/div>\n\t\t\t\t<\/div>\n\t\t\t\t<\/div>\n\t\t\t\t\t<\/div>\n\t\t\t\t<\/div>\n\t\t<div class=\"elementor-element elementor-element-9fbe151 e-flex e-con-boxed e-con e-parent\" data-id=\"9fbe151\" data-element_type=\"container\">\n\t\t\t\t\t<div class=\"e-con-inner\">\n\t\t<div class=\"elementor-element elementor-element-bd00bbb e-con-full e-flex e-con e-child\" data-id=\"bd00bbb\" data-element_type=\"container\">\n\t\t<div class=\"elementor-element elementor-element-311bd49 e-con-full e-flex e-con e-child\" data-id=\"311bd49\" data-element_type=\"container\">\n\t\t\t\t<div class=\"elementor-element elementor-element-eb834fa elementor-widget elementor-widget-heading\" data-id=\"eb834fa\" data-element_type=\"widget\" data-widget_type=\"heading.default\">\n\t\t\t\t<div class=\"elementor-widget-container\">\n\t\t\t<h2 class=\"elementor-heading-title elementor-size-default\">CENTRO LLS<\/h2>\t\t<\/div>\n\t\t\t\t<\/div>\n\t\t\t\t<div class=\"elementor-element elementor-element-83024b5 elementor-widget elementor-widget-heading\" data-id=\"83024b5\" data-element_type=\"widget\" data-widget_type=\"heading.default\">\n\t\t\t\t<div class=\"elementor-widget-container\">\n\t\t\t<h3 class=\"elementor-heading-title elementor-size-default\">Servicio confiable con muchos a\u00f1os de experiencia\n<\/h3>\t\t<\/div>\n\t\t\t\t<\/div>\n\t\t\t\t<div class=\"elementor-element elementor-element-63cf220 elementor-widget elementor-widget-text-editor\" data-id=\"63cf220\" data-element_type=\"widget\" data-widget_type=\"text-editor.default\">\n\t\t\t\t<div class=\"elementor-widget-container\">\n\t\t\t\t\t\t\t<p>Estamos en una posici\u00f3n de liderazgo en el sector con muchos a\u00f1os de experiencia y conocimiento.\u00a0<\/p><p>Ofrecemos un servicio perfecto en el campo del alargamiento de extremidades y botas con nuestro equipo profesional y m\u00e9dicos especialistas.\u00a0<\/p><p>Hemos aumentado continuamente nuestro \u00edndice de satisfacci\u00f3n al aplicar tratamientos exitosos a miles de pacientes hasta la fecha.<\/p>\t\t\t\t\t\t<\/div>\n\t\t\t\t<\/div>\n\t\t\t\t<div class=\"elementor-element elementor-element-ab8594a elementor-widget elementor-widget-heading\" data-id=\"ab8594a\" data-element_type=\"widget\" data-widget_type=\"heading.default\">\n\t\t\t\t<div class=\"elementor-widget-container\">\n\t\t\t<h3 class=\"elementor-heading-title elementor-size-default\">Nuestro enfoque de trabajo orientado a la satisfacci\u00f3n del cliente<\/h3>\t\t<\/div>\n\t\t\t\t<\/div>\n\t\t\t\t<div class=\"elementor-element elementor-element-0ed9d9d elementor-widget elementor-widget-text-editor\" data-id=\"0ed9d9d\" data-element_type=\"widget\" data-widget_type=\"text-editor.default\">\n\t\t\t\t<div class=\"elementor-widget-container\">\n\t\t\t\t\t\t\t<p>La satisfacci\u00f3n del cliente es siempre nuestra m\u00e1xima prioridad. Con nuestro enfoque centrado en las personas, nos esforzamos por comprender las necesidades de nuestros pacientes y ofrecerles las soluciones m\u00e1s adecuadas.<\/p><p>Estamos orgullosos de recibir altos puntajes en las encuestas de satisfacci\u00f3n y tener un impacto positivo en la vida de nuestros pacientes.<\/p>\t\t\t\t\t\t<\/div>\n\t\t\t\t<\/div>\n\t\t<div class=\"elementor-element elementor-element-b0ec1ac e-con-full e-flex e-con e-child\" data-id=\"b0ec1ac\" data-element_type=\"container\">\n\t\t<div class=\"elementor-element elementor-element-d43d348 e-con-full e-flex e-con e-child\" data-id=\"d43d348\" data-element_type=\"container\">\n\t\t\t\t<div class=\"elementor-element elementor-element-4da3a23 elementor-widget elementor-widget-counter\" data-id=\"4da3a23\" data-element_type=\"widget\" data-widget_type=\"counter.default\">\n\t\t\t\t<div class=\"elementor-widget-container\">\n\t\t\t\t\t<div class=\"elementor-counter\">\n\t\t\t<div class=\"elementor-counter-title\">A\u00f1os<\/div>\t\t\t<div class=\"elementor-counter-number-wrapper\">\n\t\t\t\t<span class=\"elementor-counter-number-prefix\"><\/span>\n\t\t\t\t<span class=\"elementor-counter-number\" data-duration=\"2000\" data-to-value=\"7\" data-from-value=\"0\">0<\/span>\n\t\t\t\t<span class=\"elementor-counter-number-suffix\"><\/span>\n\t\t\t<\/div>\n\t\t<\/div>\n\t\t\t\t<\/div>\n\t\t\t\t<\/div>\n\t\t\t\t<\/div>\n\t\t<div class=\"elementor-element elementor-element-13c9a5c e-con-full e-flex e-con e-child\" data-id=\"13c9a5c\" data-element_type=\"container\">\n\t\t\t\t<div class=\"elementor-element elementor-element-706cc1b elementor-widget elementor-widget-counter\" data-id=\"706cc1b\" data-element_type=\"widget\" data-widget_type=\"counter.default\">\n\t\t\t\t<div class=\"elementor-widget-container\">\n\t\t\t\t\t<div class=\"elementor-counter\">\n\t\t\t<div class=\"elementor-counter-title\">Miembro del equipo<\/div>\t\t\t<div class=\"elementor-counter-number-wrapper\">\n\t\t\t\t<span class=\"elementor-counter-number-prefix\"><\/span>\n\t\t\t\t<span class=\"elementor-counter-number\" data-duration=\"2000\" data-to-value=\"50\" data-from-value=\"0\">0<\/span>\n\t\t\t\t<span class=\"elementor-counter-number-suffix\"><\/span>\n\t\t\t<\/div>\n\t\t<\/div>\n\t\t\t\t<\/div>\n\t\t\t\t<\/div>\n\t\t\t\t<\/div>\n\t\t<div class=\"elementor-element elementor-element-4781637 e-con-full e-flex e-con e-child\" data-id=\"4781637\" data-element_type=\"container\">\n\t\t\t\t<div class=\"elementor-element elementor-element-d3018fa elementor-widget elementor-widget-counter\" data-id=\"d3018fa\" data-element_type=\"widget\" data-widget_type=\"counter.default\">\n\t\t\t\t<div class=\"elementor-widget-container\">\n\t\t\t\t\t<div class=\"elementor-counter\">\n\t\t\t<div class=\"elementor-counter-title\">Paciente<\/div>\t\t\t<div class=\"elementor-counter-number-wrapper\">\n\t\t\t\t<span class=\"elementor-counter-number-prefix\"><\/span>\n\t\t\t\t<span class=\"elementor-counter-number\" data-duration=\"2000\" data-to-value=\"752\" data-from-value=\"0\">0<\/span>\n\t\t\t\t<span class=\"elementor-counter-number-suffix\"><\/span>\n\t\t\t<\/div>\n\t\t<\/div>\n\t\t\t\t<\/div>\n\t\t\t\t<\/div>\n\t\t\t\t<\/div>\n\t\t\t\t<\/div>\n\t\t<div class=\"elementor-element elementor-element-005e4a9 e-con-full e-flex e-con e-child\" data-id=\"005e4a9\" data-element_type=\"container\">\n\t\t<div class=\"elementor-element elementor-element-a426303 e-flex e-con-boxed e-con e-child\" data-id=\"a426303\" data-element_type=\"container\">\n\t\t\t\t\t<div class=\"e-con-inner\">\n\t\t\t\t<div class=\"elementor-element elementor-element-c527d62 elementor-position-top elementor-widget elementor-widget-image-box\" data-id=\"c527d62\" data-element_type=\"widget\" data-widget_type=\"image-box.default\">\n\t\t\t\t<div class=\"elementor-widget-container\">\n\t\t\t<div class=\"elementor-image-box-wrapper\"><figure class=\"elementor-image-box-img\"><img decoding=\"async\" width=\"200\" height=\"200\" src=\"https:\/\/llscenter.com\/wp-content\/uploads\/2024\/07\/height.png\" class=\"attachment-full size-full wp-image-223\" alt=\"\" srcset=\"https:\/\/llscenter.com\/wp-content\/uploads\/2024\/07\/height.png 200w, https:\/\/llscenter.com\/wp-content\/uploads\/2024\/07\/height-150x150.png 150w, https:\/\/llscenter.com\/wp-content\/uploads\/2024\/07\/height-12x12.png 12w\" sizes=\"(max-width: 200px) 100vw, 200px\" \/><\/figure><div class=\"elementor-image-box-content\"><h3 class=\"elementor-image-box-title\">Extensi\u00f3n de extremidades<\/h3><p class=\"elementor-image-box-description\">Cierre la brecha en su altura y viva una vida m\u00e1s c\u00f3moda con m\u00e9todos de alargamiento de extremidades no quir\u00fargicos, r\u00e1pidos e indoloros.<\/p><\/div><\/div>\t\t<\/div>\n\t\t\t\t<\/div>\n\t\t\t\t\t<\/div>\n\t\t\t\t<\/div>\n\t\t<div class=\"elementor-element elementor-element-d3ea8e6 e-flex e-con-boxed e-con e-child\" data-id=\"d3ea8e6\" data-element_type=\"container\">\n\t\t\t\t\t<div class=\"e-con-inner\">\n\t\t\t\t<div class=\"elementor-element elementor-element-2d8e260 elementor-position-top elementor-widget elementor-widget-image-box\" data-id=\"2d8e260\" data-element_type=\"widget\" data-widget_type=\"image-box.default\">\n\t\t\t\t<div class=\"elementor-widget-container\">\n\t\t\t<div class=\"elementor-image-box-wrapper\"><figure class=\"elementor-image-box-img\"><img decoding=\"async\" width=\"200\" height=\"200\" src=\"https:\/\/llscenter.com\/wp-content\/uploads\/2024\/07\/height-1.png\" class=\"attachment-full size-full wp-image-227\" alt=\"\" srcset=\"https:\/\/llscenter.com\/wp-content\/uploads\/2024\/07\/height-1.png 200w, https:\/\/llscenter.com\/wp-content\/uploads\/2024\/07\/height-1-150x150.png 150w, https:\/\/llscenter.com\/wp-content\/uploads\/2024\/07\/height-1-12x12.png 12w\" sizes=\"(max-width: 200px) 100vw, 200px\" \/><\/figure><div class=\"elementor-image-box-content\"><h3 class=\"elementor-image-box-title\">Extensi\u00f3n de altura<\/h3><p class=\"elementor-image-box-description\">Operaciones de alargamiento seguras con dispositivos de \u00faltima generaci\u00f3n para regular tus ratios de altura y conseguir la altura deseada.<\/p><\/div><\/div>\t\t<\/div>\n\t\t\t\t<\/div>\n\t\t\t\t\t<\/div>\n\t\t\t\t<\/div>\n\t\t<div class=\"elementor-element elementor-element-f0a1296 e-flex e-con-boxed e-con e-child\" data-id=\"f0a1296\" data-element_type=\"container\">\n\t\t\t\t\t<div class=\"e-con-inner\">\n\t\t\t\t<div class=\"elementor-element elementor-element-517ae0c elementor-position-top elementor-widget elementor-widget-image-box\" data-id=\"517ae0c\" data-element_type=\"widget\" data-widget_type=\"image-box.default\">\n\t\t\t\t<div class=\"elementor-widget-container\">\n\t\t\t<div class=\"elementor-image-box-wrapper\"><figure class=\"elementor-image-box-img\"><img decoding=\"async\" width=\"200\" height=\"200\" src=\"https:\/\/llscenter.com\/wp-content\/uploads\/2024\/07\/solutions.png\" class=\"attachment-full size-full wp-image-229\" alt=\"\" srcset=\"https:\/\/llscenter.com\/wp-content\/uploads\/2024\/07\/solutions.png 200w, https:\/\/llscenter.com\/wp-content\/uploads\/2024\/07\/solutions-150x150.png 150w, https:\/\/llscenter.com\/wp-content\/uploads\/2024\/07\/solutions-12x12.png 12w\" sizes=\"(max-width: 200px) 100vw, 200px\" \/><\/figure><div class=\"elementor-image-box-content\"><h3 class=\"elementor-image-box-title\">Soluciones personalizadas<\/h3><p class=\"elementor-image-box-description\">Consiga los mejores resultados con planes de tratamiento personalizados para cada paciente y nuestros consultores expertos.<\/p><\/div><\/div>\t\t<\/div>\n\t\t\t\t<\/div>\n\t\t\t\t\t<\/div>\n\t\t\t\t<\/div>\n\t\t\t\t<\/div>\n\t\t<div class=\"elementor-element elementor-element-ed4954e e-con-full e-flex e-con e-child\" data-id=\"ed4954e\" data-element_type=\"container\">\n\t\t\t\t<div class=\"elementor-element elementor-element-e41d6f4 elementor-widget elementor-widget-text-editor\" data-id=\"e41d6f4\" data-element_type=\"widget\" data-widget_type=\"text-editor.default\">\n\t\t\t\t<div class=\"elementor-widget-container\">\n\t\t\t\t\t\t\t<p>El Centro LLS es uno de los centros de salud l\u00edderes en el campo del alargamiento de extremidades y botas. Nuestra misi\u00f3n es ayudar a nuestros pacientes a aumentar su estatura con los m\u00e9todos m\u00e1s avanzados y confiables, permiti\u00e9ndoles llevar una vida m\u00e1s activa y feliz.<\/p><p>Junto con nuestro personal experto y cirujanos experimentados, utilizamos el conocimiento y la experiencia que hemos adquirido en este campo durante muchos a\u00f1os para brindar un servicio de la m\u00e1s alta calidad a nuestros pacientes.<\/p><p>El alargamiento de extremidades ofrece una soluci\u00f3n para personas con diferencias de altura debido a factores gen\u00e9ticos, p\u00e9rdida accidental de extremidades u otras razones. En LLS Center, utilizamos t\u00e9cnicas de alargamiento de extremidades no quir\u00fargicas para mejorar la calidad de vida de nuestros pacientes y facilitar sus actividades diarias. De esta manera, nuestros pacientes pueden experimentar un proceso de alargamiento de extremidades r\u00e1pido e indoloro.<\/p><p>El alargamiento de altura es un m\u00e9todo que se aplica para corregir desequilibrios en la proporci\u00f3n de estatura y lograr la altura deseada. En LLS Center, utilizamos implantes y dispositivos de \u00faltima generaci\u00f3n para realizar operaciones de alargamiento de bota de forma segura y eficaz. Monitoreamos regularmente el estado de salud de nuestros pacientes despu\u00e9s de la cirug\u00eda y nos aseguramos de que obtengan los mejores resultados.<\/p>\t\t\t\t\t\t<\/div>\n\t\t\t\t<\/div>\n\t\t<div class=\"elementor-element elementor-element-d2a7448 e-con-full e-flex e-con e-child\" data-id=\"d2a7448\" data-element_type=\"container\">\n\t\t<div class=\"elementor-element elementor-element-e46f589 e-flex e-con-boxed e-con e-child\" data-id=\"e46f589\" data-element_type=\"container\">\n\t\t\t\t\t<div class=\"e-con-inner\">\n\t\t\t\t<div class=\"elementor-element elementor-element-dbeb867 elementor-position-left elementor-vertical-align-middle elementor-widget elementor-widget-image-box\" data-id=\"dbeb867\" data-element_type=\"widget\" data-widget_type=\"image-box.default\">\n\t\t\t\t<div class=\"elementor-widget-container\">\n\t\t\t<div class=\"elementor-image-box-wrapper\"><figure class=\"elementor-image-box-img\"><img loading=\"lazy\" decoding=\"async\" width=\"200\" height=\"200\" src=\"https:\/\/llscenter.com\/wp-content\/uploads\/2024\/07\/talk.png\" class=\"attachment-full size-full wp-image-69\" alt=\"\" srcset=\"https:\/\/llscenter.com\/wp-content\/uploads\/2024\/07\/talk.png 200w, https:\/\/llscenter.com\/wp-content\/uploads\/2024\/07\/talk-150x150.png 150w, https:\/\/llscenter.com\/wp-content\/uploads\/2024\/07\/talk-12x12.png 12w\" sizes=\"(max-width: 200px) 100vw, 200px\" \/><\/figure><div class=\"elementor-image-box-content\"><h3 class=\"elementor-image-box-title\">Consultor\u00eda gratuita<\/h3><p class=\"elementor-image-box-description\">Aproveche nuestro servicio de consultor\u00eda gratuito para resolver sus dudas, ofrecer soluciones personalizadas y hacerle la vida m\u00e1s f\u00e1cil con la orientaci\u00f3n adecuada.<\/p><\/div><\/div>\t\t<\/div>\n\t\t\t\t<\/div>\n\t\t\t\t<div class=\"elementor-element elementor-element-3465627 elementor-position-left elementor-vertical-align-middle elementor-widget elementor-widget-image-box\" data-id=\"3465627\" data-element_type=\"widget\" data-widget_type=\"image-box.default\">\n\t\t\t\t<div class=\"elementor-widget-container\">\n\t\t\t<div class=\"elementor-image-box-wrapper\"><figure class=\"elementor-image-box-img\"><img loading=\"lazy\" decoding=\"async\" width=\"200\" height=\"200\" src=\"https:\/\/llscenter.com\/wp-content\/uploads\/2024\/07\/accommodation.png\" class=\"attachment-full size-full wp-image-86\" alt=\"\" srcset=\"https:\/\/llscenter.com\/wp-content\/uploads\/2024\/07\/accommodation.png 200w, https:\/\/llscenter.com\/wp-content\/uploads\/2024\/07\/accommodation-150x150.png 150w, https:\/\/llscenter.com\/wp-content\/uploads\/2024\/07\/accommodation-12x12.png 12w\" sizes=\"(max-width: 200px) 100vw, 200px\" \/><\/figure><div class=\"elementor-image-box-content\"><h3 class=\"elementor-image-box-title\">Alojamiento<\/h3><p class=\"elementor-image-box-description\">Le damos la bienvenida con nuestras exclusivas opciones de hotel y alojamiento para que disfrute de experiencias inolvidables y una estancia confortable. El\u00edjanos para una experiencia de alojamiento tranquila y lujosa.<\/p><\/div><\/div>\t\t<\/div>\n\t\t\t\t<\/div>\n\t\t\t\t\t<\/div>\n\t\t\t\t<\/div>\n\t\t<div class=\"elementor-element elementor-element-b850ce6 e-flex e-con-boxed e-con e-child\" data-id=\"b850ce6\" data-element_type=\"container\">\n\t\t\t\t\t<div class=\"e-con-inner\">\n\t\t\t\t<div class=\"elementor-element elementor-element-7ab5593 elementor-position-left elementor-vertical-align-middle elementor-widget elementor-widget-image-box\" data-id=\"7ab5593\" data-element_type=\"widget\" data-widget_type=\"image-box.default\">\n\t\t\t\t<div class=\"elementor-widget-container\">\n\t\t\t<div class=\"elementor-image-box-wrapper\"><figure class=\"elementor-image-box-img\"><img loading=\"lazy\" decoding=\"async\" width=\"200\" height=\"200\" src=\"https:\/\/llscenter.com\/wp-content\/uploads\/2024\/07\/vip.png\" class=\"attachment-full size-full wp-image-213\" alt=\"\" srcset=\"https:\/\/llscenter.com\/wp-content\/uploads\/2024\/07\/vip.png 200w, https:\/\/llscenter.com\/wp-content\/uploads\/2024\/07\/vip-150x150.png 150w, https:\/\/llscenter.com\/wp-content\/uploads\/2024\/07\/vip-12x12.png 12w\" sizes=\"(max-width: 200px) 100vw, 200px\" \/><\/figure><div class=\"elementor-image-box-content\"><h3 class=\"elementor-image-box-title\">Transporte VIP<\/h3><p class=\"elementor-image-box-description\">Disfrute de la comodidad de sus viajes con nuestro exclusivo servicio de transporte VIP y llegue a su destino con nuestros veh\u00edculos de lujo cuidadosamente dise\u00f1ados para su comodidad.<\/p><\/div><\/div>\t\t<\/div>\n\t\t\t\t<\/div>\n\t\t\t\t<div class=\"elementor-element elementor-element-53b2ea4 elementor-position-left elementor-vertical-align-middle elementor-widget elementor-widget-image-box\" data-id=\"53b2ea4\" data-element_type=\"widget\" data-widget_type=\"image-box.default\">\n\t\t\t\t<div class=\"elementor-widget-container\">\n\t\t\t<div class=\"elementor-image-box-wrapper\"><figure class=\"elementor-image-box-img\"><img loading=\"lazy\" decoding=\"async\" width=\"200\" height=\"200\" src=\"https:\/\/llscenter.com\/wp-content\/uploads\/2024\/07\/management-service.png\" class=\"attachment-full size-full wp-image-214\" alt=\"\" srcset=\"https:\/\/llscenter.com\/wp-content\/uploads\/2024\/07\/management-service.png 200w, https:\/\/llscenter.com\/wp-content\/uploads\/2024\/07\/management-service-150x150.png 150w, https:\/\/llscenter.com\/wp-content\/uploads\/2024\/07\/management-service-12x12.png 12w\" sizes=\"(max-width: 200px) 100vw, 200px\" \/><\/figure><div class=\"elementor-image-box-content\"><h3 class=\"elementor-image-box-title\">Otros servicios<\/h3><p class=\"elementor-image-box-description\">Te facilitamos la vida con nuestros otros servicios especiales. Haz tu vida m\u00e1s placentera con las diferentes opciones de servicio que puedes solicitar.<\/p><\/div><\/div>\t\t<\/div>\n\t\t\t\t<\/div>\n\t\t\t\t\t<\/div>\n\t\t\t\t<\/div>\n\t\t\t\t<\/div>\n\t\t\t\t<\/div>\n\t\t\t\t<\/div>\n\t\t\t\t<\/div>\n\t\t\t\t\t<\/div>\n\t\t\t\t<\/div>\n\t\t\t\t<\/div>","protected":false},"excerpt":{"rendered":"<p>Ofrecemos un servicio perfecto en el campo del alargamiento de extremidades y botas con nuestro equipo profesional y m\u00e9dicos especialistas.<\/p>","protected":false},"author":1,"featured_media":0,"parent":0,"menu_order":0,"comment_status":"closed","ping_status":"closed","template":"elementor_header_footer","meta":{"footnotes":""},"class_list":["post-194","page","type-page","status-publish","hentry"],"yoast_head":"<!-- This site is optimized with the Yoast SEO plugin v26.2 - https:\/\/yoast.com\/wordpress\/plugins\/seo\/ -->\n<title>About Us - LLS Center<\/title>\n<meta name=\"description\" content=\"We offer perfect service in the field of limb and boot lengthening with our professional team and specialist doctors.\" \/>\n<meta name=\"robots\" content=\"index, follow, max-snippet:-1, max-image-preview:large, max-video-preview:-1\" \/>\n<link rel=\"canonical\" href=\"https:\/\/llscenter.com\/es\/sobre-nosotros\/\" \/>\n<meta property=\"og:locale\" content=\"es_ES\" \/>\n<meta property=\"og:type\" content=\"article\" \/>\n<meta property=\"og:title\" content=\"About Us - LLS Center\" \/>\n<meta property=\"og:description\" content=\"We offer perfect service in the field of limb and boot lengthening with our professional team and specialist doctors.\" \/>\n<meta property=\"og:url\" content=\"https:\/\/llscenter.com\/es\/sobre-nosotros\/\" \/>\n<meta property=\"og:site_name\" content=\"LLS Center\" \/>\n<meta property=\"article:modified_time\" content=\"2024-07-23T07:57:37+00:00\" \/>\n<meta property=\"og:image\" content=\"https:\/\/llscenter.com\/wp-content\/uploads\/2024\/07\/height.png\" \/>\n<meta name=\"twitter:card\" content=\"summary_large_image\" \/>\n<meta name=\"twitter:label1\" content=\"Tiempo de lectura\" \/>\n\t<meta name=\"twitter:data1\" content=\"4 minutos\" \/>\n<script type=\"application\/ld+json\" class=\"yoast-schema-graph\">{\"@context\":\"https:\/\/schema.org\",\"@graph\":[{\"@type\":\"WebPage\",\"@id\":\"https:\/\/llscenter.com\/about-us\/\",\"url\":\"https:\/\/llscenter.com\/about-us\/\",\"name\":\"About Us - LLS Center\",\"isPartOf\":{\"@id\":\"https:\/\/llscenter.com\/#website\"},\"primaryImageOfPage\":{\"@id\":\"https:\/\/llscenter.com\/about-us\/#primaryimage\"},\"image\":{\"@id\":\"https:\/\/llscenter.com\/about-us\/#primaryimage\"},\"thumbnailUrl\":\"https:\/\/llscenter.com\/wp-content\/uploads\/2024\/07\/height.png\",\"datePublished\":\"2024-07-19T07:28:43+00:00\",\"dateModified\":\"2024-07-23T07:57:37+00:00\",\"description\":\"We offer perfect service in the field of limb and boot lengthening with our professional team and specialist doctors.\",\"breadcrumb\":{\"@id\":\"https:\/\/llscenter.com\/about-us\/#breadcrumb\"},\"inLanguage\":\"es\",\"potentialAction\":[{\"@type\":\"ReadAction\",\"target\":[\"https:\/\/llscenter.com\/about-us\/\"]}]},{\"@type\":\"ImageObject\",\"inLanguage\":\"es\",\"@id\":\"https:\/\/llscenter.com\/about-us\/#primaryimage\",\"url\":\"https:\/\/llscenter.com\/wp-content\/uploads\/2024\/07\/height.png\",\"contentUrl\":\"https:\/\/llscenter.com\/wp-content\/uploads\/2024\/07\/height.png\"},{\"@type\":\"BreadcrumbList\",\"@id\":\"https:\/\/llscenter.com\/about-us\/#breadcrumb\",\"itemListElement\":[{\"@type\":\"ListItem\",\"position\":1,\"name\":\"Anasayfa\",\"item\":\"https:\/\/llscenter.com\/\"},{\"@type\":\"ListItem\",\"position\":2,\"name\":\"About Us\"}]},{\"@type\":\"WebSite\",\"@id\":\"https:\/\/llscenter.com\/#website\",\"url\":\"https:\/\/llscenter.com\/\",\"name\":\"LLS Center\",\"description\":\"\",\"potentialAction\":[{\"@type\":\"SearchAction\",\"target\":{\"@type\":\"EntryPoint\",\"urlTemplate\":\"https:\/\/llscenter.com\/?s={search_term_string}\"},\"query-input\":{\"@type\":\"PropertyValueSpecification\",\"valueRequired\":true,\"valueName\":\"search_term_string\"}}],\"inLanguage\":\"es\"}]}<\/script>\n<!-- \/ Yoast SEO plugin. -->","yoast_head_json":{"title":"About Us - LLS Center","description":"We offer perfect service in the field of limb and boot lengthening with our professional team and specialist doctors.","robots":{"index":"index","follow":"follow","max-snippet":"max-snippet:-1","max-image-preview":"max-image-preview:large","max-video-preview":"max-video-preview:-1"},"canonical":"https:\/\/llscenter.com\/es\/sobre-nosotros\/","og_locale":"es_ES","og_type":"article","og_title":"About Us - LLS Center","og_description":"We offer perfect service in the field of limb and boot lengthening with our professional team and specialist doctors.","og_url":"https:\/\/llscenter.com\/es\/sobre-nosotros\/","og_site_name":"LLS Center","article_modified_time":"2024-07-23T07:57:37+00:00","og_image":[{"url":"https:\/\/llscenter.com\/wp-content\/uploads\/2024\/07\/height.png","type":"","width":"","height":""}],"twitter_card":"summary_large_image","twitter_misc":{"Tiempo de lectura":"4 minutos"},"schema":{"@context":"https:\/\/schema.org","@graph":[{"@type":"WebPage","@id":"https:\/\/llscenter.com\/about-us\/","url":"https:\/\/llscenter.com\/about-us\/","name":"About Us - LLS Center","isPartOf":{"@id":"https:\/\/llscenter.com\/#website"},"primaryImageOfPage":{"@id":"https:\/\/llscenter.com\/about-us\/#primaryimage"},"image":{"@id":"https:\/\/llscenter.com\/about-us\/#primaryimage"},"thumbnailUrl":"https:\/\/llscenter.com\/wp-content\/uploads\/2024\/07\/height.png","datePublished":"2024-07-19T07:28:43+00:00","dateModified":"2024-07-23T07:57:37+00:00","description":"We offer perfect service in the field of limb and boot lengthening with our professional team and specialist doctors.","breadcrumb":{"@id":"https:\/\/llscenter.com\/about-us\/#breadcrumb"},"inLanguage":"es","potentialAction":[{"@type":"ReadAction","target":["https:\/\/llscenter.com\/about-us\/"]}]},{"@type":"ImageObject","inLanguage":"es","@id":"https:\/\/llscenter.com\/about-us\/#primaryimage","url":"https:\/\/llscenter.com\/wp-content\/uploads\/2024\/07\/height.png","contentUrl":"https:\/\/llscenter.com\/wp-content\/uploads\/2024\/07\/height.png"},{"@type":"BreadcrumbList","@id":"https:\/\/llscenter.com\/about-us\/#breadcrumb","itemListElement":[{"@type":"ListItem","position":1,"name":"Anasayfa","item":"https:\/\/llscenter.com\/"},{"@type":"ListItem","position":2,"name":"About Us"}]},{"@type":"WebSite","@id":"https:\/\/llscenter.com\/#website","url":"https:\/\/llscenter.com\/","name":"LLS Center","description":"","potentialAction":[{"@type":"SearchAction","target":{"@type":"EntryPoint","urlTemplate":"https:\/\/llscenter.com\/?s={search_term_string}"},"query-input":{"@type":"PropertyValueSpecification","valueRequired":true,"valueName":"search_term_string"}}],"inLanguage":"es"}]}},"_links":{"self":[{"href":"https:\/\/llscenter.com\/es\/wp-json\/wp\/v2\/pages\/194","targetHints":{"allow":["GET"]}}],"collection":[{"href":"https:\/\/llscenter.com\/es\/wp-json\/wp\/v2\/pages"}],"about":[{"href":"https:\/\/llscenter.com\/es\/wp-json\/wp\/v2\/types\/page"}],"author":[{"embeddable":true,"href":"https:\/\/llscenter.com\/es\/wp-json\/wp\/v2\/users\/1"}],"replies":[{"embeddable":true,"href":"https:\/\/llscenter.com\/es\/wp-json\/wp\/v2\/comments?post=194"}],"version-history":[{"count":22,"href":"https:\/\/llscenter.com\/es\/wp-json\/wp\/v2\/pages\/194\/revisions"}],"predecessor-version":[{"id":512,"href":"https:\/\/llscenter.com\/es\/wp-json\/wp\/v2\/pages\/194\/revisions\/512"}],"wp:attachment":[{"href":"https:\/\/llscenter.com\/es\/wp-json\/wp\/v2\/media?parent=194"}],"curies":[{"name":"wp","href":"https:\/\/api.w.org\/{rel}","templated":true}]}}