{"id":233,"date":"2024-07-19T15:40:08","date_gmt":"2024-07-19T12:40:08","guid":{"rendered":"http:\/\/lls-center.test\/?page_id=233"},"modified":"2024-07-23T11:17:16","modified_gmt":"2024-07-23T08:17:16","slug":"contact-us","status":"publish","type":"page","link":"https:\/\/llscenter.com\/de\/kontaktieren-sie-uns\/","title":{"rendered":"Kontaktieren"},"content":{"rendered":"<div data-elementor-type=\"wp-page\" data-elementor-id=\"233\" class=\"elementor elementor-233\" data-elementor-post-type=\"page\">\n\t\t\t\t<div class=\"elementor-element elementor-element-f480c8e e-flex e-con-boxed e-con e-parent\" data-id=\"f480c8e\" data-element_type=\"container\" data-settings=\"{&quot;background_background&quot;:&quot;classic&quot;}\">\n\t\t\t\t\t<div class=\"e-con-inner\">\n\t\t<div class=\"elementor-element elementor-element-a66c642 e-con-full e-flex e-con e-child\" data-id=\"a66c642\" data-element_type=\"container\">\n\t\t\t\t<div class=\"elementor-element elementor-element-6bb83a0 elementor-widget elementor-widget-heading\" data-id=\"6bb83a0\" data-element_type=\"widget\" data-widget_type=\"heading.default\">\n\t\t\t\t<div class=\"elementor-widget-container\">\n\t\t\t<h2 class=\"elementor-heading-title elementor-size-default\">\u00dcber uns<\/h2>\t\t<\/div>\n\t\t\t\t<\/div>\n\t\t\t\t<div class=\"elementor-element elementor-element-ebe00b5 elementor-align-center elementor-widget elementor-widget-breadcrumbs\" data-id=\"ebe00b5\" data-element_type=\"widget\" data-widget_type=\"breadcrumbs.default\">\n\t\t\t\t<div class=\"elementor-widget-container\">\n\t\t\t<p id=\"breadcrumbs\"><span><span><a href=\"https:\/\/llscenter.com\/de\/\">Anasayfa<\/a><\/span><\/span><\/p>\t\t<\/div>\n\t\t\t\t<\/div>\n\t\t\t\t<\/div>\n\t\t\t\t\t<\/div>\n\t\t\t\t<\/div>\n\t\t<div class=\"elementor-element elementor-element-249fd36 e-flex e-con-boxed e-con e-parent\" data-id=\"249fd36\" data-element_type=\"container\">\n\t\t\t\t\t<div class=\"e-con-inner\">\n\t\t<div class=\"elementor-element elementor-element-665e5c7 e-con-full e-flex e-con e-child\" data-id=\"665e5c7\" data-element_type=\"container\">\n\t\t\t\t<div class=\"elementor-element elementor-element-782d1cb elementor-widget elementor-widget-google_maps\" data-id=\"782d1cb\" data-element_type=\"widget\" data-widget_type=\"google_maps.default\">\n\t\t\t\t<div class=\"elementor-widget-container\">\n\t\t\t\t\t<div class=\"elementor-custom-embed\">\n\t\t\t<iframe loading=\"lazy\"\n\t\t\t\t\tsrc=\"https:\/\/maps.google.com\/maps?q=zaren%20clinic&#038;t=m&#038;z=18&#038;output=embed&#038;iwloc=near\"\n\t\t\t\t\ttitle=\"Zaren-Klinik\"\n\t\t\t\t\taria-label=\"Zaren-Klinik\"\n\t\t\t><\/iframe>\n\t\t<\/div>\n\t\t\t\t<\/div>\n\t\t\t\t<\/div>\n\t\t\t\t<\/div>\n\t\t\t\t\t<\/div>\n\t\t\t\t<\/div>\n\t\t<div class=\"elementor-element elementor-element-6f2ac44 e-flex e-con-boxed e-con e-parent\" data-id=\"6f2ac44\" data-element_type=\"container\">\n\t\t\t\t\t<div class=\"e-con-inner\">\n\t\t<div class=\"elementor-element elementor-element-a01d63d e-con-full e-flex e-con e-child\" data-id=\"a01d63d\" data-element_type=\"container\">\n\t\t<div class=\"elementor-element elementor-element-004c88b e-con-full e-flex e-con e-child\" data-id=\"004c88b\" data-element_type=\"container\">\n\t\t\t\t<div class=\"elementor-element elementor-element-400dafb elementor-widget elementor-widget-shortcode\" data-id=\"400dafb\" data-element_type=\"widget\" data-widget_type=\"shortcode.default\">\n\t\t\t\t<div class=\"elementor-widget-container\">\n\t\t\t\t\t<div class=\"elementor-shortcode\">\n<div class=\"wpcf7 no-js\" id=\"wpcf7-f16-o1\" lang=\"tr-TR\" dir=\"ltr\" data-wpcf7-id=\"16\">\n<div class=\"screen-reader-response\"><p role=\"status\" aria-live=\"polite\" aria-atomic=\"true\"><\/p> <ul><\/ul><\/div>\n<form action=\"\/de\/wp-json\/wp\/v2\/pages\/233#wpcf7-f16-o1\" method=\"post\" class=\"wpcf7-form init\" aria-label=\"\u0130leti\u015fim Formu\" novalidate=\"novalidate\" data-status=\"init\" data-trp-original-action=\"\/de\/wp-json\/wp\/v2\/pages\/233#wpcf7-f16-o1\">\n<fieldset class=\"hidden-fields-container\"><input type=\"hidden\" name=\"_wpcf7\" value=\"16\" \/><input type=\"hidden\" name=\"_wpcf7_version\" value=\"6.1.2\" \/><input type=\"hidden\" name=\"_wpcf7_locale\" value=\"tr_TR\" \/><input type=\"hidden\" name=\"_wpcf7_unit_tag\" value=\"wpcf7-f16-o1\" \/><input type=\"hidden\" name=\"_wpcf7_container_post\" value=\"0\" \/><input type=\"hidden\" name=\"_wpcf7_posted_data_hash\" value=\"\" \/><input type=\"hidden\" name=\"_wpcf7_recaptcha_response\" value=\"\" \/>\n<\/fieldset>\n<div class=\"row\">\n<input class=\"wpcf7-form-control wpcf7-hidden\" value=\"60\" type=\"hidden\" name=\"tid\" \/>\n<input class=\"wpcf7-form-control wpcf7-hidden\" value=\"362416c4-bf28-ef11-9040-bddc4d3ec9c9\" type=\"hidden\" name=\"reference\" \/>\n<input class=\"wpcf7-form-control wpcf7-hidden\" value=\"a06277bf-3246-473c-8176-32a9b77e2806\" type=\"hidden\" name=\"accessToken\" \/>\n\t<h3> Kostenloser Berater\n\t<\/h3>\n\t<p class=\"col-md-12\">\n\t<\/p>\n\t<p><span class=\"wpcf7-form-control-wrap\" data-name=\"your-name\"><input size=\"40\" maxlength=\"400\" class=\"wpcf7-form-control wpcf7-text wpcf7-validates-as-required\" aria-required=\"true\" aria-invalid=\"false\" placeholder=\"Vorname Nachname\" value=\"\" type=\"text\" name=\"your-name\" \/><\/span>\n\t<\/p>\n\t<p class=\"col-md-12\">\n\t<\/p>\n\t<p><span class=\"wpcf7-form-control-wrap\" data-name=\"your-email\"><input size=\"40\" maxlength=\"400\" class=\"wpcf7-form-control wpcf7-email wpcf7-validates-as-required wpcf7-text wpcf7-validates-as-email\" aria-required=\"true\" aria-invalid=\"false\" placeholder=\"E-Mail\" value=\"\" type=\"email\" name=\"your-email\" \/><\/span>\n\t<\/p>\n\t<p class=\"col-md-12\">\n\t<\/p>\n\t<p><span class=\"wpcf7-form-control-wrap\" data-name=\"phonetext-684\"><input size=\"40\" class=\"wpcf7-form-control wpcf7-phonetext wpcf7-validates-as-required wpcf7-text wpcf7-validates-as-phonetext\" aria-required=\"true\" aria-invalid=\"false\" placeholder=\"Telefonnummer\" value=\"\" type=\"text\" name=\"phonetext-684\" \/><input type=\"hidden\" name=\"phonetext-684-country-code\" class=\"wpcf7-phonetext-country-code\" \/><\/span>\n\t<\/p>\n\t<p class=\"col-md-12\">\n\t<\/p>\n\t<p><span class=\"wpcf7-form-control-wrap\" data-name=\"line-id\"><input size=\"40\" maxlength=\"400\" class=\"wpcf7-form-control wpcf7-text\" aria-invalid=\"false\" placeholder=\"Leitungs-ID\" value=\"\" type=\"text\" name=\"line-id\" \/><\/span>\n\t<\/p>\n<\/div>\n<div class=\"col-md-12 btn-color-black\">\n\t<p><input class=\"wpcf7-form-control wpcf7-submit has-spinner\" type=\"submit\" value=\"Jetzt senden!\" \/>\n\t<\/p>\n<\/div><div class=\"wpcf7-response-output\" aria-hidden=\"true\"><\/div>\n<input type=\"hidden\" name=\"trp-form-language\" value=\"de\"\/><\/form>\n<\/div>\n<\/div>\n\t\t\t\t<\/div>\n\t\t\t\t<\/div>\n\t\t\t\t<\/div>\n\t\t\t\t<\/div>\n\t\t<div class=\"elementor-element elementor-element-bd25777 e-con-full e-flex e-con e-child\" data-id=\"bd25777\" data-element_type=\"container\">\n\t\t<div class=\"elementor-element elementor-element-874b237 e-con-full e-flex e-con e-child\" data-id=\"874b237\" data-element_type=\"container\">\n\t\t\t\t<div class=\"elementor-element elementor-element-af7ed7c elementor-widget elementor-widget-heading\" data-id=\"af7ed7c\" data-element_type=\"widget\" data-widget_type=\"heading.default\">\n\t\t\t\t<div class=\"elementor-widget-container\">\n\t\t\t<h2 class=\"elementor-heading-title elementor-size-default\">Zentrum f\u00fcr Gliedma\u00dfenverl\u00e4ngerungschirurgie<\/h2>\t\t<\/div>\n\t\t\t\t<\/div>\n\t\t\t\t<div class=\"elementor-element elementor-element-24c0100 elementor-widget elementor-widget-text-editor\" data-id=\"24c0100\" data-element_type=\"widget\" data-widget_type=\"text-editor.default\">\n\t\t\t\t<div class=\"elementor-widget-container\">\n\t\t\t\t\t\t\t<p>Im Bereich der Stiefelverl\u00e4ngerung verwenden wir modernste Implantate und Ger\u00e4te, um die K\u00f6rpergr\u00f6\u00dfe unserer Patienten zu regulieren und ihnen zu helfen, ihre Wunschgr\u00f6\u00dfe zu erreichen. Dank der sicheren und effektiven Stiefelverl\u00e4ngerungsoperationen st\u00e4rken wir das Selbstvertrauen unserer Patienten und erm\u00f6glichen ihnen ein aktiveres Leben.<\/p><p>Als LLS-Zentrum legen wir besonderen Wert auf Patientenzufriedenheit und qualitativ hochwertigen Service. Die Gesundheit und Sicherheit unserer Patienten hat f\u00fcr uns stets oberste Priorit\u00e4t. Deshalb streben wir mit modernsten Ger\u00e4ten und Methoden nach optimalen Ergebnissen.<\/p>\t\t\t\t\t\t<\/div>\n\t\t\t\t<\/div>\n\t\t\t\t<\/div>\n\t\t\t\t<\/div>\n\t\t\t\t\t<\/div>\n\t\t\t\t<\/div>\n\t\t\t\t<\/div>","protected":false},"excerpt":{"rendered":"<p>Im Bereich der Stiefelverl\u00e4ngerung regulieren wir mit modernsten Implantaten und Ger\u00e4ten die K\u00f6rpergr\u00f6\u00dfe unserer Patienten und verhelfen ihnen so zu ihrer Wunschgr\u00f6\u00dfe. <\/p>","protected":false},"author":1,"featured_media":0,"parent":0,"menu_order":0,"comment_status":"closed","ping_status":"closed","template":"elementor_header_footer","meta":{"footnotes":""},"class_list":["post-233","page","type-page","status-publish","hentry"],"yoast_head":"<!-- This site is optimized with the Yoast SEO plugin v26.2 - https:\/\/yoast.com\/wordpress\/plugins\/seo\/ -->\n<title>Contact Us - LLS Center<\/title>\n<meta name=\"description\" content=\"In the field of boot lengthening, we use state-of-the-art implants and devices to regulate the height of our patients and help them achieve their desired height.\" \/>\n<meta name=\"robots\" content=\"index, follow, max-snippet:-1, max-image-preview:large, max-video-preview:-1\" \/>\n<link rel=\"canonical\" href=\"https:\/\/llscenter.com\/de\/kontaktieren-sie-uns\/\" \/>\n<meta property=\"og:locale\" content=\"de_DE\" \/>\n<meta property=\"og:type\" content=\"article\" \/>\n<meta property=\"og:title\" content=\"Contact Us - LLS Center\" \/>\n<meta property=\"og:description\" content=\"In the field of boot lengthening, we use state-of-the-art implants and devices to regulate the height of our patients and help them achieve their desired height.\" \/>\n<meta property=\"og:url\" content=\"https:\/\/llscenter.com\/de\/kontaktieren-sie-uns\/\" \/>\n<meta property=\"og:site_name\" content=\"LLS Center\" \/>\n<meta property=\"article:modified_time\" content=\"2024-07-23T08:17:16+00:00\" \/>\n<meta name=\"twitter:card\" content=\"summary_large_image\" \/>\n<meta name=\"twitter:label1\" content=\"Gesch\u00e4tzte Lesezeit\" \/>\n\t<meta name=\"twitter:data1\" content=\"1\u00a0Minute\" \/>\n<script type=\"application\/ld+json\" class=\"yoast-schema-graph\">{\"@context\":\"https:\/\/schema.org\",\"@graph\":[{\"@type\":\"WebPage\",\"@id\":\"https:\/\/llscenter.com\/contact-us\/\",\"url\":\"https:\/\/llscenter.com\/contact-us\/\",\"name\":\"Contact Us - LLS Center\",\"isPartOf\":{\"@id\":\"https:\/\/llscenter.com\/#website\"},\"datePublished\":\"2024-07-19T12:40:08+00:00\",\"dateModified\":\"2024-07-23T08:17:16+00:00\",\"description\":\"In the field of boot lengthening, we use state-of-the-art implants and devices to regulate the height of our patients and help them achieve their desired height.\",\"breadcrumb\":{\"@id\":\"https:\/\/llscenter.com\/contact-us\/#breadcrumb\"},\"inLanguage\":\"de\",\"potentialAction\":[{\"@type\":\"ReadAction\",\"target\":[\"https:\/\/llscenter.com\/contact-us\/\"]}]},{\"@type\":\"BreadcrumbList\",\"@id\":\"https:\/\/llscenter.com\/contact-us\/#breadcrumb\",\"itemListElement\":[{\"@type\":\"ListItem\",\"position\":1,\"name\":\"Anasayfa\",\"item\":\"https:\/\/llscenter.com\/\"},{\"@type\":\"ListItem\",\"position\":2,\"name\":\"Contact Us\"}]},{\"@type\":\"WebSite\",\"@id\":\"https:\/\/llscenter.com\/#website\",\"url\":\"https:\/\/llscenter.com\/\",\"name\":\"LLS Center\",\"description\":\"\",\"potentialAction\":[{\"@type\":\"SearchAction\",\"target\":{\"@type\":\"EntryPoint\",\"urlTemplate\":\"https:\/\/llscenter.com\/?s={search_term_string}\"},\"query-input\":{\"@type\":\"PropertyValueSpecification\",\"valueRequired\":true,\"valueName\":\"search_term_string\"}}],\"inLanguage\":\"de\"}]}<\/script>\n<!-- \/ Yoast SEO plugin. -->","yoast_head_json":{"title":"Contact Us - LLS Center","description":"In the field of boot lengthening, we use state-of-the-art implants and devices to regulate the height of our patients and help them achieve their desired height.","robots":{"index":"index","follow":"follow","max-snippet":"max-snippet:-1","max-image-preview":"max-image-preview:large","max-video-preview":"max-video-preview:-1"},"canonical":"https:\/\/llscenter.com\/de\/kontaktieren-sie-uns\/","og_locale":"de_DE","og_type":"article","og_title":"Contact Us - LLS Center","og_description":"In the field of boot lengthening, we use state-of-the-art implants and devices to regulate the height of our patients and help them achieve their desired height.","og_url":"https:\/\/llscenter.com\/de\/kontaktieren-sie-uns\/","og_site_name":"LLS Center","article_modified_time":"2024-07-23T08:17:16+00:00","twitter_card":"summary_large_image","twitter_misc":{"Gesch\u00e4tzte Lesezeit":"1\u00a0Minute"},"schema":{"@context":"https:\/\/schema.org","@graph":[{"@type":"WebPage","@id":"https:\/\/llscenter.com\/contact-us\/","url":"https:\/\/llscenter.com\/contact-us\/","name":"Contact Us - LLS Center","isPartOf":{"@id":"https:\/\/llscenter.com\/#website"},"datePublished":"2024-07-19T12:40:08+00:00","dateModified":"2024-07-23T08:17:16+00:00","description":"In the field of boot lengthening, we use state-of-the-art implants and devices to regulate the height of our patients and help them achieve their desired height.","breadcrumb":{"@id":"https:\/\/llscenter.com\/contact-us\/#breadcrumb"},"inLanguage":"de","potentialAction":[{"@type":"ReadAction","target":["https:\/\/llscenter.com\/contact-us\/"]}]},{"@type":"BreadcrumbList","@id":"https:\/\/llscenter.com\/contact-us\/#breadcrumb","itemListElement":[{"@type":"ListItem","position":1,"name":"Anasayfa","item":"https:\/\/llscenter.com\/"},{"@type":"ListItem","position":2,"name":"Contact Us"}]},{"@type":"WebSite","@id":"https:\/\/llscenter.com\/#website","url":"https:\/\/llscenter.com\/","name":"LLS Center","description":"","potentialAction":[{"@type":"SearchAction","target":{"@type":"EntryPoint","urlTemplate":"https:\/\/llscenter.com\/?s={search_term_string}"},"query-input":{"@type":"PropertyValueSpecification","valueRequired":true,"valueName":"search_term_string"}}],"inLanguage":"de"}]}},"_links":{"self":[{"href":"https:\/\/llscenter.com\/de\/wp-json\/wp\/v2\/pages\/233","targetHints":{"allow":["GET"]}}],"collection":[{"href":"https:\/\/llscenter.com\/de\/wp-json\/wp\/v2\/pages"}],"about":[{"href":"https:\/\/llscenter.com\/de\/wp-json\/wp\/v2\/types\/page"}],"author":[{"embeddable":true,"href":"https:\/\/llscenter.com\/de\/wp-json\/wp\/v2\/users\/1"}],"replies":[{"embeddable":true,"href":"https:\/\/llscenter.com\/de\/wp-json\/wp\/v2\/comments?post=233"}],"version-history":[{"count":29,"href":"https:\/\/llscenter.com\/de\/wp-json\/wp\/v2\/pages\/233\/revisions"}],"predecessor-version":[{"id":531,"href":"https:\/\/llscenter.com\/de\/wp-json\/wp\/v2\/pages\/233\/revisions\/531"}],"wp:attachment":[{"href":"https:\/\/llscenter.com\/de\/wp-json\/wp\/v2\/media?parent=233"}],"curies":[{"name":"wp","href":"https:\/\/api.w.org\/{rel}","templated":true}]}}