{"id":194,"date":"2024-07-19T10:28:43","date_gmt":"2024-07-19T07:28:43","guid":{"rendered":"http:\/\/lls-center.test\/?page_id=194"},"modified":"2024-07-23T10:57:37","modified_gmt":"2024-07-23T07:57:37","slug":"about-us","status":"publish","type":"page","link":"https:\/\/llscenter.com\/de\/uber-uns\/","title":{"rendered":"\u00dcber uns"},"content":{"rendered":"<div data-elementor-type=\"wp-page\" data-elementor-id=\"194\" class=\"elementor elementor-194\" data-elementor-post-type=\"page\">\n\t\t\t\t<div class=\"elementor-element elementor-element-f480c8e e-flex e-con-boxed e-con e-parent\" data-id=\"f480c8e\" data-element_type=\"container\" data-settings=\"{&quot;background_background&quot;:&quot;classic&quot;}\">\n\t\t\t\t\t<div class=\"e-con-inner\">\n\t\t<div class=\"elementor-element elementor-element-a66c642 e-con-full e-flex e-con e-child\" data-id=\"a66c642\" data-element_type=\"container\">\n\t\t\t\t<div class=\"elementor-element elementor-element-6bb83a0 elementor-widget elementor-widget-heading\" data-id=\"6bb83a0\" data-element_type=\"widget\" data-widget_type=\"heading.default\">\n\t\t\t\t<div class=\"elementor-widget-container\">\n\t\t\t<h2 class=\"elementor-heading-title elementor-size-default\">\u00dcber uns<\/h2>\t\t<\/div>\n\t\t\t\t<\/div>\n\t\t\t\t<div class=\"elementor-element elementor-element-ebe00b5 elementor-align-center elementor-widget elementor-widget-breadcrumbs\" data-id=\"ebe00b5\" data-element_type=\"widget\" data-widget_type=\"breadcrumbs.default\">\n\t\t\t\t<div class=\"elementor-widget-container\">\n\t\t\t<p id=\"breadcrumbs\"><span><span><a href=\"https:\/\/llscenter.com\/de\/\">Anasayfa<\/a><\/span><\/span><\/p>\t\t<\/div>\n\t\t\t\t<\/div>\n\t\t\t\t<\/div>\n\t\t\t\t\t<\/div>\n\t\t\t\t<\/div>\n\t\t<div class=\"elementor-element elementor-element-9fbe151 e-flex e-con-boxed e-con e-parent\" data-id=\"9fbe151\" data-element_type=\"container\">\n\t\t\t\t\t<div class=\"e-con-inner\">\n\t\t<div class=\"elementor-element elementor-element-bd00bbb e-con-full e-flex e-con e-child\" data-id=\"bd00bbb\" data-element_type=\"container\">\n\t\t<div class=\"elementor-element elementor-element-311bd49 e-con-full e-flex e-con e-child\" data-id=\"311bd49\" data-element_type=\"container\">\n\t\t\t\t<div class=\"elementor-element elementor-element-eb834fa elementor-widget elementor-widget-heading\" data-id=\"eb834fa\" data-element_type=\"widget\" data-widget_type=\"heading.default\">\n\t\t\t\t<div class=\"elementor-widget-container\">\n\t\t\t<h2 class=\"elementor-heading-title elementor-size-default\">LLS-Zentrum<\/h2>\t\t<\/div>\n\t\t\t\t<\/div>\n\t\t\t\t<div class=\"elementor-element elementor-element-83024b5 elementor-widget elementor-widget-heading\" data-id=\"83024b5\" data-element_type=\"widget\" data-widget_type=\"heading.default\">\n\t\t\t\t<div class=\"elementor-widget-container\">\n\t\t\t<h3 class=\"elementor-heading-title elementor-size-default\">Zuverl\u00e4ssiger Service mit langj\u00e4hriger Erfahrung\n<\/h3>\t\t<\/div>\n\t\t\t\t<\/div>\n\t\t\t\t<div class=\"elementor-element elementor-element-63cf220 elementor-widget elementor-widget-text-editor\" data-id=\"63cf220\" data-element_type=\"widget\" data-widget_type=\"text-editor.default\">\n\t\t\t\t<div class=\"elementor-widget-container\">\n\t\t\t\t\t\t\t<p>Mit langj\u00e4hriger Erfahrung und Wissen sind wir in der Branche f\u00fchrend.\u00a0<\/p><p>Mit unserem professionellen Team und Fach\u00e4rzten bieten wir Ihnen einen perfekten Service im Bereich der Bein- und Stiefelverl\u00e4ngerung.\u00a0<\/p><p>Durch die erfolgreiche Behandlung von Tausenden von Patienten konnten wir unsere Zufriedenheitsrate kontinuierlich steigern.<\/p>\t\t\t\t\t\t<\/div>\n\t\t\t\t<\/div>\n\t\t\t\t<div class=\"elementor-element elementor-element-ab8594a elementor-widget elementor-widget-heading\" data-id=\"ab8594a\" data-element_type=\"widget\" data-widget_type=\"heading.default\">\n\t\t\t\t<div class=\"elementor-widget-container\">\n\t\t\t<h3 class=\"elementor-heading-title elementor-size-default\">Unser kundenzufriedenheitsorientierter Arbeitsansatz<\/h3>\t\t<\/div>\n\t\t\t\t<\/div>\n\t\t\t\t<div class=\"elementor-element elementor-element-0ed9d9d elementor-widget elementor-widget-text-editor\" data-id=\"0ed9d9d\" data-element_type=\"widget\" data-widget_type=\"text-editor.default\">\n\t\t\t\t<div class=\"elementor-widget-container\">\n\t\t\t\t\t\t\t<p>Kundenzufriedenheit hat f\u00fcr uns stets oberste Priorit\u00e4t. Mit unserem menschenorientierten Ansatz sind wir bestrebt, die Bed\u00fcrfnisse unserer Patienten zu verstehen und ihnen die am besten geeigneten L\u00f6sungen anzubieten.<\/p><p>Wir sind stolz darauf, in Zufriedenheitsumfragen hohe Punktzahlen zu erhalten und einen positiven Einfluss auf das Leben unserer Patienten zu haben.<\/p>\t\t\t\t\t\t<\/div>\n\t\t\t\t<\/div>\n\t\t<div class=\"elementor-element elementor-element-b0ec1ac e-con-full e-flex e-con e-child\" data-id=\"b0ec1ac\" data-element_type=\"container\">\n\t\t<div class=\"elementor-element elementor-element-d43d348 e-con-full e-flex e-con e-child\" data-id=\"d43d348\" data-element_type=\"container\">\n\t\t\t\t<div class=\"elementor-element elementor-element-4da3a23 elementor-widget elementor-widget-counter\" data-id=\"4da3a23\" data-element_type=\"widget\" data-widget_type=\"counter.default\">\n\t\t\t\t<div class=\"elementor-widget-container\">\n\t\t\t\t\t<div class=\"elementor-counter\">\n\t\t\t<div class=\"elementor-counter-title\">Jahre<\/div>\t\t\t<div class=\"elementor-counter-number-wrapper\">\n\t\t\t\t<span class=\"elementor-counter-number-prefix\"><\/span>\n\t\t\t\t<span class=\"elementor-counter-number\" data-duration=\"2000\" data-to-value=\"7\" data-from-value=\"0\">0<\/span>\n\t\t\t\t<span class=\"elementor-counter-number-suffix\"><\/span>\n\t\t\t<\/div>\n\t\t<\/div>\n\t\t\t\t<\/div>\n\t\t\t\t<\/div>\n\t\t\t\t<\/div>\n\t\t<div class=\"elementor-element elementor-element-13c9a5c e-con-full e-flex e-con e-child\" data-id=\"13c9a5c\" data-element_type=\"container\">\n\t\t\t\t<div class=\"elementor-element elementor-element-706cc1b elementor-widget elementor-widget-counter\" data-id=\"706cc1b\" data-element_type=\"widget\" data-widget_type=\"counter.default\">\n\t\t\t\t<div class=\"elementor-widget-container\">\n\t\t\t\t\t<div class=\"elementor-counter\">\n\t\t\t<div class=\"elementor-counter-title\">Teammitglied<\/div>\t\t\t<div class=\"elementor-counter-number-wrapper\">\n\t\t\t\t<span class=\"elementor-counter-number-prefix\"><\/span>\n\t\t\t\t<span class=\"elementor-counter-number\" data-duration=\"2000\" data-to-value=\"50\" data-from-value=\"0\">0<\/span>\n\t\t\t\t<span class=\"elementor-counter-number-suffix\"><\/span>\n\t\t\t<\/div>\n\t\t<\/div>\n\t\t\t\t<\/div>\n\t\t\t\t<\/div>\n\t\t\t\t<\/div>\n\t\t<div class=\"elementor-element elementor-element-4781637 e-con-full e-flex e-con e-child\" data-id=\"4781637\" data-element_type=\"container\">\n\t\t\t\t<div class=\"elementor-element elementor-element-d3018fa elementor-widget elementor-widget-counter\" data-id=\"d3018fa\" data-element_type=\"widget\" data-widget_type=\"counter.default\">\n\t\t\t\t<div class=\"elementor-widget-container\">\n\t\t\t\t\t<div class=\"elementor-counter\">\n\t\t\t<div class=\"elementor-counter-title\">Geduldig<\/div>\t\t\t<div class=\"elementor-counter-number-wrapper\">\n\t\t\t\t<span class=\"elementor-counter-number-prefix\"><\/span>\n\t\t\t\t<span class=\"elementor-counter-number\" data-duration=\"2000\" data-to-value=\"752\" data-from-value=\"0\">0<\/span>\n\t\t\t\t<span class=\"elementor-counter-number-suffix\"><\/span>\n\t\t\t<\/div>\n\t\t<\/div>\n\t\t\t\t<\/div>\n\t\t\t\t<\/div>\n\t\t\t\t<\/div>\n\t\t\t\t<\/div>\n\t\t<div class=\"elementor-element elementor-element-005e4a9 e-con-full e-flex e-con e-child\" data-id=\"005e4a9\" data-element_type=\"container\">\n\t\t<div class=\"elementor-element elementor-element-a426303 e-flex e-con-boxed e-con e-child\" data-id=\"a426303\" data-element_type=\"container\">\n\t\t\t\t\t<div class=\"e-con-inner\">\n\t\t\t\t<div class=\"elementor-element elementor-element-c527d62 elementor-position-top elementor-widget elementor-widget-image-box\" data-id=\"c527d62\" data-element_type=\"widget\" data-widget_type=\"image-box.default\">\n\t\t\t\t<div class=\"elementor-widget-container\">\n\t\t\t<div class=\"elementor-image-box-wrapper\"><figure class=\"elementor-image-box-img\"><img decoding=\"async\" width=\"200\" height=\"200\" src=\"https:\/\/llscenter.com\/wp-content\/uploads\/2024\/07\/height.png\" class=\"attachment-full size-full wp-image-223\" alt=\"\" srcset=\"https:\/\/llscenter.com\/wp-content\/uploads\/2024\/07\/height.png 200w, https:\/\/llscenter.com\/wp-content\/uploads\/2024\/07\/height-150x150.png 150w, https:\/\/llscenter.com\/wp-content\/uploads\/2024\/07\/height-12x12.png 12w\" sizes=\"(max-width: 200px) 100vw, 200px\" \/><\/figure><div class=\"elementor-image-box-content\"><h3 class=\"elementor-image-box-title\">Gliedma\u00dfenverl\u00e4ngerung<\/h3><p class=\"elementor-image-box-description\">Schlie\u00dfen Sie die L\u00fccke in Ihrer K\u00f6rpergr\u00f6\u00dfe und leben Sie ein angenehmeres Leben mit schmerzlosen und schnellen Methoden zur Gliedma\u00dfenverl\u00e4ngerung ohne Operation.<\/p><\/div><\/div>\t\t<\/div>\n\t\t\t\t<\/div>\n\t\t\t\t\t<\/div>\n\t\t\t\t<\/div>\n\t\t<div class=\"elementor-element elementor-element-d3ea8e6 e-flex e-con-boxed e-con e-child\" data-id=\"d3ea8e6\" data-element_type=\"container\">\n\t\t\t\t\t<div class=\"e-con-inner\">\n\t\t\t\t<div class=\"elementor-element elementor-element-2d8e260 elementor-position-top elementor-widget elementor-widget-image-box\" data-id=\"2d8e260\" data-element_type=\"widget\" data-widget_type=\"image-box.default\">\n\t\t\t\t<div class=\"elementor-widget-container\">\n\t\t\t<div class=\"elementor-image-box-wrapper\"><figure class=\"elementor-image-box-img\"><img decoding=\"async\" width=\"200\" height=\"200\" src=\"https:\/\/llscenter.com\/wp-content\/uploads\/2024\/07\/height-1.png\" class=\"attachment-full size-full wp-image-227\" alt=\"\" srcset=\"https:\/\/llscenter.com\/wp-content\/uploads\/2024\/07\/height-1.png 200w, https:\/\/llscenter.com\/wp-content\/uploads\/2024\/07\/height-1-150x150.png 150w, https:\/\/llscenter.com\/wp-content\/uploads\/2024\/07\/height-1-12x12.png 12w\" sizes=\"(max-width: 200px) 100vw, 200px\" \/><\/figure><div class=\"elementor-image-box-content\"><h3 class=\"elementor-image-box-title\">H\u00f6henerweiterung<\/h3><p class=\"elementor-image-box-description\">Sichere Verl\u00e4ngerungsoperationen mit modernsten Ger\u00e4ten zur Regulierung Ihrer H\u00f6henverh\u00e4ltnisse und zum Erreichen der gew\u00fcnschten K\u00f6rpergr\u00f6\u00dfe.<\/p><\/div><\/div>\t\t<\/div>\n\t\t\t\t<\/div>\n\t\t\t\t\t<\/div>\n\t\t\t\t<\/div>\n\t\t<div class=\"elementor-element elementor-element-f0a1296 e-flex e-con-boxed e-con e-child\" data-id=\"f0a1296\" data-element_type=\"container\">\n\t\t\t\t\t<div class=\"e-con-inner\">\n\t\t\t\t<div class=\"elementor-element elementor-element-517ae0c elementor-position-top elementor-widget elementor-widget-image-box\" data-id=\"517ae0c\" data-element_type=\"widget\" data-widget_type=\"image-box.default\">\n\t\t\t\t<div class=\"elementor-widget-container\">\n\t\t\t<div class=\"elementor-image-box-wrapper\"><figure class=\"elementor-image-box-img\"><img decoding=\"async\" width=\"200\" height=\"200\" src=\"https:\/\/llscenter.com\/wp-content\/uploads\/2024\/07\/solutions.png\" class=\"attachment-full size-full wp-image-229\" alt=\"\" srcset=\"https:\/\/llscenter.com\/wp-content\/uploads\/2024\/07\/solutions.png 200w, https:\/\/llscenter.com\/wp-content\/uploads\/2024\/07\/solutions-150x150.png 150w, https:\/\/llscenter.com\/wp-content\/uploads\/2024\/07\/solutions-12x12.png 12w\" sizes=\"(max-width: 200px) 100vw, 200px\" \/><\/figure><div class=\"elementor-image-box-content\"><h3 class=\"elementor-image-box-title\">Ma\u00dfgeschneiderte L\u00f6sungen<\/h3><p class=\"elementor-image-box-description\">Erzielen Sie die besten Ergebnisse mit personalisierten Behandlungspl\u00e4nen f\u00fcr jeden Patienten und unseren erfahrenen Beratern.<\/p><\/div><\/div>\t\t<\/div>\n\t\t\t\t<\/div>\n\t\t\t\t\t<\/div>\n\t\t\t\t<\/div>\n\t\t\t\t<\/div>\n\t\t<div class=\"elementor-element elementor-element-ed4954e e-con-full e-flex e-con e-child\" data-id=\"ed4954e\" data-element_type=\"container\">\n\t\t\t\t<div class=\"elementor-element elementor-element-e41d6f4 elementor-widget elementor-widget-text-editor\" data-id=\"e41d6f4\" data-element_type=\"widget\" data-widget_type=\"text-editor.default\">\n\t\t\t\t<div class=\"elementor-widget-container\">\n\t\t\t\t\t\t\t<p>Das LLS Center geh\u00f6rt zu den f\u00fchrenden Gesundheitszentren im Bereich der Bein- und Beinverl\u00e4ngerung. Unsere Mission ist es, unseren Patienten mit modernsten und zuverl\u00e4ssigsten Methoden zu mehr K\u00f6rpergr\u00f6\u00dfe zu verhelfen und ihnen so ein aktiveres und gl\u00fccklicheres Leben zu erm\u00f6glichen.<\/p><p>Gemeinsam mit unserem Fachpersonal und erfahrenen Chirurgen nutzen wir das Wissen und die Erfahrung, die wir \u00fcber viele Jahre auf diesem Gebiet gesammelt haben, um unseren Patienten Dienstleistungen von h\u00f6chster Qualit\u00e4t zu bieten.<\/p><p>Die Beinverl\u00e4ngerung bietet eine L\u00f6sung f\u00fcr Menschen mit Gr\u00f6\u00dfenunterschieden aufgrund genetischer Faktoren, versehentlichem Gliedma\u00dfenverlust oder anderen Gr\u00fcnden. Als LLS Center nutzen wir nicht-chirurgische Techniken zur Beinverl\u00e4ngerung, um die Lebensqualit\u00e4t unserer Patienten zu verbessern und ihre t\u00e4glichen Aktivit\u00e4ten zu erleichtern. So k\u00f6nnen unsere Patienten eine schmerzfreie und schnelle Beinverl\u00e4ngerung erleben.<\/p><p>Die Gr\u00f6\u00dfenverl\u00e4ngerung ist eine Methode, um Ungleichgewichte im Gr\u00f6\u00dfenverh\u00e4ltnis zu korrigieren und die gew\u00fcnschte K\u00f6rpergr\u00f6\u00dfe zu erreichen. Als LLS-Zentrum verwenden wir modernste Implantate und Ger\u00e4te, um die Stiefelverl\u00e4ngerungen unserer Patienten sicher und effektiv durchzuf\u00fchren. Wir \u00fcberwachen den Gesundheitszustand unserer Patienten nach der Operation regelm\u00e4\u00dfig und stellen sicher, dass sie optimale Ergebnisse erzielen.<\/p>\t\t\t\t\t\t<\/div>\n\t\t\t\t<\/div>\n\t\t<div class=\"elementor-element elementor-element-d2a7448 e-con-full e-flex e-con e-child\" data-id=\"d2a7448\" data-element_type=\"container\">\n\t\t<div class=\"elementor-element elementor-element-e46f589 e-flex e-con-boxed e-con e-child\" data-id=\"e46f589\" data-element_type=\"container\">\n\t\t\t\t\t<div class=\"e-con-inner\">\n\t\t\t\t<div class=\"elementor-element elementor-element-dbeb867 elementor-position-left elementor-vertical-align-middle elementor-widget elementor-widget-image-box\" data-id=\"dbeb867\" data-element_type=\"widget\" data-widget_type=\"image-box.default\">\n\t\t\t\t<div class=\"elementor-widget-container\">\n\t\t\t<div class=\"elementor-image-box-wrapper\"><figure class=\"elementor-image-box-img\"><img loading=\"lazy\" decoding=\"async\" width=\"200\" height=\"200\" src=\"https:\/\/llscenter.com\/wp-content\/uploads\/2024\/07\/talk.png\" class=\"attachment-full size-full wp-image-69\" alt=\"\" srcset=\"https:\/\/llscenter.com\/wp-content\/uploads\/2024\/07\/talk.png 200w, https:\/\/llscenter.com\/wp-content\/uploads\/2024\/07\/talk-150x150.png 150w, https:\/\/llscenter.com\/wp-content\/uploads\/2024\/07\/talk-12x12.png 12w\" sizes=\"(max-width: 200px) 100vw, 200px\" \/><\/figure><div class=\"elementor-image-box-content\"><h3 class=\"elementor-image-box-title\">Kostenlose Beratung<\/h3><p class=\"elementor-image-box-description\">Nutzen Sie unseren kostenlosen Beratungsservice, um Ihre Fragen zu beantworten, individuelle L\u00f6sungen anzubieten und Ihnen mit der richtigen Anleitung das Leben zu erleichtern.<\/p><\/div><\/div>\t\t<\/div>\n\t\t\t\t<\/div>\n\t\t\t\t<div class=\"elementor-element elementor-element-3465627 elementor-position-left elementor-vertical-align-middle elementor-widget elementor-widget-image-box\" data-id=\"3465627\" data-element_type=\"widget\" data-widget_type=\"image-box.default\">\n\t\t\t\t<div class=\"elementor-widget-container\">\n\t\t\t<div class=\"elementor-image-box-wrapper\"><figure class=\"elementor-image-box-img\"><img loading=\"lazy\" decoding=\"async\" width=\"200\" height=\"200\" src=\"https:\/\/llscenter.com\/wp-content\/uploads\/2024\/07\/accommodation.png\" class=\"attachment-full size-full wp-image-86\" alt=\"\" srcset=\"https:\/\/llscenter.com\/wp-content\/uploads\/2024\/07\/accommodation.png 200w, https:\/\/llscenter.com\/wp-content\/uploads\/2024\/07\/accommodation-150x150.png 150w, https:\/\/llscenter.com\/wp-content\/uploads\/2024\/07\/accommodation-12x12.png 12w\" sizes=\"(max-width: 200px) 100vw, 200px\" \/><\/figure><div class=\"elementor-image-box-content\"><h3 class=\"elementor-image-box-title\">Unterkunft<\/h3><p class=\"elementor-image-box-description\">Wir begr\u00fc\u00dfen Sie mit unseren exklusiven Hotel- und Unterkunftsalternativen f\u00fcr unvergessliche Erlebnisse und einen komfortablen Aufenthalt. W\u00e4hlen Sie uns f\u00fcr ein ruhiges und luxuri\u00f6ses Unterkunftserlebnis.<\/p><\/div><\/div>\t\t<\/div>\n\t\t\t\t<\/div>\n\t\t\t\t\t<\/div>\n\t\t\t\t<\/div>\n\t\t<div class=\"elementor-element elementor-element-b850ce6 e-flex e-con-boxed e-con e-child\" data-id=\"b850ce6\" data-element_type=\"container\">\n\t\t\t\t\t<div class=\"e-con-inner\">\n\t\t\t\t<div class=\"elementor-element elementor-element-7ab5593 elementor-position-left elementor-vertical-align-middle elementor-widget elementor-widget-image-box\" data-id=\"7ab5593\" data-element_type=\"widget\" data-widget_type=\"image-box.default\">\n\t\t\t\t<div class=\"elementor-widget-container\">\n\t\t\t<div class=\"elementor-image-box-wrapper\"><figure class=\"elementor-image-box-img\"><img loading=\"lazy\" decoding=\"async\" width=\"200\" height=\"200\" src=\"https:\/\/llscenter.com\/wp-content\/uploads\/2024\/07\/vip.png\" class=\"attachment-full size-full wp-image-213\" alt=\"\" srcset=\"https:\/\/llscenter.com\/wp-content\/uploads\/2024\/07\/vip.png 200w, https:\/\/llscenter.com\/wp-content\/uploads\/2024\/07\/vip-150x150.png 150w, https:\/\/llscenter.com\/wp-content\/uploads\/2024\/07\/vip-12x12.png 12w\" sizes=\"(max-width: 200px) 100vw, 200px\" \/><\/figure><div class=\"elementor-image-box-content\"><h3 class=\"elementor-image-box-title\">VIP-Transport<\/h3><p class=\"elementor-image-box-description\">Genie\u00dfen Sie den Komfort Ihrer Reisen mit unserem exklusiven VIP-Transportservice und erreichen Sie Ihr Ziel mit unseren Luxusfahrzeugen, die sorgf\u00e4ltig auf Ihren Komfort ausgelegt sind.<\/p><\/div><\/div>\t\t<\/div>\n\t\t\t\t<\/div>\n\t\t\t\t<div class=\"elementor-element elementor-element-53b2ea4 elementor-position-left elementor-vertical-align-middle elementor-widget elementor-widget-image-box\" data-id=\"53b2ea4\" data-element_type=\"widget\" data-widget_type=\"image-box.default\">\n\t\t\t\t<div class=\"elementor-widget-container\">\n\t\t\t<div class=\"elementor-image-box-wrapper\"><figure class=\"elementor-image-box-img\"><img loading=\"lazy\" decoding=\"async\" width=\"200\" height=\"200\" src=\"https:\/\/llscenter.com\/wp-content\/uploads\/2024\/07\/management-service.png\" class=\"attachment-full size-full wp-image-214\" alt=\"\" srcset=\"https:\/\/llscenter.com\/wp-content\/uploads\/2024\/07\/management-service.png 200w, https:\/\/llscenter.com\/wp-content\/uploads\/2024\/07\/management-service-150x150.png 150w, https:\/\/llscenter.com\/wp-content\/uploads\/2024\/07\/management-service-12x12.png 12w\" sizes=\"(max-width: 200px) 100vw, 200px\" \/><\/figure><div class=\"elementor-image-box-content\"><h3 class=\"elementor-image-box-title\">Andere Dienstleistungen<\/h3><p class=\"elementor-image-box-description\">Wir erleichtern Ihnen das Leben mit unseren weiteren Spezialleistungen. Machen Sie Ihr Leben mit unseren verschiedenen Serviceoptionen, die Sie anfordern k\u00f6nnen, noch angenehmer.<\/p><\/div><\/div>\t\t<\/div>\n\t\t\t\t<\/div>\n\t\t\t\t\t<\/div>\n\t\t\t\t<\/div>\n\t\t\t\t<\/div>\n\t\t\t\t<\/div>\n\t\t\t\t<\/div>\n\t\t\t\t<\/div>\n\t\t\t\t\t<\/div>\n\t\t\t\t<\/div>\n\t\t\t\t<\/div>","protected":false},"excerpt":{"rendered":"<p>Mit unserem professionellen Team und Fach\u00e4rzten bieten wir Ihnen einen perfekten Service im Bereich der Bein- und Stiefelverl\u00e4ngerung.<\/p>","protected":false},"author":1,"featured_media":0,"parent":0,"menu_order":0,"comment_status":"closed","ping_status":"closed","template":"elementor_header_footer","meta":{"footnotes":""},"class_list":["post-194","page","type-page","status-publish","hentry"],"yoast_head":"<!-- This site is optimized with the Yoast SEO plugin v26.2 - https:\/\/yoast.com\/wordpress\/plugins\/seo\/ -->\n<title>About Us - LLS Center<\/title>\n<meta name=\"description\" content=\"We offer perfect service in the field of limb and boot lengthening with our professional team and specialist doctors.\" \/>\n<meta name=\"robots\" content=\"index, follow, max-snippet:-1, max-image-preview:large, max-video-preview:-1\" \/>\n<link rel=\"canonical\" href=\"https:\/\/llscenter.com\/de\/uber-uns\/\" \/>\n<meta property=\"og:locale\" content=\"de_DE\" \/>\n<meta property=\"og:type\" content=\"article\" \/>\n<meta property=\"og:title\" content=\"About Us - LLS Center\" \/>\n<meta property=\"og:description\" content=\"We offer perfect service in the field of limb and boot lengthening with our professional team and specialist doctors.\" \/>\n<meta property=\"og:url\" content=\"https:\/\/llscenter.com\/de\/uber-uns\/\" \/>\n<meta property=\"og:site_name\" content=\"LLS Center\" \/>\n<meta property=\"article:modified_time\" content=\"2024-07-23T07:57:37+00:00\" \/>\n<meta property=\"og:image\" content=\"https:\/\/llscenter.com\/wp-content\/uploads\/2024\/07\/height.png\" \/>\n<meta name=\"twitter:card\" content=\"summary_large_image\" \/>\n<meta name=\"twitter:label1\" content=\"Gesch\u00e4tzte Lesezeit\" \/>\n\t<meta name=\"twitter:data1\" content=\"4\u00a0Minuten\" \/>\n<script type=\"application\/ld+json\" class=\"yoast-schema-graph\">{\"@context\":\"https:\/\/schema.org\",\"@graph\":[{\"@type\":\"WebPage\",\"@id\":\"https:\/\/llscenter.com\/about-us\/\",\"url\":\"https:\/\/llscenter.com\/about-us\/\",\"name\":\"About Us - LLS Center\",\"isPartOf\":{\"@id\":\"https:\/\/llscenter.com\/#website\"},\"primaryImageOfPage\":{\"@id\":\"https:\/\/llscenter.com\/about-us\/#primaryimage\"},\"image\":{\"@id\":\"https:\/\/llscenter.com\/about-us\/#primaryimage\"},\"thumbnailUrl\":\"https:\/\/llscenter.com\/wp-content\/uploads\/2024\/07\/height.png\",\"datePublished\":\"2024-07-19T07:28:43+00:00\",\"dateModified\":\"2024-07-23T07:57:37+00:00\",\"description\":\"We offer perfect service in the field of limb and boot lengthening with our professional team and specialist doctors.\",\"breadcrumb\":{\"@id\":\"https:\/\/llscenter.com\/about-us\/#breadcrumb\"},\"inLanguage\":\"de\",\"potentialAction\":[{\"@type\":\"ReadAction\",\"target\":[\"https:\/\/llscenter.com\/about-us\/\"]}]},{\"@type\":\"ImageObject\",\"inLanguage\":\"de\",\"@id\":\"https:\/\/llscenter.com\/about-us\/#primaryimage\",\"url\":\"https:\/\/llscenter.com\/wp-content\/uploads\/2024\/07\/height.png\",\"contentUrl\":\"https:\/\/llscenter.com\/wp-content\/uploads\/2024\/07\/height.png\"},{\"@type\":\"BreadcrumbList\",\"@id\":\"https:\/\/llscenter.com\/about-us\/#breadcrumb\",\"itemListElement\":[{\"@type\":\"ListItem\",\"position\":1,\"name\":\"Anasayfa\",\"item\":\"https:\/\/llscenter.com\/\"},{\"@type\":\"ListItem\",\"position\":2,\"name\":\"About Us\"}]},{\"@type\":\"WebSite\",\"@id\":\"https:\/\/llscenter.com\/#website\",\"url\":\"https:\/\/llscenter.com\/\",\"name\":\"LLS Center\",\"description\":\"\",\"potentialAction\":[{\"@type\":\"SearchAction\",\"target\":{\"@type\":\"EntryPoint\",\"urlTemplate\":\"https:\/\/llscenter.com\/?s={search_term_string}\"},\"query-input\":{\"@type\":\"PropertyValueSpecification\",\"valueRequired\":true,\"valueName\":\"search_term_string\"}}],\"inLanguage\":\"de\"}]}<\/script>\n<!-- \/ Yoast SEO plugin. -->","yoast_head_json":{"title":"About Us - LLS Center","description":"We offer perfect service in the field of limb and boot lengthening with our professional team and specialist doctors.","robots":{"index":"index","follow":"follow","max-snippet":"max-snippet:-1","max-image-preview":"max-image-preview:large","max-video-preview":"max-video-preview:-1"},"canonical":"https:\/\/llscenter.com\/de\/uber-uns\/","og_locale":"de_DE","og_type":"article","og_title":"About Us - LLS Center","og_description":"We offer perfect service in the field of limb and boot lengthening with our professional team and specialist doctors.","og_url":"https:\/\/llscenter.com\/de\/uber-uns\/","og_site_name":"LLS Center","article_modified_time":"2024-07-23T07:57:37+00:00","og_image":[{"url":"https:\/\/llscenter.com\/wp-content\/uploads\/2024\/07\/height.png","type":"","width":"","height":""}],"twitter_card":"summary_large_image","twitter_misc":{"Gesch\u00e4tzte Lesezeit":"4\u00a0Minuten"},"schema":{"@context":"https:\/\/schema.org","@graph":[{"@type":"WebPage","@id":"https:\/\/llscenter.com\/about-us\/","url":"https:\/\/llscenter.com\/about-us\/","name":"About Us - LLS Center","isPartOf":{"@id":"https:\/\/llscenter.com\/#website"},"primaryImageOfPage":{"@id":"https:\/\/llscenter.com\/about-us\/#primaryimage"},"image":{"@id":"https:\/\/llscenter.com\/about-us\/#primaryimage"},"thumbnailUrl":"https:\/\/llscenter.com\/wp-content\/uploads\/2024\/07\/height.png","datePublished":"2024-07-19T07:28:43+00:00","dateModified":"2024-07-23T07:57:37+00:00","description":"We offer perfect service in the field of limb and boot lengthening with our professional team and specialist doctors.","breadcrumb":{"@id":"https:\/\/llscenter.com\/about-us\/#breadcrumb"},"inLanguage":"de","potentialAction":[{"@type":"ReadAction","target":["https:\/\/llscenter.com\/about-us\/"]}]},{"@type":"ImageObject","inLanguage":"de","@id":"https:\/\/llscenter.com\/about-us\/#primaryimage","url":"https:\/\/llscenter.com\/wp-content\/uploads\/2024\/07\/height.png","contentUrl":"https:\/\/llscenter.com\/wp-content\/uploads\/2024\/07\/height.png"},{"@type":"BreadcrumbList","@id":"https:\/\/llscenter.com\/about-us\/#breadcrumb","itemListElement":[{"@type":"ListItem","position":1,"name":"Anasayfa","item":"https:\/\/llscenter.com\/"},{"@type":"ListItem","position":2,"name":"About Us"}]},{"@type":"WebSite","@id":"https:\/\/llscenter.com\/#website","url":"https:\/\/llscenter.com\/","name":"LLS Center","description":"","potentialAction":[{"@type":"SearchAction","target":{"@type":"EntryPoint","urlTemplate":"https:\/\/llscenter.com\/?s={search_term_string}"},"query-input":{"@type":"PropertyValueSpecification","valueRequired":true,"valueName":"search_term_string"}}],"inLanguage":"de"}]}},"_links":{"self":[{"href":"https:\/\/llscenter.com\/de\/wp-json\/wp\/v2\/pages\/194","targetHints":{"allow":["GET"]}}],"collection":[{"href":"https:\/\/llscenter.com\/de\/wp-json\/wp\/v2\/pages"}],"about":[{"href":"https:\/\/llscenter.com\/de\/wp-json\/wp\/v2\/types\/page"}],"author":[{"embeddable":true,"href":"https:\/\/llscenter.com\/de\/wp-json\/wp\/v2\/users\/1"}],"replies":[{"embeddable":true,"href":"https:\/\/llscenter.com\/de\/wp-json\/wp\/v2\/comments?post=194"}],"version-history":[{"count":22,"href":"https:\/\/llscenter.com\/de\/wp-json\/wp\/v2\/pages\/194\/revisions"}],"predecessor-version":[{"id":512,"href":"https:\/\/llscenter.com\/de\/wp-json\/wp\/v2\/pages\/194\/revisions\/512"}],"wp:attachment":[{"href":"https:\/\/llscenter.com\/de\/wp-json\/wp\/v2\/media?parent=194"}],"curies":[{"name":"wp","href":"https:\/\/api.w.org\/{rel}","templated":true}]}}