{"id":319,"date":"2024-07-20T10:36:39","date_gmt":"2024-07-20T07:36:39","guid":{"rendered":"http:\/\/lls-center.test\/?page_id=319"},"modified":"2024-07-22T17:59:50","modified_gmt":"2024-07-22T14:59:50","slug":"blog","status":"publish","type":"page","link":"https:\/\/llscenter.com\/bs\/blog\/","title":{"rendered":"Blog"},"content":{"rendered":"<div data-elementor-type=\"wp-page\" data-elementor-id=\"319\" class=\"elementor elementor-319\" data-elementor-post-type=\"page\">\n\t\t\t\t<div class=\"elementor-element elementor-element-f480c8e e-flex e-con-boxed e-con e-parent\" data-id=\"f480c8e\" data-element_type=\"container\" data-settings=\"{&quot;background_background&quot;:&quot;classic&quot;}\">\n\t\t\t\t\t<div class=\"e-con-inner\">\n\t\t<div class=\"elementor-element elementor-element-a66c642 e-con-full e-flex e-con e-child\" data-id=\"a66c642\" data-element_type=\"container\">\n\t\t\t\t<div class=\"elementor-element elementor-element-6bb83a0 elementor-widget elementor-widget-heading\" data-id=\"6bb83a0\" data-element_type=\"widget\" data-widget_type=\"heading.default\">\n\t\t\t\t<div class=\"elementor-widget-container\">\n\t\t\t<h2 class=\"elementor-heading-title elementor-size-default\">Blog<\/h2>\t\t<\/div>\n\t\t\t\t<\/div>\n\t\t\t\t<div class=\"elementor-element elementor-element-ebe00b5 elementor-align-center elementor-widget elementor-widget-breadcrumbs\" data-id=\"ebe00b5\" data-element_type=\"widget\" data-widget_type=\"breadcrumbs.default\">\n\t\t\t\t<div class=\"elementor-widget-container\">\n\t\t\t<p id=\"breadcrumbs\"><span><span><a href=\"https:\/\/llscenter.com\/bs\/\">Anasayfa<\/a><\/span><\/span><\/p>\t\t<\/div>\n\t\t\t\t<\/div>\n\t\t\t\t<\/div>\n\t\t\t\t\t<\/div>\n\t\t\t\t<\/div>\n\t\t<div class=\"elementor-element elementor-element-9fbe151 e-flex e-con-boxed e-con e-parent\" data-id=\"9fbe151\" data-element_type=\"container\">\n\t\t\t\t\t<div class=\"e-con-inner\">\n\t\t<div class=\"elementor-element elementor-element-bd00bbb e-con-full e-flex e-con e-child\" data-id=\"bd00bbb\" data-element_type=\"container\">\n\t\t\t\t<div class=\"elementor-element elementor-element-79cb0f7 elementor-posts--align-left elementor-grid-3 elementor-grid-tablet-2 elementor-grid-mobile-1 elementor-posts--thumbnail-top elementor-card-shadow-yes elementor-posts__hover-gradient elementor-widget elementor-widget-posts\" data-id=\"79cb0f7\" data-element_type=\"widget\" data-settings=\"{&quot;cards_masonry&quot;:&quot;yes&quot;,&quot;cards_columns&quot;:&quot;3&quot;,&quot;cards_columns_tablet&quot;:&quot;2&quot;,&quot;cards_columns_mobile&quot;:&quot;1&quot;,&quot;cards_row_gap&quot;:{&quot;unit&quot;:&quot;px&quot;,&quot;size&quot;:35,&quot;sizes&quot;:[]},&quot;cards_row_gap_tablet&quot;:{&quot;unit&quot;:&quot;px&quot;,&quot;size&quot;:&quot;&quot;,&quot;sizes&quot;:[]},&quot;cards_row_gap_mobile&quot;:{&quot;unit&quot;:&quot;px&quot;,&quot;size&quot;:&quot;&quot;,&quot;sizes&quot;:[]}}\" data-widget_type=\"posts.cards\">\n\t\t\t\t<div class=\"elementor-widget-container\">\n\t\t\t\t\t<div class=\"elementor-posts-container elementor-posts elementor-posts--skin-cards elementor-grid\">\n\t\t\t\t<article class=\"elementor-post elementor-grid-item post-858 post type-post status-publish format-standard has-post-thumbnail hentry category-genel\">\n\t\t\t<div class=\"elementor-post__card\">\n\t\t\t\t<a class=\"elementor-post__thumbnail__link\" href=\"https:\/\/llscenter.com\/bs\/raste-visina-nakon-18-do-koliko-sta-rast-visina\/\" tabindex=\"-1\" ><div class=\"elementor-post__thumbnail\"><img fetchpriority=\"high\" decoding=\"async\" width=\"1000\" height=\"500\" src=\"https:\/\/llscenter.com\/wp-content\/uploads\/2024\/10\/does-height-increase-after-age-18until-what-age-does-height-grow-00.jpg\" class=\"attachment-full size-full wp-image-860\" alt=\"\" srcset=\"https:\/\/llscenter.com\/wp-content\/uploads\/2024\/10\/does-height-increase-after-age-18until-what-age-does-height-grow-00.jpg 1000w, https:\/\/llscenter.com\/wp-content\/uploads\/2024\/10\/does-height-increase-after-age-18until-what-age-does-height-grow-00-300x150.jpg 300w, https:\/\/llscenter.com\/wp-content\/uploads\/2024\/10\/does-height-increase-after-age-18until-what-age-does-height-grow-00-768x384.jpg 768w, https:\/\/llscenter.com\/wp-content\/uploads\/2024\/10\/does-height-increase-after-age-18until-what-age-does-height-grow-00-18x9.jpg 18w\" sizes=\"(max-width: 1000px) 100vw, 1000px\" \/><\/div><\/a>\n\t\t\t\t<div class=\"elementor-post__text\">\n\t\t\t\t<h3 class=\"elementor-post__title\">\n\t\t\t<a href=\"https:\/\/llscenter.com\/bs\/raste-visina-nakon-18-do-koliko-sta-rast-visina\/\" >\n\t\t\t\tDa li se visina pove\u0107ava nakon 18. godine? \u2013 Do koje godine raste visina?\t\t\t<\/a>\n\t\t<\/h3>\n\t\t\t\t<div class=\"elementor-post__excerpt\">\n\t\t\t<p>Otkrijte operaciju produ\u017eavanja ekstremiteta, uklju\u010duju\u0107i tehnike, proces oporavka i tro\u0161kove. Saznajte kako ova operacija mo\u017ee pobolj\u0161ati kvalitetu \u017eivota.<\/p>\n\t\t<\/div>\n\t\t\n\t\t<a class=\"elementor-post__read-more\" href=\"https:\/\/llscenter.com\/bs\/raste-visina-nakon-18-do-koliko-sta-rast-visina\/\" aria-label=\"Read more about Does Height Increase After Age 18? &#8211; Until What Age Does Height Grow?\" tabindex=\"-1\" >\n\t\t\tPro\u010ditajte vi\u0161e &gt;\t\t<\/a>\n\n\t\t\t\t<\/div>\n\t\t\t\t\t<\/div>\n\t\t<\/article>\n\t\t\t\t<article class=\"elementor-post elementor-grid-item post-849 post type-post status-publish format-standard has-post-thumbnail hentry category-genel\">\n\t\t\t<div class=\"elementor-post__card\">\n\t\t\t\t<a class=\"elementor-post__thumbnail__link\" href=\"https:\/\/llscenter.com\/bs\/je-height-extension-operation-rizicno-ili-sigurno\/\" tabindex=\"-1\" ><div class=\"elementor-post__thumbnail\"><img decoding=\"async\" width=\"1000\" height=\"500\" src=\"https:\/\/llscenter.com\/wp-content\/uploads\/2024\/10\/is-height-extension-surgery-risky-or-safe-00.jpg\" class=\"attachment-full size-full wp-image-851\" alt=\"\" srcset=\"https:\/\/llscenter.com\/wp-content\/uploads\/2024\/10\/is-height-extension-surgery-risky-or-safe-00.jpg 1000w, https:\/\/llscenter.com\/wp-content\/uploads\/2024\/10\/is-height-extension-surgery-risky-or-safe-00-300x150.jpg 300w, https:\/\/llscenter.com\/wp-content\/uploads\/2024\/10\/is-height-extension-surgery-risky-or-safe-00-768x384.jpg 768w, https:\/\/llscenter.com\/wp-content\/uploads\/2024\/10\/is-height-extension-surgery-risky-or-safe-00-18x9.jpg 18w\" sizes=\"(max-width: 1000px) 100vw, 1000px\" \/><\/div><\/a>\n\t\t\t\t<div class=\"elementor-post__text\">\n\t\t\t\t<h3 class=\"elementor-post__title\">\n\t\t\t<a href=\"https:\/\/llscenter.com\/bs\/je-height-extension-operation-rizicno-ili-sigurno\/\" >\n\t\t\t\tDa li je operacija produ\u017eenja visine: rizi\u010dna ili sigurna?\t\t\t<\/a>\n\t\t<\/h3>\n\t\t\t\t<div class=\"elementor-post__excerpt\">\n\t\t\t<p>Otkrijte operaciju produ\u017eavanja ekstremiteta, uklju\u010duju\u0107i tehnike, proces oporavka i tro\u0161kove. Saznajte kako ova operacija mo\u017ee pobolj\u0161ati kvalitetu \u017eivota.<\/p>\n\t\t<\/div>\n\t\t\n\t\t<a class=\"elementor-post__read-more\" href=\"https:\/\/llscenter.com\/bs\/je-height-extension-operation-rizicno-ili-sigurno\/\" aria-label=\"Read more about Is Height Extension Surgery: Risky or Safe?\" tabindex=\"-1\" >\n\t\t\tPro\u010ditajte vi\u0161e &gt;\t\t<\/a>\n\n\t\t\t\t<\/div>\n\t\t\t\t\t<\/div>\n\t\t<\/article>\n\t\t\t\t<article class=\"elementor-post elementor-grid-item post-843 post type-post status-publish format-standard has-post-thumbnail hentry category-genel\">\n\t\t\t<div class=\"elementor-post__card\">\n\t\t\t\t<a class=\"elementor-post__thumbnail__link\" href=\"https:\/\/llscenter.com\/bs\/hirurgija-ekstenzija-kako-moze-trajno-povecati-vasu-visinu\/\" tabindex=\"-1\" ><div class=\"elementor-post__thumbnail\"><img decoding=\"async\" width=\"1000\" height=\"500\" src=\"https:\/\/llscenter.com\/wp-content\/uploads\/2024\/10\/height-extension-surgery-how-it-can-increase-your-height-permanently-00.jpg\" class=\"attachment-full size-full wp-image-845\" alt=\"\" srcset=\"https:\/\/llscenter.com\/wp-content\/uploads\/2024\/10\/height-extension-surgery-how-it-can-increase-your-height-permanently-00.jpg 1000w, https:\/\/llscenter.com\/wp-content\/uploads\/2024\/10\/height-extension-surgery-how-it-can-increase-your-height-permanently-00-300x150.jpg 300w, https:\/\/llscenter.com\/wp-content\/uploads\/2024\/10\/height-extension-surgery-how-it-can-increase-your-height-permanently-00-768x384.jpg 768w, https:\/\/llscenter.com\/wp-content\/uploads\/2024\/10\/height-extension-surgery-how-it-can-increase-your-height-permanently-00-18x9.jpg 18w\" sizes=\"(max-width: 1000px) 100vw, 1000px\" \/><\/div><\/a>\n\t\t\t\t<div class=\"elementor-post__text\">\n\t\t\t\t<h3 class=\"elementor-post__title\">\n\t\t\t<a href=\"https:\/\/llscenter.com\/bs\/hirurgija-ekstenzija-kako-moze-trajno-povecati-vasu-visinu\/\" >\n\t\t\t\tOperacija produ\u017eenja visine: kako mo\u017ee trajno pove\u0107ati va\u0161u visinu\t\t\t<\/a>\n\t\t<\/h3>\n\t\t\t\t<div class=\"elementor-post__excerpt\">\n\t\t\t<p>Otkrijte operaciju produ\u017eavanja ekstremiteta, uklju\u010duju\u0107i tehnike, proces oporavka i tro\u0161kove. Saznajte kako ova operacija mo\u017ee pobolj\u0161ati kvalitetu \u017eivota.<\/p>\n\t\t<\/div>\n\t\t\n\t\t<a class=\"elementor-post__read-more\" href=\"https:\/\/llscenter.com\/bs\/hirurgija-ekstenzija-kako-moze-trajno-povecati-vasu-visinu\/\" aria-label=\"Read more about Height Extension Surgery: How It Can Increase Your Height Permanently\" tabindex=\"-1\" >\n\t\t\tPro\u010ditajte vi\u0161e &gt;\t\t<\/a>\n\n\t\t\t\t<\/div>\n\t\t\t\t\t<\/div>\n\t\t<\/article>\n\t\t\t\t<article class=\"elementor-post elementor-grid-item post-837 post type-post status-publish format-standard has-post-thumbnail hentry category-genel\">\n\t\t\t<div class=\"elementor-post__card\">\n\t\t\t\t<a class=\"elementor-post__thumbnail__link\" href=\"https:\/\/llscenter.com\/bs\/oporavak-poslije-operacije-produzavanja-udova-koliko-ce-dugo-trebati-da-postane-bolje\/\" tabindex=\"-1\" ><div class=\"elementor-post__thumbnail\"><img loading=\"lazy\" decoding=\"async\" width=\"1000\" height=\"500\" src=\"https:\/\/llscenter.com\/wp-content\/uploads\/2024\/10\/recovery-after-limb-lengthening-surgery-how-long-will-it-take-to-get-better-00.jpg\" class=\"attachment-full size-full wp-image-839\" alt=\"\" srcset=\"https:\/\/llscenter.com\/wp-content\/uploads\/2024\/10\/recovery-after-limb-lengthening-surgery-how-long-will-it-take-to-get-better-00.jpg 1000w, https:\/\/llscenter.com\/wp-content\/uploads\/2024\/10\/recovery-after-limb-lengthening-surgery-how-long-will-it-take-to-get-better-00-300x150.jpg 300w, https:\/\/llscenter.com\/wp-content\/uploads\/2024\/10\/recovery-after-limb-lengthening-surgery-how-long-will-it-take-to-get-better-00-768x384.jpg 768w, https:\/\/llscenter.com\/wp-content\/uploads\/2024\/10\/recovery-after-limb-lengthening-surgery-how-long-will-it-take-to-get-better-00-18x9.jpg 18w\" sizes=\"(max-width: 1000px) 100vw, 1000px\" \/><\/div><\/a>\n\t\t\t\t<div class=\"elementor-post__text\">\n\t\t\t\t<h3 class=\"elementor-post__title\">\n\t\t\t<a href=\"https:\/\/llscenter.com\/bs\/oporavak-poslije-operacije-produzavanja-udova-koliko-ce-dugo-trebati-da-postane-bolje\/\" >\n\t\t\t\tOporavak nakon operacije produ\u017eavanja ekstremiteta Koliko dugo \u0107e trebati da postane bolje?\t\t\t<\/a>\n\t\t<\/h3>\n\t\t\t\t<div class=\"elementor-post__excerpt\">\n\t\t\t<p>Otkrijte operaciju produ\u017eavanja ekstremiteta, uklju\u010duju\u0107i tehnike, proces oporavka i tro\u0161kove. Saznajte kako ova operacija mo\u017ee pobolj\u0161ati kvalitetu \u017eivota.<\/p>\n\t\t<\/div>\n\t\t\n\t\t<a class=\"elementor-post__read-more\" href=\"https:\/\/llscenter.com\/bs\/oporavak-poslije-operacije-produzavanja-udova-koliko-ce-dugo-trebati-da-postane-bolje\/\" aria-label=\"Read more about Recovery After Limb Lengthening Surgery How Long Will It Take to Get Better?\" tabindex=\"-1\" >\n\t\t\tPro\u010ditajte vi\u0161e &gt;\t\t<\/a>\n\n\t\t\t\t<\/div>\n\t\t\t\t\t<\/div>\n\t\t<\/article>\n\t\t\t\t<article class=\"elementor-post elementor-grid-item post-828 post type-post status-publish format-standard has-post-thumbnail hentry category-genel\">\n\t\t\t<div class=\"elementor-post__card\">\n\t\t\t\t<a class=\"elementor-post__thumbnail__link\" href=\"https:\/\/llscenter.com\/bs\/prednosti-imanja-operacije-u-ll-centru-postoperativnom-procesu\/\" tabindex=\"-1\" ><div class=\"elementor-post__thumbnail\"><img loading=\"lazy\" decoding=\"async\" width=\"1000\" height=\"500\" src=\"https:\/\/llscenter.com\/wp-content\/uploads\/2024\/10\/advantages-of-having-surgery-at-lls-center-post-operative-process-00.jpg\" class=\"attachment-full size-full wp-image-830\" alt=\"\" srcset=\"https:\/\/llscenter.com\/wp-content\/uploads\/2024\/10\/advantages-of-having-surgery-at-lls-center-post-operative-process-00.jpg 1000w, https:\/\/llscenter.com\/wp-content\/uploads\/2024\/10\/advantages-of-having-surgery-at-lls-center-post-operative-process-00-300x150.jpg 300w, https:\/\/llscenter.com\/wp-content\/uploads\/2024\/10\/advantages-of-having-surgery-at-lls-center-post-operative-process-00-768x384.jpg 768w, https:\/\/llscenter.com\/wp-content\/uploads\/2024\/10\/advantages-of-having-surgery-at-lls-center-post-operative-process-00-18x9.jpg 18w\" sizes=\"(max-width: 1000px) 100vw, 1000px\" \/><\/div><\/a>\n\t\t\t\t<div class=\"elementor-post__text\">\n\t\t\t\t<h3 class=\"elementor-post__title\">\n\t\t\t<a href=\"https:\/\/llscenter.com\/bs\/prednosti-imanja-operacije-u-ll-centru-postoperativnom-procesu\/\" >\n\t\t\t\tPrednosti operacije u LLS centru Post-operativni proces\t\t\t<\/a>\n\t\t<\/h3>\n\t\t\t\t<div class=\"elementor-post__excerpt\">\n\t\t\t<p>Otkrijte operaciju produ\u017eavanja ekstremiteta, uklju\u010duju\u0107i tehnike, proces oporavka i tro\u0161kove. Saznajte kako ova operacija mo\u017ee pobolj\u0161ati kvalitetu \u017eivota.<\/p>\n\t\t<\/div>\n\t\t\n\t\t<a class=\"elementor-post__read-more\" href=\"https:\/\/llscenter.com\/bs\/prednosti-imanja-operacije-u-ll-centru-postoperativnom-procesu\/\" aria-label=\"Read more about Advantages of Having Surgery at LLS Center Post-Operative Process\" tabindex=\"-1\" >\n\t\t\tPro\u010ditajte vi\u0161e &gt;\t\t<\/a>\n\n\t\t\t\t<\/div>\n\t\t\t\t\t<\/div>\n\t\t<\/article>\n\t\t\t\t<article class=\"elementor-post elementor-grid-item post-819 post type-post status-publish format-standard has-post-thumbnail hentry category-genel\">\n\t\t\t<div class=\"elementor-post__card\">\n\t\t\t\t<a class=\"elementor-post__thumbnail__link\" href=\"https:\/\/llscenter.com\/bs\/hirurske-tehnike-produzivanja-koja-je-najbolja-za-vas\/\" tabindex=\"-1\" ><div class=\"elementor-post__thumbnail\"><img loading=\"lazy\" decoding=\"async\" width=\"1000\" height=\"500\" src=\"https:\/\/llscenter.com\/wp-content\/uploads\/2024\/10\/limb-lengthening-surgery-techniques-which-one-is-best-for-you-00.jpg\" class=\"attachment-full size-full wp-image-821\" alt=\"\" srcset=\"https:\/\/llscenter.com\/wp-content\/uploads\/2024\/10\/limb-lengthening-surgery-techniques-which-one-is-best-for-you-00.jpg 1000w, https:\/\/llscenter.com\/wp-content\/uploads\/2024\/10\/limb-lengthening-surgery-techniques-which-one-is-best-for-you-00-300x150.jpg 300w, https:\/\/llscenter.com\/wp-content\/uploads\/2024\/10\/limb-lengthening-surgery-techniques-which-one-is-best-for-you-00-768x384.jpg 768w, https:\/\/llscenter.com\/wp-content\/uploads\/2024\/10\/limb-lengthening-surgery-techniques-which-one-is-best-for-you-00-18x9.jpg 18w\" sizes=\"(max-width: 1000px) 100vw, 1000px\" \/><\/div><\/a>\n\t\t\t\t<div class=\"elementor-post__text\">\n\t\t\t\t<h3 class=\"elementor-post__title\">\n\t\t\t<a href=\"https:\/\/llscenter.com\/bs\/hirurske-tehnike-produzivanja-koja-je-najbolja-za-vas\/\" >\n\t\t\t\tTehnike operacije produ\u017eavanja ekstremiteta: koja je najbolja za vas?\t\t\t<\/a>\n\t\t<\/h3>\n\t\t\t\t<div class=\"elementor-post__excerpt\">\n\t\t\t<p>Otkrijte operaciju produ\u017eavanja ekstremiteta, uklju\u010duju\u0107i tehnike, proces oporavka i tro\u0161kove. Saznajte kako ova operacija mo\u017ee pobolj\u0161ati kvalitetu \u017eivota.<\/p>\n\t\t<\/div>\n\t\t\n\t\t<a class=\"elementor-post__read-more\" href=\"https:\/\/llscenter.com\/bs\/hirurske-tehnike-produzivanja-koja-je-najbolja-za-vas\/\" aria-label=\"Read more about Limb Lengthening Surgery Techniques: Which One is Best for You?\" tabindex=\"-1\" >\n\t\t\tPro\u010ditajte vi\u0161e &gt;\t\t<\/a>\n\n\t\t\t\t<\/div>\n\t\t\t\t\t<\/div>\n\t\t<\/article>\n\t\t\t\t<\/div>\n\t\t\n\t\t\t\t<\/div>\n\t\t\t\t<\/div>\n\t\t\t\t<\/div>\n\t\t\t\t\t<\/div>\n\t\t\t\t<\/div>\n\t\t\t\t<\/div>","protected":false},"excerpt":{"rendered":"<p>Nudimo savr\u0161enu uslugu u oblasti produ\u017eavanja ekstremiteta i \u010dizme sa na\u0161im stru\u010dnim timom i doktorima specijalistima.<\/p>","protected":false},"author":1,"featured_media":0,"parent":0,"menu_order":0,"comment_status":"closed","ping_status":"closed","template":"elementor_header_footer","meta":{"footnotes":""},"class_list":["post-319","page","type-page","status-publish","hentry"],"yoast_head":"<!-- This site is optimized with the Yoast SEO plugin v26.2 - https:\/\/yoast.com\/wordpress\/plugins\/seo\/ -->\n<title>Blog - LLS Center<\/title>\n<meta name=\"description\" content=\"LLS Center - Blog\" \/>\n<meta name=\"robots\" content=\"index, follow, max-snippet:-1, max-image-preview:large, max-video-preview:-1\" \/>\n<link rel=\"canonical\" href=\"https:\/\/llscenter.com\/bs\/blog\/\" \/>\n<meta property=\"og:locale\" content=\"bs_BA\" \/>\n<meta property=\"og:type\" content=\"article\" \/>\n<meta property=\"og:title\" content=\"Blog - LLS Center\" \/>\n<meta property=\"og:description\" content=\"LLS Center - Blog\" \/>\n<meta property=\"og:url\" content=\"https:\/\/llscenter.com\/bs\/blog\/\" \/>\n<meta property=\"og:site_name\" content=\"LLS Center\" \/>\n<meta property=\"article:modified_time\" content=\"2024-07-22T14:59:50+00:00\" \/>\n<meta name=\"twitter:card\" content=\"summary_large_image\" \/>\n<meta name=\"twitter:label1\" content=\"Est. reading time\" \/>\n\t<meta name=\"twitter:data1\" content=\"1 minuta\" \/>\n<script type=\"application\/ld+json\" class=\"yoast-schema-graph\">{\"@context\":\"https:\/\/schema.org\",\"@graph\":[{\"@type\":\"WebPage\",\"@id\":\"https:\/\/llscenter.com\/blog\/\",\"url\":\"https:\/\/llscenter.com\/blog\/\",\"name\":\"Blog - LLS Center\",\"isPartOf\":{\"@id\":\"https:\/\/llscenter.com\/#website\"},\"datePublished\":\"2024-07-20T07:36:39+00:00\",\"dateModified\":\"2024-07-22T14:59:50+00:00\",\"description\":\"LLS Center - Blog\",\"breadcrumb\":{\"@id\":\"https:\/\/llscenter.com\/blog\/#breadcrumb\"},\"inLanguage\":\"bs-BA\",\"potentialAction\":[{\"@type\":\"ReadAction\",\"target\":[\"https:\/\/llscenter.com\/blog\/\"]}]},{\"@type\":\"BreadcrumbList\",\"@id\":\"https:\/\/llscenter.com\/blog\/#breadcrumb\",\"itemListElement\":[{\"@type\":\"ListItem\",\"position\":1,\"name\":\"Anasayfa\",\"item\":\"https:\/\/llscenter.com\/\"},{\"@type\":\"ListItem\",\"position\":2,\"name\":\"Blog\"}]},{\"@type\":\"WebSite\",\"@id\":\"https:\/\/llscenter.com\/#website\",\"url\":\"https:\/\/llscenter.com\/\",\"name\":\"LLS Center\",\"description\":\"\",\"potentialAction\":[{\"@type\":\"SearchAction\",\"target\":{\"@type\":\"EntryPoint\",\"urlTemplate\":\"https:\/\/llscenter.com\/?s={search_term_string}\"},\"query-input\":{\"@type\":\"PropertyValueSpecification\",\"valueRequired\":true,\"valueName\":\"search_term_string\"}}],\"inLanguage\":\"bs-BA\"}]}<\/script>\n<!-- \/ Yoast SEO plugin. -->","yoast_head_json":{"title":"Blog - LLS Center","description":"LLS Center - Blog","robots":{"index":"index","follow":"follow","max-snippet":"max-snippet:-1","max-image-preview":"max-image-preview:large","max-video-preview":"max-video-preview:-1"},"canonical":"https:\/\/llscenter.com\/bs\/blog\/","og_locale":"bs_BA","og_type":"article","og_title":"Blog - LLS Center","og_description":"LLS Center - Blog","og_url":"https:\/\/llscenter.com\/bs\/blog\/","og_site_name":"LLS Center","article_modified_time":"2024-07-22T14:59:50+00:00","twitter_card":"summary_large_image","twitter_misc":{"Est. reading time":"1 minuta"},"schema":{"@context":"https:\/\/schema.org","@graph":[{"@type":"WebPage","@id":"https:\/\/llscenter.com\/blog\/","url":"https:\/\/llscenter.com\/blog\/","name":"Blog - LLS Center","isPartOf":{"@id":"https:\/\/llscenter.com\/#website"},"datePublished":"2024-07-20T07:36:39+00:00","dateModified":"2024-07-22T14:59:50+00:00","description":"LLS Center - Blog","breadcrumb":{"@id":"https:\/\/llscenter.com\/blog\/#breadcrumb"},"inLanguage":"bs-BA","potentialAction":[{"@type":"ReadAction","target":["https:\/\/llscenter.com\/blog\/"]}]},{"@type":"BreadcrumbList","@id":"https:\/\/llscenter.com\/blog\/#breadcrumb","itemListElement":[{"@type":"ListItem","position":1,"name":"Anasayfa","item":"https:\/\/llscenter.com\/"},{"@type":"ListItem","position":2,"name":"Blog"}]},{"@type":"WebSite","@id":"https:\/\/llscenter.com\/#website","url":"https:\/\/llscenter.com\/","name":"LLS Center","description":"","potentialAction":[{"@type":"SearchAction","target":{"@type":"EntryPoint","urlTemplate":"https:\/\/llscenter.com\/?s={search_term_string}"},"query-input":{"@type":"PropertyValueSpecification","valueRequired":true,"valueName":"search_term_string"}}],"inLanguage":"bs-BA"}]}},"_links":{"self":[{"href":"https:\/\/llscenter.com\/bs\/wp-json\/wp\/v2\/pages\/319","targetHints":{"allow":["GET"]}}],"collection":[{"href":"https:\/\/llscenter.com\/bs\/wp-json\/wp\/v2\/pages"}],"about":[{"href":"https:\/\/llscenter.com\/bs\/wp-json\/wp\/v2\/types\/page"}],"author":[{"embeddable":true,"href":"https:\/\/llscenter.com\/bs\/wp-json\/wp\/v2\/users\/1"}],"replies":[{"embeddable":true,"href":"https:\/\/llscenter.com\/bs\/wp-json\/wp\/v2\/comments?post=319"}],"version-history":[{"count":4,"href":"https:\/\/llscenter.com\/bs\/wp-json\/wp\/v2\/pages\/319\/revisions"}],"predecessor-version":[{"id":473,"href":"https:\/\/llscenter.com\/bs\/wp-json\/wp\/v2\/pages\/319\/revisions\/473"}],"wp:attachment":[{"href":"https:\/\/llscenter.com\/bs\/wp-json\/wp\/v2\/media?parent=319"}],"curies":[{"name":"wp","href":"https:\/\/api.w.org\/{rel}","templated":true}]}}