{"id":241,"date":"2024-07-19T16:12:27","date_gmt":"2024-07-19T13:12:27","guid":{"rendered":"http:\/\/lls-center.test\/?page_id=241"},"modified":"2024-07-19T16:26:14","modified_gmt":"2024-07-19T13:26:14","slug":"privacy-policy","status":"publish","type":"page","link":"https:\/\/llscenter.com\/bs\/politika-privatnosti\/","title":{"rendered":"Politika privatnosti"},"content":{"rendered":"<div data-elementor-type=\"wp-page\" data-elementor-id=\"241\" class=\"elementor elementor-241\" data-elementor-post-type=\"page\">\n\t\t\t\t<div class=\"elementor-element elementor-element-f480c8e e-flex e-con-boxed e-con e-parent\" data-id=\"f480c8e\" data-element_type=\"container\" data-settings=\"{&quot;background_background&quot;:&quot;classic&quot;}\">\n\t\t\t\t\t<div class=\"e-con-inner\">\n\t\t<div class=\"elementor-element elementor-element-a66c642 e-con-full e-flex e-con e-child\" data-id=\"a66c642\" data-element_type=\"container\">\n\t\t\t\t<div class=\"elementor-element elementor-element-6bb83a0 elementor-widget elementor-widget-heading\" data-id=\"6bb83a0\" data-element_type=\"widget\" data-widget_type=\"heading.default\">\n\t\t\t\t<div class=\"elementor-widget-container\">\n\t\t\t<h2 class=\"elementor-heading-title elementor-size-default\">Politika privatnosti<\/h2>\t\t<\/div>\n\t\t\t\t<\/div>\n\t\t\t\t<div class=\"elementor-element elementor-element-ebe00b5 elementor-align-center elementor-widget elementor-widget-breadcrumbs\" data-id=\"ebe00b5\" data-element_type=\"widget\" data-widget_type=\"breadcrumbs.default\">\n\t\t\t\t<div class=\"elementor-widget-container\">\n\t\t\t<p id=\"breadcrumbs\"><span><span><a href=\"https:\/\/llscenter.com\/bs\/\">Anasayfa<\/a><\/span><\/span><\/p>\t\t<\/div>\n\t\t\t\t<\/div>\n\t\t\t\t<\/div>\n\t\t\t\t\t<\/div>\n\t\t\t\t<\/div>\n\t\t<div class=\"elementor-element elementor-element-9fbe151 e-flex e-con-boxed e-con e-parent\" data-id=\"9fbe151\" data-element_type=\"container\">\n\t\t\t\t\t<div class=\"e-con-inner\">\n\t\t<div class=\"elementor-element elementor-element-bd00bbb e-con-full e-flex e-con e-child\" data-id=\"bd00bbb\" data-element_type=\"container\">\n\t\t<div class=\"elementor-element elementor-element-311bd49 e-con-full e-flex e-con e-child\" data-id=\"311bd49\" data-element_type=\"container\">\n\t\t\t\t<div class=\"elementor-element elementor-element-eb834fa elementor-widget elementor-widget-heading\" data-id=\"eb834fa\" data-element_type=\"widget\" data-widget_type=\"heading.default\">\n\t\t\t\t<div class=\"elementor-widget-container\">\n\t\t\t<h2 class=\"elementor-heading-title elementor-size-default\">Uslovi pru\u017eanja usluge, uslovi otkazivanja\/povra\u0107aja<\/h2>\t\t<\/div>\n\t\t\t\t<\/div>\n\t\t\t\t<div class=\"elementor-element elementor-element-83024b5 elementor-widget elementor-widget-heading\" data-id=\"83024b5\" data-element_type=\"widget\" data-widget_type=\"heading.default\">\n\t\t\t\t<div class=\"elementor-widget-container\">\n\t\t\t<h3 class=\"elementor-heading-title elementor-size-default\">Sporazum<\/h3>\t\t<\/div>\n\t\t\t\t<\/div>\n\t\t\t\t<div class=\"elementor-element elementor-element-63cf220 elementor-widget elementor-widget-text-editor\" data-id=\"63cf220\" data-element_type=\"widget\" data-widget_type=\"text-editor.default\">\n\t\t\t\t<div class=\"elementor-widget-container\">\n\t\t\t\t\t\t\t<p>Molimo pa\u017eljivo pro\u010ditajte sljede\u0107e Uslove kori\u0161tenja (\u201cUslovi\u201d) prije kori\u0161tenja web stranice LLS Centra (\u201cWeb stranica\u201d). Ako se ne sla\u017eete s ovim uvjetima, ne\u0107ete mo\u0107i koristiti web stranicu LLS Centra i usluge koje pru\u017ea LLS Centar.<\/p>\t\t\t\t\t\t<\/div>\n\t\t\t\t<\/div>\n\t\t\t\t<div class=\"elementor-element elementor-element-ab8594a elementor-widget elementor-widget-heading\" data-id=\"ab8594a\" data-element_type=\"widget\" data-widget_type=\"heading.default\">\n\t\t\t\t<div class=\"elementor-widget-container\">\n\t\t\t<h4 class=\"elementor-heading-title elementor-size-default\">Obavezuju\u0107i sporazum<\/h4>\t\t<\/div>\n\t\t\t\t<\/div>\n\t\t\t\t<div class=\"elementor-element elementor-element-0ed9d9d elementor-widget elementor-widget-text-editor\" data-id=\"0ed9d9d\" data-element_type=\"widget\" data-widget_type=\"text-editor.default\">\n\t\t\t\t<div class=\"elementor-widget-container\">\n\t\t\t\t\t\t\t<p>Ovo je ugovor izme\u0111u vas (\u201cKorisnika\u201d) i LLS Centra, turske kompanije koja se nalazi na adresi Atak\u00f6y 7-8-9-10 Mh. \u00c7oban\u00e7e\u015fme E-5 Yanyol No:16\/1\/A Selen Retro-9 A Blok K:18 D:130 34158 \u2013 Istanbul. Usluge koje se nude na web stranici pru\u017ea LLS centar. Smatra se da je svako fizi\u010dko ili pravno lice koje pristupi web stranici, bilo putem pla\u0107ene pretplate (\u201cpremium pretplata\u201d) ili besplatnog pristupa (\u201cstandardna pretplata\u201d), prihvatilo ove Uslove. LLS Centar, kao vlasnik web stranice, zadr\u017eava pravo izmjene bilo koje informacije, obrazaca, sadr\u017eaja, web stranice i Uslova bez prethodne najave korisnika. Takve promjene stupaju na snagu od dana objave na web stranici. Smatra\u0107e se da je svako fizi\u010dko ili pravno lice koje koristi usluge web stranice ili pristupa web stranici prihvatilo ove promjene unaprijed. Ovi Uslovi kori\u0161tenja su objavljeni i stupili na snagu 20.05.2024. na web stranici LLS Centra. Ovi Uslovi kori\u0161\u0107enja su sastavni deo svakog ugovora koji se sklapa ili \u0107e biti sklopljen sa korisnicima i poslovnim partnerima LLS Centra.<\/p>\t\t\t\t\t\t<\/div>\n\t\t\t\t<\/div>\n\t\t\t\t<div class=\"elementor-element elementor-element-ea0ed09 elementor-widget elementor-widget-heading\" data-id=\"ea0ed09\" data-element_type=\"widget\" data-widget_type=\"heading.default\">\n\t\t\t\t<div class=\"elementor-widget-container\">\n\t\t\t<h3 class=\"elementor-heading-title elementor-size-default\">Definicije<\/h3>\t\t<\/div>\n\t\t\t\t<\/div>\n\t\t\t\t<div class=\"elementor-element elementor-element-64060e8 elementor-widget elementor-widget-text-editor\" data-id=\"64060e8\" data-element_type=\"widget\" data-widget_type=\"text-editor.default\">\n\t\t\t\t<div class=\"elementor-widget-container\">\n\t\t\t\t\t\t\t<p><b>Aplikacija<\/b><\/p><p>Mobilna aplikacija koja pru\u017ea razli\u010dite usluge i sadr\u017eaje u okviru LLS centra, dostupna online.<\/p><p><span style=\"text-align: var(--text-align); font-size: 1rem;\"><b>Povjerljive informacije<\/b><\/span><\/p><p><span style=\"text-align: var(--text-align); font-size: 1rem;\">Bilo koja informacija, bilo pisana, usmena, ili izra\u017eena elektronski, ili na drugi na\u010din otkrivena, koja mo\u017ee biti opipljiva ili nematerijalna.<\/span><\/p><p><span style=\"text-align: var(--text-align); font-size: 1rem;\"><b>U\u010desnik<\/b><\/span><\/p><p><span style=\"text-align: var(--text-align); font-size: 1rem;\">Svaki pojedinac koji u\u010destvuje i odgovara na ankete LLS Centra.<\/span><\/p><p><span style=\"text-align: var(--text-align); font-size: 1rem;\"><b>Korisnik<\/b><\/span><\/p><p><span style=\"text-align: var(--text-align); font-size: 1rem;\">Svaki pojedinac, pravno lice, udru\u017eenje, javna ustanova ili organizacija koja mo\u017ee pristupiti uslugama i ponudama koje pru\u017ea LLS centar.<\/span><\/p><p><span style=\"text-align: var(--text-align); font-size: 1rem;\"><b>Link<\/b><\/span><\/p><p><span style=\"text-align: var(--text-align); font-size: 1rem;\">Veza koja omogu\u0107ava pristup drugoj web stranici, datotekama ili sadr\u017eaju iz aplikacije ili web stranice, ili pristup aplikaciji ili web stranici, datotekama i sadr\u017eaju s druge web stranice.<\/span><\/p><p><strong><span style=\"text-align: var(--text-align); font-size: 1rem;\">Sadr\u017eaj<\/span><\/strong><\/p><p><span style=\"text-align: var(--text-align); font-size: 1rem;\">Bilo koja informacija, anketa, datoteka, slika, fotografija, zvuk, cijena, sve vizuelne, literarne i zvu\u010dne slike objavljene ili dostupne iz aplikacije LLS centra ili web stranice.<\/span><\/p><p><strong><span style=\"text-align: var(--text-align); font-size: 1rem;\">Website<\/span><\/strong><\/p><p><span style=\"text-align: var(--text-align); font-size: 1rem;\">Online platforma dostupna sa adrese https:\/\/zarenclinic.com\/ na kojoj se pru\u017eaju razli\u010dite usluge i sadr\u017eaji u okviru LLS centra.<\/span><\/p>\t\t\t\t\t\t<\/div>\n\t\t\t\t<\/div>\n\t\t\t\t<div class=\"elementor-element elementor-element-bc5fd8a elementor-widget elementor-widget-heading\" data-id=\"bc5fd8a\" data-element_type=\"widget\" data-widget_type=\"heading.default\">\n\t\t\t\t<div class=\"elementor-widget-container\">\n\t\t\t<h3 class=\"elementor-heading-title elementor-size-default\">Op\u0107e odredbe<\/h3>\t\t<\/div>\n\t\t\t\t<\/div>\n\t\t\t\t<div class=\"elementor-element elementor-element-560eeeb elementor-widget elementor-widget-text-editor\" data-id=\"560eeeb\" data-element_type=\"widget\" data-widget_type=\"text-editor.default\">\n\t\t\t\t<div class=\"elementor-widget-container\">\n\t\t\t\t\t\t\t<ul><li>LLS centar je potpuno slobodan da odredi koje usluge i sadr\u017eaji dostupni na web stranici podlije\u017eu naplati.<\/li><li>Oni koji imaju koristi od usluga koje pru\u017ea LLS Centar i oni koji koriste stranicu mogu obavljati transakcije na web stranici samo u zakonite i li\u010dne svrhe.<\/li><li>Pravna i krivi\u010dna odgovornost za sve radnje i transakcije koje korisnici obavljaju na web stranici su u potpunosti njihova; LLS Centar nije odgovoran za radnje korisnika.<\/li><li>Svaki korisnik se sla\u017ee da se ne\u0107e uklju\u010diti u bilo koju radnju ili transakciju koja bi naru\u0161ila prava LLS Centra ili bilo koje tre\u0107e strane; da ne otkrivaju pisane, vizuelne i slu\u0161ne informacije; i potvr\u0111uje da je LLS Centar isklju\u010divi vlasnik svih informacija otkrivenih u trenutku otkrivanja, uklju\u010duju\u0107i njihovu upotrebu, obradu, skladi\u0161tenje, otkrivanje i otkrivanje tre\u0107im stranama.<\/li><li>Korisnici su saglasni i obavezuju se da ne\u0107e reproducirati, kopirati, distribuirati ili obra\u0111ivati slike, tekstove, vizuelne i zvu\u010dne slike, video klipove, datoteke, baze podataka, kataloge i liste koje se nalaze na web stranici ili ulaziti u direktnu ili indirektnu konkurenciju LLS Centru putem ovih radnji ili na drugi na\u010din. Korisnici su saglasni da \u0161tite i \u010duvaju sve informacije dobijene ili saznane u skladu sa ovim Uslovima.<\/li><li>Korisnici ne\u0107e koristiti nikakve pisane, usmene ili elektronske povjerljive informacije dobijene tokom izvr\u0161avanja ovih Uslova u bilo koju drugu svrhu osim ispunjavanja ovih Uslova, i ne\u0107e ih otkriti tre\u0107oj strani ili organizaciji. Ako se bilo koja povjerljiva informacija otkrije tre\u0107oj strani zbog nemara korisnika, strana koja je otkrila bit \u0107e odgovorna za svaku direktnu ili indirektnu \u0161tetu ili nastalu \u0161tetu. Obaveze korisnika u pogledu za\u0161tite povjerljivih informacija traju 5 godina nakon isteka ovih Uslova.<\/li><li>LLS Centar nije odgovoran za usluge i sadr\u017eaje koje pru\u017eaju tre\u0107a lica, \u010dak i ako su im dostupni sa web stranice. Za ta\u010dnost i zakonitost informacija, sadr\u017eaja, vizuelnih i zvu\u010dnih slika koje objavljuje bilo koja tre\u0107a strana u potpunosti su odgovorne te tre\u0107e strane.<\/li><li>LLS Centar ne garantuje niti garantuje sigurnost, ta\u010dnost ili zakonitost usluga i sadr\u017eaja koje pru\u017eaju tre\u0107a lica.<\/li><li>LLS Centar nije odgovoran za provjeru ta\u010dnosti informacija i sadr\u017eaja koje su korisnici dali ili u\u010ditali, promijenili i dostavili putem web stranice. Korisnici su saglasni i obavezuju se da su informacije i sadr\u017eaj koji pru\u017eaju putem web stranice ta\u010dni i zakoniti.<\/li><li>Korisnici su saglasni da se ne\u0107e baviti aktivnostima koje bi predstavljale nelojalnu konkurenciju prema Turskom trgova\u010dkom zakonu, ili naru\u0161avale li\u010dnu i komercijalnu reputaciju LLS Centra ili tre\u0107ih strana.<\/li><li>LLS centar mo\u017ee pru\u017eiti veze ka drugim web stranicama, datotekama ili sadr\u017eajima koji kontroliraju tre\u0107e strane. Ove veze su date isklju\u010divo radi referenci i ne podrazumijevaju podr\u0161ku web stranica, njihovih operatera ili njihovog sadr\u017eaja. LLS Centar nije odgovoran za web stranice, datoteke ili sadr\u017eaj kojima se pristupa putem ovih veza, niti za usluge ili proizvode koji se pru\u017eaju putem ovih web stranica.<\/li><li>LLS Centar mo\u017ee koristiti informacije koje daju korisnici u skladu sa Politikom privatnosti i drugim ugovorima sklopljenim sa korisnicima i tre\u0107im licima. Ove informacije se mogu obraditi, klasificirati i pohraniti u bazi podataka. LLS Centar tako\u0111er mo\u017ee koristiti informacije o identitetu korisnika ili posjetitelja, adresi, e-po\u0161ti, telefonu, IP adresi, aktivnosti na web stranici, tipu pretra\u017eiva\u010da, datumu i vremenu za statisti\u010dke procjene i personalizirane usluge u skladu sa ugovorima sklopljenim sa korisnicima i tre\u0107im stranama.<\/li><li>Posebni i\/ili dodatni uslovi i odredbe mogu se primijeniti na odre\u0111ene proizvode, sadr\u017eaje, programe ili druge aktivnosti, uklju\u010duju\u0107i bodove, poklone, promotivne artikle, kupone za popust i sve druge nagrade ili usluge koje su u\u010desnici stekli putem anketa. Ovi uslovi i odredbe \u0107e biti precizirani, a u\u010desnici \u0107e biti podlo\u017eni njima.<\/li><li>Ako u\u010desnici odlu\u010de da doniraju svoj zara\u0111eni iznos nagrade, nagra\u0111eni iznos \u0107e donirati LLS Centar u ime u\u010desnika navedenoj organizaciji.<\/li><li>Zara\u0111eni iznos nagrade ne mo\u017ee se podijeliti na vi\u0161e kupona ili koristiti na razli\u010dite na\u010dine.<\/li><\/ul>\t\t\t\t\t\t<\/div>\n\t\t\t\t<\/div>\n\t\t\t\t<div class=\"elementor-element elementor-element-eb9e8e8 elementor-widget elementor-widget-heading\" data-id=\"eb9e8e8\" data-element_type=\"widget\" data-widget_type=\"heading.default\">\n\t\t\t\t<div class=\"elementor-widget-container\">\n\t\t\t<h3 class=\"elementor-heading-title elementor-size-default\">Prava intelektualne svojine<\/h3>\t\t<\/div>\n\t\t\t\t<\/div>\n\t\t\t\t<div class=\"elementor-element elementor-element-a31ccf3 elementor-widget elementor-widget-text-editor\" data-id=\"a31ccf3\" data-element_type=\"widget\" data-widget_type=\"text-editor.default\">\n\t\t\t\t<div class=\"elementor-widget-container\">\n\t\t\t\t\t\t\t<ul><li>Svi elementi web stranice (uklju\u010duju\u0107i, ali ne ograni\u010davaju\u0107i se na dizajn, tekst, slike, HTML kod i druge kodove) su ili u vlasni\u0161tvu LLS centra ili se koriste pod licencom tre\u0107e strane.<\/li><li>Korisnici nemaju pravo da preprodaju, obra\u0111uju, dijele, distribuiraju, prikazuju ili reprodukuju usluge LLS Centra, informacije ili djela za\u0161ti\u0107ena autorskim pravima LLS Centra. Osim ako to izri\u010dito dozvoljava LLS Center, korisnici ne smiju reproducirati, obra\u0111ivati, distribuirati ili kreirati izvedena djela iz djela za\u0161ti\u0107enih autorskim pravima LLS Centra.<\/li><li>Osim ako nije izri\u010dito ovla\u0161ten od strane LLS Centra, sva prava na usluge LLS Centra, informacije, djela za\u0161ti\u0107ena autorskim pravima, \u017eigove, za\u0161titnu odje\u0107u ili drugu imovinu i informacije pru\u017eene putem web stranice zadr\u017eava LLS Centar.<\/li><\/ul>\t\t\t\t\t\t<\/div>\n\t\t\t\t<\/div>\n\t\t\t\t<div class=\"elementor-element elementor-element-6eb5d73 elementor-widget elementor-widget-heading\" data-id=\"6eb5d73\" data-element_type=\"widget\" data-widget_type=\"heading.default\">\n\t\t\t\t<div class=\"elementor-widget-container\">\n\t\t\t<h3 class=\"elementor-heading-title elementor-size-default\">Promjene Uslova kori\u0161tenja<\/h3>\t\t<\/div>\n\t\t\t\t<\/div>\n\t\t\t\t<div class=\"elementor-element elementor-element-54a0eb5 elementor-widget elementor-widget-text-editor\" data-id=\"54a0eb5\" data-element_type=\"widget\" data-widget_type=\"text-editor.default\">\n\t\t\t\t<div class=\"elementor-widget-container\">\n\t\t\t\t\t\t\t<ul><li>LLS Centar mo\u017ee promijeniti ove Uslove kori\u0161tenja u bilo koje vrijeme tako \u0161to \u0107e ih objaviti na aplikaciji i web stranici. Izmijenjene odredbe ovih Uslova kori\u0161tenja stupaju na snagu od dana objave. Korisnici se moraju odmah povinovati svim promjenama ili ispravkama koje zatra\u017ei LLS Centar. Ako se korisnici ne pridr\u017eavaju, sve nastale \u0161tete, odgovornosti i kazne su u potpunosti odgovornost korisnika.<\/li><\/ul>\t\t\t\t\t\t<\/div>\n\t\t\t\t<\/div>\n\t\t\t\t<div class=\"elementor-element elementor-element-3db00bb elementor-widget elementor-widget-heading\" data-id=\"3db00bb\" data-element_type=\"widget\" data-widget_type=\"heading.default\">\n\t\t\t\t<div class=\"elementor-widget-container\">\n\t\t\t<h3 class=\"elementor-heading-title elementor-size-default\">Vi\u0161a sila<\/h3>\t\t<\/div>\n\t\t\t\t<\/div>\n\t\t\t\t<div class=\"elementor-element elementor-element-1d1bdb1 elementor-widget elementor-widget-text-editor\" data-id=\"1d1bdb1\" data-element_type=\"widget\" data-widget_type=\"text-editor.default\">\n\t\t\t\t<div class=\"elementor-widget-container\">\n\t\t\t\t\t\t\t<ul><li>Doga\u0111aji vi\u0161e sile uklju\u010duju, ali nisu ograni\u010deni na, prirodne katastrofe, nemire, rat, \u0161trajkove, probleme u komunikaciji, kvarove na infrastrukturi i internetu, nestanke struje, te\u0161ke vremenske uvjete, epidemije ili pandemije koje su izvan razumne kontrole pogo\u0111ene strane i koje se ne mogu sprije\u010diti uprkos du\u017enoj pa\u017enji LLS Centra.<\/li><li>U slu\u010daju vi\u0161e sile, LLS Centar nije odgovoran za ka\u0161njenje u izvr\u0161enju ili neizvr\u0161avanje bilo koje od obaveza iz ovih Uslova kori\u0161\u0107enja ili Politike privatnosti. Takve situacije se ne\u0107e smatrati ka\u0161njenjem, neizvr\u0161avanjem ili ka\u0161njenjem, a LLS Centar ne\u0107e biti odgovoran za bilo kakvu nadoknadu.<\/li><\/ul>\t\t\t\t\t\t<\/div>\n\t\t\t\t<\/div>\n\t\t\t\t<div class=\"elementor-element elementor-element-802e955 elementor-widget elementor-widget-heading\" data-id=\"802e955\" data-element_type=\"widget\" data-widget_type=\"heading.default\">\n\t\t\t\t<div class=\"elementor-widget-container\">\n\t\t\t<h3 class=\"elementor-heading-title elementor-size-default\">Va\u017ee\u0107i zakon i nadle\u017enost<\/h3>\t\t<\/div>\n\t\t\t\t<\/div>\n\t\t\t\t<div class=\"elementor-element elementor-element-420736c elementor-widget elementor-widget-text-editor\" data-id=\"420736c\" data-element_type=\"widget\" data-widget_type=\"text-editor.default\">\n\t\t\t\t<div class=\"elementor-widget-container\">\n\t\t\t\t\t\t\t<ul><li>U implementaciji i tuma\u010denju ovih Uslova i upravljanju pravnim odnosima koji proisti\u010du iz ovih Uslova, primjenjivat \u0107e se turski zakon, a nadle\u017eni su sudovi i slu\u017ebe za izvr\u0161enje u Istanbulu.<\/li><\/ul>\t\t\t\t\t\t<\/div>\n\t\t\t\t<\/div>\n\t\t\t\t<div class=\"elementor-element elementor-element-f80e46c elementor-widget elementor-widget-heading\" data-id=\"f80e46c\" data-element_type=\"widget\" data-widget_type=\"heading.default\">\n\t\t\t\t<div class=\"elementor-widget-container\">\n\t\t\t<h3 class=\"elementor-heading-title elementor-size-default\">Valjanost i prihvatanje<\/h3>\t\t<\/div>\n\t\t\t\t<\/div>\n\t\t\t\t<div class=\"elementor-element elementor-element-a19d9e9 elementor-widget elementor-widget-text-editor\" data-id=\"a19d9e9\" data-element_type=\"widget\" data-widget_type=\"text-editor.default\">\n\t\t\t\t<div class=\"elementor-widget-container\">\n\t\t\t\t\t\t\t<p>Ovi Uslovi kori\u0161\u0107enja stupaju na snagu od dana kada ih LLS Centar objavi na veb stranici. Smatra se da su korisnici prihvatili ove uslove kori\u0161tenjem usluga i ponuda LLS Centra.<\/p>\t\t\t\t\t\t<\/div>\n\t\t\t\t<\/div>\n\t\t\t\t<div class=\"elementor-element elementor-element-71423c2 elementor-widget elementor-widget-heading\" data-id=\"71423c2\" data-element_type=\"widget\" data-widget_type=\"heading.default\">\n\t\t\t\t<div class=\"elementor-widget-container\">\n\t\t\t<h3 class=\"elementor-heading-title elementor-size-default\">Privatnost i sigurnost<\/h3>\t\t<\/div>\n\t\t\t\t<\/div>\n\t\t\t\t<div class=\"elementor-element elementor-element-42fb4e2 elementor-widget elementor-widget-text-editor\" data-id=\"42fb4e2\" data-element_type=\"widget\" data-widget_type=\"text-editor.default\">\n\t\t\t\t<div class=\"elementor-widget-container\">\n\t\t\t\t\t\t\t<p>Ova web stranica je intelektualno vlasni\u0161tvo LLS centra. Informacije na ovoj web stranici ne smiju se koristiti, umno\u017eavati, prenositi, distribuirati, prilago\u0111avati, prevoditi ili pohranjivati, u cijelosti ili djelimi\u010dno, bez dozvole LLS Centra.<\/p>\t\t\t\t\t\t<\/div>\n\t\t\t\t<\/div>\n\t\t\t\t<\/div>\n\t\t\t\t<\/div>\n\t\t\t\t\t<\/div>\n\t\t\t\t<\/div>\n\t\t\t\t<\/div>","protected":false},"excerpt":{"rendered":"<p>Privacy Policy Terms of Service, Cancellation\/Refund Conditions Agreement Please carefully read the following Terms of Use (\u201cTerms\u201d) before using the LLS Center website (\u201cWebsite\u201d). If you do not agree with these terms, you will not be able to use the LLS Center website and the services provided by LLS Center. Binding Agreement This is a [&hellip;]<\/p>","protected":false},"author":1,"featured_media":0,"parent":0,"menu_order":0,"comment_status":"closed","ping_status":"closed","template":"elementor_header_footer","meta":{"footnotes":""},"class_list":["post-241","page","type-page","status-publish","hentry"],"yoast_head":"<!-- This site is optimized with the Yoast SEO plugin v26.2 - https:\/\/yoast.com\/wordpress\/plugins\/seo\/ -->\n<title>Privacy Policy - LLS Center<\/title>\n<meta name=\"description\" content=\"Terms of Service, Cancellation\/Refund Conditions\" \/>\n<meta name=\"robots\" content=\"index, follow, max-snippet:-1, max-image-preview:large, max-video-preview:-1\" \/>\n<link rel=\"canonical\" href=\"https:\/\/llscenter.com\/bs\/politika-privatnosti\/\" \/>\n<meta property=\"og:locale\" content=\"bs_BA\" \/>\n<meta property=\"og:type\" content=\"article\" \/>\n<meta property=\"og:title\" content=\"Privacy Policy - LLS Center\" \/>\n<meta property=\"og:description\" content=\"Terms of Service, Cancellation\/Refund Conditions\" \/>\n<meta property=\"og:url\" content=\"https:\/\/llscenter.com\/bs\/politika-privatnosti\/\" \/>\n<meta property=\"og:site_name\" content=\"LLS Center\" \/>\n<meta property=\"article:modified_time\" content=\"2024-07-19T13:26:14+00:00\" \/>\n<meta name=\"twitter:card\" content=\"summary_large_image\" \/>\n<meta name=\"twitter:label1\" content=\"Est. reading time\" \/>\n\t<meta name=\"twitter:data1\" content=\"7 minuta\" \/>\n<script type=\"application\/ld+json\" class=\"yoast-schema-graph\">{\"@context\":\"https:\/\/schema.org\",\"@graph\":[{\"@type\":\"WebPage\",\"@id\":\"https:\/\/llscenter.com\/privacy-policy\/\",\"url\":\"https:\/\/llscenter.com\/privacy-policy\/\",\"name\":\"Privacy Policy - LLS Center\",\"isPartOf\":{\"@id\":\"https:\/\/llscenter.com\/#website\"},\"datePublished\":\"2024-07-19T13:12:27+00:00\",\"dateModified\":\"2024-07-19T13:26:14+00:00\",\"description\":\"Terms of Service, Cancellation\/Refund Conditions\",\"breadcrumb\":{\"@id\":\"https:\/\/llscenter.com\/privacy-policy\/#breadcrumb\"},\"inLanguage\":\"bs-BA\",\"potentialAction\":[{\"@type\":\"ReadAction\",\"target\":[\"https:\/\/llscenter.com\/privacy-policy\/\"]}]},{\"@type\":\"BreadcrumbList\",\"@id\":\"https:\/\/llscenter.com\/privacy-policy\/#breadcrumb\",\"itemListElement\":[{\"@type\":\"ListItem\",\"position\":1,\"name\":\"Anasayfa\",\"item\":\"https:\/\/llscenter.com\/\"},{\"@type\":\"ListItem\",\"position\":2,\"name\":\"Privacy Policy\"}]},{\"@type\":\"WebSite\",\"@id\":\"https:\/\/llscenter.com\/#website\",\"url\":\"https:\/\/llscenter.com\/\",\"name\":\"LLS Center\",\"description\":\"\",\"potentialAction\":[{\"@type\":\"SearchAction\",\"target\":{\"@type\":\"EntryPoint\",\"urlTemplate\":\"https:\/\/llscenter.com\/?s={search_term_string}\"},\"query-input\":{\"@type\":\"PropertyValueSpecification\",\"valueRequired\":true,\"valueName\":\"search_term_string\"}}],\"inLanguage\":\"bs-BA\"}]}<\/script>\n<!-- \/ Yoast SEO plugin. -->","yoast_head_json":{"title":"Privacy Policy - LLS Center","description":"Terms of Service, Cancellation\/Refund Conditions","robots":{"index":"index","follow":"follow","max-snippet":"max-snippet:-1","max-image-preview":"max-image-preview:large","max-video-preview":"max-video-preview:-1"},"canonical":"https:\/\/llscenter.com\/bs\/politika-privatnosti\/","og_locale":"bs_BA","og_type":"article","og_title":"Privacy Policy - LLS Center","og_description":"Terms of Service, Cancellation\/Refund Conditions","og_url":"https:\/\/llscenter.com\/bs\/politika-privatnosti\/","og_site_name":"LLS Center","article_modified_time":"2024-07-19T13:26:14+00:00","twitter_card":"summary_large_image","twitter_misc":{"Est. reading time":"7 minuta"},"schema":{"@context":"https:\/\/schema.org","@graph":[{"@type":"WebPage","@id":"https:\/\/llscenter.com\/privacy-policy\/","url":"https:\/\/llscenter.com\/privacy-policy\/","name":"Privacy Policy - LLS Center","isPartOf":{"@id":"https:\/\/llscenter.com\/#website"},"datePublished":"2024-07-19T13:12:27+00:00","dateModified":"2024-07-19T13:26:14+00:00","description":"Terms of Service, Cancellation\/Refund Conditions","breadcrumb":{"@id":"https:\/\/llscenter.com\/privacy-policy\/#breadcrumb"},"inLanguage":"bs-BA","potentialAction":[{"@type":"ReadAction","target":["https:\/\/llscenter.com\/privacy-policy\/"]}]},{"@type":"BreadcrumbList","@id":"https:\/\/llscenter.com\/privacy-policy\/#breadcrumb","itemListElement":[{"@type":"ListItem","position":1,"name":"Anasayfa","item":"https:\/\/llscenter.com\/"},{"@type":"ListItem","position":2,"name":"Privacy Policy"}]},{"@type":"WebSite","@id":"https:\/\/llscenter.com\/#website","url":"https:\/\/llscenter.com\/","name":"LLS Center","description":"","potentialAction":[{"@type":"SearchAction","target":{"@type":"EntryPoint","urlTemplate":"https:\/\/llscenter.com\/?s={search_term_string}"},"query-input":{"@type":"PropertyValueSpecification","valueRequired":true,"valueName":"search_term_string"}}],"inLanguage":"bs-BA"}]}},"_links":{"self":[{"href":"https:\/\/llscenter.com\/bs\/wp-json\/wp\/v2\/pages\/241","targetHints":{"allow":["GET"]}}],"collection":[{"href":"https:\/\/llscenter.com\/bs\/wp-json\/wp\/v2\/pages"}],"about":[{"href":"https:\/\/llscenter.com\/bs\/wp-json\/wp\/v2\/types\/page"}],"author":[{"embeddable":true,"href":"https:\/\/llscenter.com\/bs\/wp-json\/wp\/v2\/users\/1"}],"replies":[{"embeddable":true,"href":"https:\/\/llscenter.com\/bs\/wp-json\/wp\/v2\/comments?post=241"}],"version-history":[{"count":5,"href":"https:\/\/llscenter.com\/bs\/wp-json\/wp\/v2\/pages\/241\/revisions"}],"predecessor-version":[{"id":247,"href":"https:\/\/llscenter.com\/bs\/wp-json\/wp\/v2\/pages\/241\/revisions\/247"}],"wp:attachment":[{"href":"https:\/\/llscenter.com\/bs\/wp-json\/wp\/v2\/media?parent=241"}],"curies":[{"name":"wp","href":"https:\/\/api.w.org\/{rel}","templated":true}]}}