{"id":194,"date":"2024-07-19T10:28:43","date_gmt":"2024-07-19T07:28:43","guid":{"rendered":"http:\/\/lls-center.test\/?page_id=194"},"modified":"2024-07-23T10:57:37","modified_gmt":"2024-07-23T07:57:37","slug":"about-us","status":"publish","type":"page","link":"https:\/\/llscenter.com\/bs\/o-nama\/","title":{"rendered":"O nama"},"content":{"rendered":"<div data-elementor-type=\"wp-page\" data-elementor-id=\"194\" class=\"elementor elementor-194\" data-elementor-post-type=\"page\">\n\t\t\t\t<div class=\"elementor-element elementor-element-f480c8e e-flex e-con-boxed e-con e-parent\" data-id=\"f480c8e\" data-element_type=\"container\" data-settings=\"{&quot;background_background&quot;:&quot;classic&quot;}\">\n\t\t\t\t\t<div class=\"e-con-inner\">\n\t\t<div class=\"elementor-element elementor-element-a66c642 e-con-full e-flex e-con e-child\" data-id=\"a66c642\" data-element_type=\"container\">\n\t\t\t\t<div class=\"elementor-element elementor-element-6bb83a0 elementor-widget elementor-widget-heading\" data-id=\"6bb83a0\" data-element_type=\"widget\" data-widget_type=\"heading.default\">\n\t\t\t\t<div class=\"elementor-widget-container\">\n\t\t\t<h2 class=\"elementor-heading-title elementor-size-default\">O nama<\/h2>\t\t<\/div>\n\t\t\t\t<\/div>\n\t\t\t\t<div class=\"elementor-element elementor-element-ebe00b5 elementor-align-center elementor-widget elementor-widget-breadcrumbs\" data-id=\"ebe00b5\" data-element_type=\"widget\" data-widget_type=\"breadcrumbs.default\">\n\t\t\t\t<div class=\"elementor-widget-container\">\n\t\t\t<p id=\"breadcrumbs\"><span><span><a href=\"https:\/\/llscenter.com\/bs\/\">Anasayfa<\/a><\/span><\/span><\/p>\t\t<\/div>\n\t\t\t\t<\/div>\n\t\t\t\t<\/div>\n\t\t\t\t\t<\/div>\n\t\t\t\t<\/div>\n\t\t<div class=\"elementor-element elementor-element-9fbe151 e-flex e-con-boxed e-con e-parent\" data-id=\"9fbe151\" data-element_type=\"container\">\n\t\t\t\t\t<div class=\"e-con-inner\">\n\t\t<div class=\"elementor-element elementor-element-bd00bbb e-con-full e-flex e-con e-child\" data-id=\"bd00bbb\" data-element_type=\"container\">\n\t\t<div class=\"elementor-element elementor-element-311bd49 e-con-full e-flex e-con e-child\" data-id=\"311bd49\" data-element_type=\"container\">\n\t\t\t\t<div class=\"elementor-element elementor-element-eb834fa elementor-widget elementor-widget-heading\" data-id=\"eb834fa\" data-element_type=\"widget\" data-widget_type=\"heading.default\">\n\t\t\t\t<div class=\"elementor-widget-container\">\n\t\t\t<h2 class=\"elementor-heading-title elementor-size-default\">LLS CENTAR<\/h2>\t\t<\/div>\n\t\t\t\t<\/div>\n\t\t\t\t<div class=\"elementor-element elementor-element-83024b5 elementor-widget elementor-widget-heading\" data-id=\"83024b5\" data-element_type=\"widget\" data-widget_type=\"heading.default\">\n\t\t\t\t<div class=\"elementor-widget-container\">\n\t\t\t<h3 class=\"elementor-heading-title elementor-size-default\">Pouzdana usluga sa dugogodi\u0161njim iskustvom\n<\/h3>\t\t<\/div>\n\t\t\t\t<\/div>\n\t\t\t\t<div class=\"elementor-element elementor-element-63cf220 elementor-widget elementor-widget-text-editor\" data-id=\"63cf220\" data-element_type=\"widget\" data-widget_type=\"text-editor.default\">\n\t\t\t\t<div class=\"elementor-widget-container\">\n\t\t\t\t\t\t\t<p>Mi smo na vode\u0107oj poziciji u sektoru sa dugogodi\u0161njim iskustvom i znanjem.\u00a0<\/p><p>Nudimo savr\u0161enu uslugu u oblasti produ\u017eavanja ekstremiteta i \u010dizme sa na\u0161im stru\u010dnim timom i doktorima specijalistima.\u00a0<\/p><p>Kontinuirano smo pove\u0107avali stopu zadovoljstva primjenom uspje\u0161nih tretmana na hiljade pacijenata do danas.<\/p>\t\t\t\t\t\t<\/div>\n\t\t\t\t<\/div>\n\t\t\t\t<div class=\"elementor-element elementor-element-ab8594a elementor-widget elementor-widget-heading\" data-id=\"ab8594a\" data-element_type=\"widget\" data-widget_type=\"heading.default\">\n\t\t\t\t<div class=\"elementor-widget-container\">\n\t\t\t<h3 class=\"elementor-heading-title elementor-size-default\">Na\u0161 pristup radu orijentisan na zadovoljstvo kupaca<\/h3>\t\t<\/div>\n\t\t\t\t<\/div>\n\t\t\t\t<div class=\"elementor-element elementor-element-0ed9d9d elementor-widget elementor-widget-text-editor\" data-id=\"0ed9d9d\" data-element_type=\"widget\" data-widget_type=\"text-editor.default\">\n\t\t\t\t<div class=\"elementor-widget-container\">\n\t\t\t\t\t\t\t<p>Zadovoljstvo kupaca nam je uvijek na prvom mjestu. Svojim pristupom orijentiranim na ljude nastojimo razumjeti potrebe na\u0161ih pacijenata i ponuditi im najprikladnija rje\u0161enja.<\/p><p>Ponosni smo \u0161to smo dobili visoke ocjene u anketama o zadovoljstvu i \u0161to imamo pozitivan utjecaj na \u017eivote na\u0161ih pacijenata.<\/p>\t\t\t\t\t\t<\/div>\n\t\t\t\t<\/div>\n\t\t<div class=\"elementor-element elementor-element-b0ec1ac e-con-full e-flex e-con e-child\" data-id=\"b0ec1ac\" data-element_type=\"container\">\n\t\t<div class=\"elementor-element elementor-element-d43d348 e-con-full e-flex e-con e-child\" data-id=\"d43d348\" data-element_type=\"container\">\n\t\t\t\t<div class=\"elementor-element elementor-element-4da3a23 elementor-widget elementor-widget-counter\" data-id=\"4da3a23\" data-element_type=\"widget\" data-widget_type=\"counter.default\">\n\t\t\t\t<div class=\"elementor-widget-container\">\n\t\t\t\t\t<div class=\"elementor-counter\">\n\t\t\t<div class=\"elementor-counter-title\">Godine<\/div>\t\t\t<div class=\"elementor-counter-number-wrapper\">\n\t\t\t\t<span class=\"elementor-counter-number-prefix\"><\/span>\n\t\t\t\t<span class=\"elementor-counter-number\" data-duration=\"2000\" data-to-value=\"7\" data-from-value=\"0\">0<\/span>\n\t\t\t\t<span class=\"elementor-counter-number-suffix\"><\/span>\n\t\t\t<\/div>\n\t\t<\/div>\n\t\t\t\t<\/div>\n\t\t\t\t<\/div>\n\t\t\t\t<\/div>\n\t\t<div class=\"elementor-element elementor-element-13c9a5c e-con-full e-flex e-con e-child\" data-id=\"13c9a5c\" data-element_type=\"container\">\n\t\t\t\t<div class=\"elementor-element elementor-element-706cc1b elementor-widget elementor-widget-counter\" data-id=\"706cc1b\" data-element_type=\"widget\" data-widget_type=\"counter.default\">\n\t\t\t\t<div class=\"elementor-widget-container\">\n\t\t\t\t\t<div class=\"elementor-counter\">\n\t\t\t<div class=\"elementor-counter-title\">\u010clan tima<\/div>\t\t\t<div class=\"elementor-counter-number-wrapper\">\n\t\t\t\t<span class=\"elementor-counter-number-prefix\"><\/span>\n\t\t\t\t<span class=\"elementor-counter-number\" data-duration=\"2000\" data-to-value=\"50\" data-from-value=\"0\">0<\/span>\n\t\t\t\t<span class=\"elementor-counter-number-suffix\"><\/span>\n\t\t\t<\/div>\n\t\t<\/div>\n\t\t\t\t<\/div>\n\t\t\t\t<\/div>\n\t\t\t\t<\/div>\n\t\t<div class=\"elementor-element elementor-element-4781637 e-con-full e-flex e-con e-child\" data-id=\"4781637\" data-element_type=\"container\">\n\t\t\t\t<div class=\"elementor-element elementor-element-d3018fa elementor-widget elementor-widget-counter\" data-id=\"d3018fa\" data-element_type=\"widget\" data-widget_type=\"counter.default\">\n\t\t\t\t<div class=\"elementor-widget-container\">\n\t\t\t\t\t<div class=\"elementor-counter\">\n\t\t\t<div class=\"elementor-counter-title\">Pacijent<\/div>\t\t\t<div class=\"elementor-counter-number-wrapper\">\n\t\t\t\t<span class=\"elementor-counter-number-prefix\"><\/span>\n\t\t\t\t<span class=\"elementor-counter-number\" data-duration=\"2000\" data-to-value=\"752\" data-from-value=\"0\">0<\/span>\n\t\t\t\t<span class=\"elementor-counter-number-suffix\"><\/span>\n\t\t\t<\/div>\n\t\t<\/div>\n\t\t\t\t<\/div>\n\t\t\t\t<\/div>\n\t\t\t\t<\/div>\n\t\t\t\t<\/div>\n\t\t<div class=\"elementor-element elementor-element-005e4a9 e-con-full e-flex e-con e-child\" data-id=\"005e4a9\" data-element_type=\"container\">\n\t\t<div class=\"elementor-element elementor-element-a426303 e-flex e-con-boxed e-con e-child\" data-id=\"a426303\" data-element_type=\"container\">\n\t\t\t\t\t<div class=\"e-con-inner\">\n\t\t\t\t<div class=\"elementor-element elementor-element-c527d62 elementor-position-top elementor-widget elementor-widget-image-box\" data-id=\"c527d62\" data-element_type=\"widget\" data-widget_type=\"image-box.default\">\n\t\t\t\t<div class=\"elementor-widget-container\">\n\t\t\t<div class=\"elementor-image-box-wrapper\"><figure class=\"elementor-image-box-img\"><img decoding=\"async\" width=\"200\" height=\"200\" src=\"https:\/\/llscenter.com\/wp-content\/uploads\/2024\/07\/height.png\" class=\"attachment-full size-full wp-image-223\" alt=\"\" srcset=\"https:\/\/llscenter.com\/wp-content\/uploads\/2024\/07\/height.png 200w, https:\/\/llscenter.com\/wp-content\/uploads\/2024\/07\/height-150x150.png 150w, https:\/\/llscenter.com\/wp-content\/uploads\/2024\/07\/height-12x12.png 12w\" sizes=\"(max-width: 200px) 100vw, 200px\" \/><\/figure><div class=\"elementor-image-box-content\"><h3 class=\"elementor-image-box-title\">Ekstenzija ekstremiteta<\/h3><p class=\"elementor-image-box-description\">Zatvorite jaz u svojoj visini i \u017eivite ugodnijim \u017eivotom uz bezbolne i brze nehirur\u0161ke metode produ\u017eavanja ekstremiteta.<\/p><\/div><\/div>\t\t<\/div>\n\t\t\t\t<\/div>\n\t\t\t\t\t<\/div>\n\t\t\t\t<\/div>\n\t\t<div class=\"elementor-element elementor-element-d3ea8e6 e-flex e-con-boxed e-con e-child\" data-id=\"d3ea8e6\" data-element_type=\"container\">\n\t\t\t\t\t<div class=\"e-con-inner\">\n\t\t\t\t<div class=\"elementor-element elementor-element-2d8e260 elementor-position-top elementor-widget elementor-widget-image-box\" data-id=\"2d8e260\" data-element_type=\"widget\" data-widget_type=\"image-box.default\">\n\t\t\t\t<div class=\"elementor-widget-container\">\n\t\t\t<div class=\"elementor-image-box-wrapper\"><figure class=\"elementor-image-box-img\"><img decoding=\"async\" width=\"200\" height=\"200\" src=\"https:\/\/llscenter.com\/wp-content\/uploads\/2024\/07\/height-1.png\" class=\"attachment-full size-full wp-image-227\" alt=\"\" srcset=\"https:\/\/llscenter.com\/wp-content\/uploads\/2024\/07\/height-1.png 200w, https:\/\/llscenter.com\/wp-content\/uploads\/2024\/07\/height-1-150x150.png 150w, https:\/\/llscenter.com\/wp-content\/uploads\/2024\/07\/height-1-12x12.png 12w\" sizes=\"(max-width: 200px) 100vw, 200px\" \/><\/figure><div class=\"elementor-image-box-content\"><h3 class=\"elementor-image-box-title\">Height Extension<\/h3><p class=\"elementor-image-box-description\">Sigurne operacije produ\u017eavanja s najsuvremenijim ure\u0111ajima za regulaciju omjera visine i postizanje \u017eeljene visine.<\/p><\/div><\/div>\t\t<\/div>\n\t\t\t\t<\/div>\n\t\t\t\t\t<\/div>\n\t\t\t\t<\/div>\n\t\t<div class=\"elementor-element elementor-element-f0a1296 e-flex e-con-boxed e-con e-child\" data-id=\"f0a1296\" data-element_type=\"container\">\n\t\t\t\t\t<div class=\"e-con-inner\">\n\t\t\t\t<div class=\"elementor-element elementor-element-517ae0c elementor-position-top elementor-widget elementor-widget-image-box\" data-id=\"517ae0c\" data-element_type=\"widget\" data-widget_type=\"image-box.default\">\n\t\t\t\t<div class=\"elementor-widget-container\">\n\t\t\t<div class=\"elementor-image-box-wrapper\"><figure class=\"elementor-image-box-img\"><img decoding=\"async\" width=\"200\" height=\"200\" src=\"https:\/\/llscenter.com\/wp-content\/uploads\/2024\/07\/solutions.png\" class=\"attachment-full size-full wp-image-229\" alt=\"\" srcset=\"https:\/\/llscenter.com\/wp-content\/uploads\/2024\/07\/solutions.png 200w, https:\/\/llscenter.com\/wp-content\/uploads\/2024\/07\/solutions-150x150.png 150w, https:\/\/llscenter.com\/wp-content\/uploads\/2024\/07\/solutions-12x12.png 12w\" sizes=\"(max-width: 200px) 100vw, 200px\" \/><\/figure><div class=\"elementor-image-box-content\"><h3 class=\"elementor-image-box-title\">Prilago\u0111ena rje\u0161enja<\/h3><p class=\"elementor-image-box-description\">Postignite najbolje rezultate uz personalizirane planove lije\u010denja za svakog pacijenta i na\u0161e stru\u010dne konsultante.<\/p><\/div><\/div>\t\t<\/div>\n\t\t\t\t<\/div>\n\t\t\t\t\t<\/div>\n\t\t\t\t<\/div>\n\t\t\t\t<\/div>\n\t\t<div class=\"elementor-element elementor-element-ed4954e e-con-full e-flex e-con e-child\" data-id=\"ed4954e\" data-element_type=\"container\">\n\t\t\t\t<div class=\"elementor-element elementor-element-e41d6f4 elementor-widget elementor-widget-text-editor\" data-id=\"e41d6f4\" data-element_type=\"widget\" data-widget_type=\"text-editor.default\">\n\t\t\t\t<div class=\"elementor-widget-container\">\n\t\t\t\t\t\t\t<p>LLS centar je me\u0111u vode\u0107im zdravstvenim centrima u oblasti produ\u017eavanja udova i \u010dizama. Na\u0161a misija je pomo\u0107i na\u0161im pacijentima da pove\u0107aju svoju visinu najnaprednijim i najpouzdanijim metodama, omogu\u0107avaju\u0107i im da vode aktivniji i sretniji \u017eivot.<\/p><p>Zajedno sa na\u0161im stru\u010dnim osobljem i iskusnim kirurzima, koristimo znanje i iskustvo koje smo godinama sticali u ovoj oblasti pru\u017eaju\u0107i najkvalitetnije usluge na\u0161im pacijentima.<\/p><p>Produ\u017eenje ekstremiteta nudi rje\u0161enje za osobe koje imaju razlike u visini zbog genetskih faktora, slu\u010dajnog gubitka ekstremiteta ili drugih razloga. Kao LLS centar, koristimo nehirur\u0161ke tehnike produ\u017eavanja ekstremiteta kako bismo pobolj\u0161ali kvalitetu \u017eivota na\u0161ih pacijenata i olak\u0161ali njihove svakodnevne aktivnosti. Na ovaj na\u010din na\u0161i pacijenti mogu do\u017eivjeti bezbolan i brz proces produ\u017eavanja ekstremiteta.<\/p><p>Produ\u017eenje visine je metoda koja se primjenjuje za ispravljanje neravnote\u017ee u visinskim odnosima i za postizanje \u017eeljene visine osobe. Kao LLS centar, koristimo najsavremenije implantate i ure\u0111aje za bezbedno i efikasno izvo\u0111enje operacija produ\u017eavanja \u010dizme na\u0161ih pacijenata. Redovno pratimo zdravstveno stanje na\u0161ih pacijenata nakon operacije i osiguravamo da posti\u017eu najbolje rezultate.<\/p>\t\t\t\t\t\t<\/div>\n\t\t\t\t<\/div>\n\t\t<div class=\"elementor-element elementor-element-d2a7448 e-con-full e-flex e-con e-child\" data-id=\"d2a7448\" data-element_type=\"container\">\n\t\t<div class=\"elementor-element elementor-element-e46f589 e-flex e-con-boxed e-con e-child\" data-id=\"e46f589\" data-element_type=\"container\">\n\t\t\t\t\t<div class=\"e-con-inner\">\n\t\t\t\t<div class=\"elementor-element elementor-element-dbeb867 elementor-position-left elementor-vertical-align-middle elementor-widget elementor-widget-image-box\" data-id=\"dbeb867\" data-element_type=\"widget\" data-widget_type=\"image-box.default\">\n\t\t\t\t<div class=\"elementor-widget-container\">\n\t\t\t<div class=\"elementor-image-box-wrapper\"><figure class=\"elementor-image-box-img\"><img loading=\"lazy\" decoding=\"async\" width=\"200\" height=\"200\" src=\"https:\/\/llscenter.com\/wp-content\/uploads\/2024\/07\/talk.png\" class=\"attachment-full size-full wp-image-69\" alt=\"\" srcset=\"https:\/\/llscenter.com\/wp-content\/uploads\/2024\/07\/talk.png 200w, https:\/\/llscenter.com\/wp-content\/uploads\/2024\/07\/talk-150x150.png 150w, https:\/\/llscenter.com\/wp-content\/uploads\/2024\/07\/talk-12x12.png 12w\" sizes=\"(max-width: 200px) 100vw, 200px\" \/><\/figure><div class=\"elementor-image-box-content\"><h3 class=\"elementor-image-box-title\">Free Consultancy<\/h3><p class=\"elementor-image-box-description\">Iskoristite na\u0161u besplatnu konsultantsku uslugu da odgovorite na va\u0161a pitanja, ponudite prilago\u0111ena rje\u0161enja i u\u010dinite svoj \u017eivot lak\u0161im uz pravo vodstvo.<\/p><\/div><\/div>\t\t<\/div>\n\t\t\t\t<\/div>\n\t\t\t\t<div class=\"elementor-element elementor-element-3465627 elementor-position-left elementor-vertical-align-middle elementor-widget elementor-widget-image-box\" data-id=\"3465627\" data-element_type=\"widget\" data-widget_type=\"image-box.default\">\n\t\t\t\t<div class=\"elementor-widget-container\">\n\t\t\t<div class=\"elementor-image-box-wrapper\"><figure class=\"elementor-image-box-img\"><img loading=\"lazy\" decoding=\"async\" width=\"200\" height=\"200\" src=\"https:\/\/llscenter.com\/wp-content\/uploads\/2024\/07\/accommodation.png\" class=\"attachment-full size-full wp-image-86\" alt=\"\" srcset=\"https:\/\/llscenter.com\/wp-content\/uploads\/2024\/07\/accommodation.png 200w, https:\/\/llscenter.com\/wp-content\/uploads\/2024\/07\/accommodation-150x150.png 150w, https:\/\/llscenter.com\/wp-content\/uploads\/2024\/07\/accommodation-12x12.png 12w\" sizes=\"(max-width: 200px) 100vw, 200px\" \/><\/figure><div class=\"elementor-image-box-content\"><h3 class=\"elementor-image-box-title\">Smje\u0161taj<\/h3><p class=\"elementor-image-box-description\">\u017delimo vam dobrodo\u0161licu s na\u0161im ekskluzivnim hotelima i alternativama smje\u0161taja za nezaboravna iskustva i ugodan boravak. Odaberite nas za miran i luksuzan smje\u0161taj.<\/p><\/div><\/div>\t\t<\/div>\n\t\t\t\t<\/div>\n\t\t\t\t\t<\/div>\n\t\t\t\t<\/div>\n\t\t<div class=\"elementor-element elementor-element-b850ce6 e-flex e-con-boxed e-con e-child\" data-id=\"b850ce6\" data-element_type=\"container\">\n\t\t\t\t\t<div class=\"e-con-inner\">\n\t\t\t\t<div class=\"elementor-element elementor-element-7ab5593 elementor-position-left elementor-vertical-align-middle elementor-widget elementor-widget-image-box\" data-id=\"7ab5593\" data-element_type=\"widget\" data-widget_type=\"image-box.default\">\n\t\t\t\t<div class=\"elementor-widget-container\">\n\t\t\t<div class=\"elementor-image-box-wrapper\"><figure class=\"elementor-image-box-img\"><img loading=\"lazy\" decoding=\"async\" width=\"200\" height=\"200\" src=\"https:\/\/llscenter.com\/wp-content\/uploads\/2024\/07\/vip.png\" class=\"attachment-full size-full wp-image-213\" alt=\"\" srcset=\"https:\/\/llscenter.com\/wp-content\/uploads\/2024\/07\/vip.png 200w, https:\/\/llscenter.com\/wp-content\/uploads\/2024\/07\/vip-150x150.png 150w, https:\/\/llscenter.com\/wp-content\/uploads\/2024\/07\/vip-12x12.png 12w\" sizes=\"(max-width: 200px) 100vw, 200px\" \/><\/figure><div class=\"elementor-image-box-content\"><h3 class=\"elementor-image-box-title\">VIP transport<\/h3><p class=\"elementor-image-box-description\">U\u017eivajte u udobnosti svog putovanja uz na\u0161u ekskluzivnu uslugu VIP prijevoza i stignite na odredi\u0161te s na\u0161im luksuznim vozilima pa\u017eljivo dizajniranim za va\u0161u udobnost.<\/p><\/div><\/div>\t\t<\/div>\n\t\t\t\t<\/div>\n\t\t\t\t<div class=\"elementor-element elementor-element-53b2ea4 elementor-position-left elementor-vertical-align-middle elementor-widget elementor-widget-image-box\" data-id=\"53b2ea4\" data-element_type=\"widget\" data-widget_type=\"image-box.default\">\n\t\t\t\t<div class=\"elementor-widget-container\">\n\t\t\t<div class=\"elementor-image-box-wrapper\"><figure class=\"elementor-image-box-img\"><img loading=\"lazy\" decoding=\"async\" width=\"200\" height=\"200\" src=\"https:\/\/llscenter.com\/wp-content\/uploads\/2024\/07\/management-service.png\" class=\"attachment-full size-full wp-image-214\" alt=\"\" srcset=\"https:\/\/llscenter.com\/wp-content\/uploads\/2024\/07\/management-service.png 200w, https:\/\/llscenter.com\/wp-content\/uploads\/2024\/07\/management-service-150x150.png 150w, https:\/\/llscenter.com\/wp-content\/uploads\/2024\/07\/management-service-12x12.png 12w\" sizes=\"(max-width: 200px) 100vw, 200px\" \/><\/figure><div class=\"elementor-image-box-content\"><h3 class=\"elementor-image-box-title\">Ostale usluge<\/h3><p class=\"elementor-image-box-description\">Olak\u0161avamo vam \u017eivot uz na\u0161e druge posebne usluge. U\u010dinite svoj \u017eivot ugodnijim uz na\u0161e razli\u010dite opcije usluga koje mo\u017eete zatra\u017eiti.<\/p><\/div><\/div>\t\t<\/div>\n\t\t\t\t<\/div>\n\t\t\t\t\t<\/div>\n\t\t\t\t<\/div>\n\t\t\t\t<\/div>\n\t\t\t\t<\/div>\n\t\t\t\t<\/div>\n\t\t\t\t<\/div>\n\t\t\t\t\t<\/div>\n\t\t\t\t<\/div>\n\t\t\t\t<\/div>","protected":false},"excerpt":{"rendered":"<p>Nudimo savr\u0161enu uslugu u oblasti produ\u017eavanja ekstremiteta i \u010dizme sa na\u0161im stru\u010dnim timom i doktorima specijalistima.<\/p>","protected":false},"author":1,"featured_media":0,"parent":0,"menu_order":0,"comment_status":"closed","ping_status":"closed","template":"elementor_header_footer","meta":{"footnotes":""},"class_list":["post-194","page","type-page","status-publish","hentry"],"yoast_head":"<!-- This site is optimized with the Yoast SEO plugin v26.2 - https:\/\/yoast.com\/wordpress\/plugins\/seo\/ -->\n<title>About Us - LLS Center<\/title>\n<meta name=\"description\" content=\"We offer perfect service in the field of limb and boot lengthening with our professional team and specialist doctors.\" \/>\n<meta name=\"robots\" content=\"index, follow, max-snippet:-1, max-image-preview:large, max-video-preview:-1\" \/>\n<link rel=\"canonical\" href=\"https:\/\/llscenter.com\/bs\/o-nama\/\" \/>\n<meta property=\"og:locale\" content=\"bs_BA\" \/>\n<meta property=\"og:type\" content=\"article\" \/>\n<meta property=\"og:title\" content=\"About Us - LLS Center\" \/>\n<meta property=\"og:description\" content=\"We offer perfect service in the field of limb and boot lengthening with our professional team and specialist doctors.\" \/>\n<meta property=\"og:url\" content=\"https:\/\/llscenter.com\/bs\/o-nama\/\" \/>\n<meta property=\"og:site_name\" content=\"LLS Center\" \/>\n<meta property=\"article:modified_time\" content=\"2024-07-23T07:57:37+00:00\" \/>\n<meta property=\"og:image\" content=\"https:\/\/llscenter.com\/wp-content\/uploads\/2024\/07\/height.png\" \/>\n<meta name=\"twitter:card\" content=\"summary_large_image\" \/>\n<meta name=\"twitter:label1\" content=\"Est. reading time\" \/>\n\t<meta name=\"twitter:data1\" content=\"4 minute\" \/>\n<script type=\"application\/ld+json\" class=\"yoast-schema-graph\">{\"@context\":\"https:\/\/schema.org\",\"@graph\":[{\"@type\":\"WebPage\",\"@id\":\"https:\/\/llscenter.com\/about-us\/\",\"url\":\"https:\/\/llscenter.com\/about-us\/\",\"name\":\"About Us - LLS Center\",\"isPartOf\":{\"@id\":\"https:\/\/llscenter.com\/#website\"},\"primaryImageOfPage\":{\"@id\":\"https:\/\/llscenter.com\/about-us\/#primaryimage\"},\"image\":{\"@id\":\"https:\/\/llscenter.com\/about-us\/#primaryimage\"},\"thumbnailUrl\":\"https:\/\/llscenter.com\/wp-content\/uploads\/2024\/07\/height.png\",\"datePublished\":\"2024-07-19T07:28:43+00:00\",\"dateModified\":\"2024-07-23T07:57:37+00:00\",\"description\":\"We offer perfect service in the field of limb and boot lengthening with our professional team and specialist doctors.\",\"breadcrumb\":{\"@id\":\"https:\/\/llscenter.com\/about-us\/#breadcrumb\"},\"inLanguage\":\"bs-BA\",\"potentialAction\":[{\"@type\":\"ReadAction\",\"target\":[\"https:\/\/llscenter.com\/about-us\/\"]}]},{\"@type\":\"ImageObject\",\"inLanguage\":\"bs-BA\",\"@id\":\"https:\/\/llscenter.com\/about-us\/#primaryimage\",\"url\":\"https:\/\/llscenter.com\/wp-content\/uploads\/2024\/07\/height.png\",\"contentUrl\":\"https:\/\/llscenter.com\/wp-content\/uploads\/2024\/07\/height.png\"},{\"@type\":\"BreadcrumbList\",\"@id\":\"https:\/\/llscenter.com\/about-us\/#breadcrumb\",\"itemListElement\":[{\"@type\":\"ListItem\",\"position\":1,\"name\":\"Anasayfa\",\"item\":\"https:\/\/llscenter.com\/\"},{\"@type\":\"ListItem\",\"position\":2,\"name\":\"About Us\"}]},{\"@type\":\"WebSite\",\"@id\":\"https:\/\/llscenter.com\/#website\",\"url\":\"https:\/\/llscenter.com\/\",\"name\":\"LLS Center\",\"description\":\"\",\"potentialAction\":[{\"@type\":\"SearchAction\",\"target\":{\"@type\":\"EntryPoint\",\"urlTemplate\":\"https:\/\/llscenter.com\/?s={search_term_string}\"},\"query-input\":{\"@type\":\"PropertyValueSpecification\",\"valueRequired\":true,\"valueName\":\"search_term_string\"}}],\"inLanguage\":\"bs-BA\"}]}<\/script>\n<!-- \/ Yoast SEO plugin. -->","yoast_head_json":{"title":"About Us - LLS Center","description":"We offer perfect service in the field of limb and boot lengthening with our professional team and specialist doctors.","robots":{"index":"index","follow":"follow","max-snippet":"max-snippet:-1","max-image-preview":"max-image-preview:large","max-video-preview":"max-video-preview:-1"},"canonical":"https:\/\/llscenter.com\/bs\/o-nama\/","og_locale":"bs_BA","og_type":"article","og_title":"About Us - LLS Center","og_description":"We offer perfect service in the field of limb and boot lengthening with our professional team and specialist doctors.","og_url":"https:\/\/llscenter.com\/bs\/o-nama\/","og_site_name":"LLS Center","article_modified_time":"2024-07-23T07:57:37+00:00","og_image":[{"url":"https:\/\/llscenter.com\/wp-content\/uploads\/2024\/07\/height.png","type":"","width":"","height":""}],"twitter_card":"summary_large_image","twitter_misc":{"Est. reading time":"4 minute"},"schema":{"@context":"https:\/\/schema.org","@graph":[{"@type":"WebPage","@id":"https:\/\/llscenter.com\/about-us\/","url":"https:\/\/llscenter.com\/about-us\/","name":"About Us - LLS Center","isPartOf":{"@id":"https:\/\/llscenter.com\/#website"},"primaryImageOfPage":{"@id":"https:\/\/llscenter.com\/about-us\/#primaryimage"},"image":{"@id":"https:\/\/llscenter.com\/about-us\/#primaryimage"},"thumbnailUrl":"https:\/\/llscenter.com\/wp-content\/uploads\/2024\/07\/height.png","datePublished":"2024-07-19T07:28:43+00:00","dateModified":"2024-07-23T07:57:37+00:00","description":"We offer perfect service in the field of limb and boot lengthening with our professional team and specialist doctors.","breadcrumb":{"@id":"https:\/\/llscenter.com\/about-us\/#breadcrumb"},"inLanguage":"bs-BA","potentialAction":[{"@type":"ReadAction","target":["https:\/\/llscenter.com\/about-us\/"]}]},{"@type":"ImageObject","inLanguage":"bs-BA","@id":"https:\/\/llscenter.com\/about-us\/#primaryimage","url":"https:\/\/llscenter.com\/wp-content\/uploads\/2024\/07\/height.png","contentUrl":"https:\/\/llscenter.com\/wp-content\/uploads\/2024\/07\/height.png"},{"@type":"BreadcrumbList","@id":"https:\/\/llscenter.com\/about-us\/#breadcrumb","itemListElement":[{"@type":"ListItem","position":1,"name":"Anasayfa","item":"https:\/\/llscenter.com\/"},{"@type":"ListItem","position":2,"name":"About Us"}]},{"@type":"WebSite","@id":"https:\/\/llscenter.com\/#website","url":"https:\/\/llscenter.com\/","name":"LLS Center","description":"","potentialAction":[{"@type":"SearchAction","target":{"@type":"EntryPoint","urlTemplate":"https:\/\/llscenter.com\/?s={search_term_string}"},"query-input":{"@type":"PropertyValueSpecification","valueRequired":true,"valueName":"search_term_string"}}],"inLanguage":"bs-BA"}]}},"_links":{"self":[{"href":"https:\/\/llscenter.com\/bs\/wp-json\/wp\/v2\/pages\/194","targetHints":{"allow":["GET"]}}],"collection":[{"href":"https:\/\/llscenter.com\/bs\/wp-json\/wp\/v2\/pages"}],"about":[{"href":"https:\/\/llscenter.com\/bs\/wp-json\/wp\/v2\/types\/page"}],"author":[{"embeddable":true,"href":"https:\/\/llscenter.com\/bs\/wp-json\/wp\/v2\/users\/1"}],"replies":[{"embeddable":true,"href":"https:\/\/llscenter.com\/bs\/wp-json\/wp\/v2\/comments?post=194"}],"version-history":[{"count":22,"href":"https:\/\/llscenter.com\/bs\/wp-json\/wp\/v2\/pages\/194\/revisions"}],"predecessor-version":[{"id":512,"href":"https:\/\/llscenter.com\/bs\/wp-json\/wp\/v2\/pages\/194\/revisions\/512"}],"wp:attachment":[{"href":"https:\/\/llscenter.com\/bs\/wp-json\/wp\/v2\/media?parent=194"}],"curies":[{"name":"wp","href":"https:\/\/api.w.org\/{rel}","templated":true}]}}